{"id":823,"date":"2024-10-14T20:58:49","date_gmt":"2024-10-14T20:58:49","guid":{"rendered":"https:\/\/renacereditorial.cl\/?page_id=823"},"modified":"2024-10-23T19:30:49","modified_gmt":"2024-10-23T19:30:49","slug":"las-7-aventuras-de-maximium","status":"publish","type":"page","link":"https:\/\/renacereditorial.cl\/index.php\/las-7-aventuras-de-maximium\/","title":{"rendered":"Las 7 aventuras de Maximium"},"content":{"rendered":"<style>.kb-row-layout-id823_ed12d7-84 > .kt-row-column-wrap{align-content:start;}:where(.kb-row-layout-id823_ed12d7-84 > .kt-row-column-wrap) > .wp-block-kadence-column{justify-content:start;}.kb-row-layout-id823_ed12d7-84 > .kt-row-column-wrap{column-gap:var(--global-kb-gap-md, 2rem);row-gap:var(--global-kb-gap-md, 2rem);max-width:var( --global-content-width, 1290px );padding-left:var(--global-content-edge-padding);padding-right:var(--global-content-edge-padding);padding-top:116px;padding-bottom:60px;grid-template-columns:minmax(0, 1fr);}.kb-row-layout-id823_ed12d7-84 > .kt-row-layout-overlay{opacity:0.30;}@media all and (max-width: 1024px){.kb-row-layout-id823_ed12d7-84 > .kt-row-column-wrap{padding-top:60px;grid-template-columns:minmax(0, 1fr);}}@media all and (max-width: 767px){.kb-row-layout-id823_ed12d7-84 > .kt-row-column-wrap{padding-top:140px;grid-template-columns:minmax(0, 1fr);}}<\/style><div class=\"kb-row-layout-wrap kb-row-layout-id823_ed12d7-84 alignnone has-theme-palette8-background-color kt-row-has-bg wp-block-kadence-rowlayout\"><div class=\"kt-row-column-wrap kt-has-1-columns kt-row-layout-equal kt-tab-layout-inherit kt-mobile-layout-row kt-row-valign-top kb-theme-content-width\">\n<style>.kadence-column823_30b67a-36 > .kt-inside-inner-col,.kadence-column823_30b67a-36 > .kt-inside-inner-col:before{border-top-left-radius:0px;border-top-right-radius:0px;border-bottom-right-radius:0px;border-bottom-left-radius:0px;}.kadence-column823_30b67a-36 > .kt-inside-inner-col{column-gap:var(--global-kb-gap-sm, 1rem);}.kadence-column823_30b67a-36 > .kt-inside-inner-col{flex-direction:column;}.kadence-column823_30b67a-36 > .kt-inside-inner-col > .aligncenter{width:100%;}.kadence-column823_30b67a-36 > .kt-inside-inner-col:before{opacity:0.3;}.kadence-column823_30b67a-36{position:relative;}@media all and (max-width: 1024px){.kadence-column823_30b67a-36 > .kt-inside-inner-col{flex-direction:column;}}@media all and (max-width: 767px){.kadence-column823_30b67a-36 > .kt-inside-inner-col{flex-direction:column;}}<\/style>\n<div class=\"wp-block-kadence-column kadence-column823_30b67a-36 inner-column-1\"><div class=\"kt-inside-inner-col\"><style>.kb-row-layout-id823_3ed5d6-fd > .kt-row-column-wrap{align-content:start;}:where(.kb-row-layout-id823_3ed5d6-fd > .kt-row-column-wrap) > .wp-block-kadence-column{justify-content:start;}.kb-row-layout-id823_3ed5d6-fd > .kt-row-column-wrap{column-gap:var(--global-kb-gap-md, 2rem);row-gap:var(--global-kb-gap-md, 2rem);max-width:600px;margin-left:auto;margin-right:auto;padding-top:0px;padding-bottom:0px;grid-template-columns:minmax(0, 1fr);}.kb-row-layout-id823_3ed5d6-fd > .kt-row-layout-overlay{opacity:0.30;}@media all and (max-width: 1024px){.kb-row-layout-id823_3ed5d6-fd > .kt-row-column-wrap{max-width:600px;margin-left:auto;margin-right:auto;grid-template-columns:minmax(0, 1fr);}}@media all and (max-width: 767px){.kb-row-layout-id823_3ed5d6-fd > .kt-row-column-wrap{grid-template-columns:minmax(0, 1fr);}}<\/style><div class=\"kb-row-layout-wrap kb-row-layout-id823_3ed5d6-fd alignnone wp-block-kadence-rowlayout\"><div class=\"kt-row-column-wrap kt-has-1-columns kt-row-layout-equal kt-tab-layout-inherit kt-mobile-layout-row kt-row-valign-top\">\n<style>.kadence-column823_405f69-aa > .kt-inside-inner-col,.kadence-column823_405f69-aa > .kt-inside-inner-col:before{border-top-left-radius:0px;border-top-right-radius:0px;border-bottom-right-radius:0px;border-bottom-left-radius:0px;}.kadence-column823_405f69-aa > .kt-inside-inner-col{column-gap:var(--global-kb-gap-sm, 1rem);}.kadence-column823_405f69-aa > .kt-inside-inner-col{flex-direction:column;}.kadence-column823_405f69-aa > .kt-inside-inner-col > .aligncenter{width:100%;}.kadence-column823_405f69-aa > .kt-inside-inner-col:before{opacity:0.3;}.kadence-column823_405f69-aa{position:relative;}@media all and (max-width: 1024px){.kadence-column823_405f69-aa > .kt-inside-inner-col{flex-direction:column;}}@media all and (max-width: 767px){.kadence-column823_405f69-aa > .kt-inside-inner-col{flex-direction:column;}}<\/style>\n<div class=\"wp-block-kadence-column kadence-column823_405f69-aa inner-column-1\"><div class=\"kt-inside-inner-col\"><style>.wp-block-kadence-advancedheading.kt-adv-heading823_917649-50, .wp-block-kadence-advancedheading.kt-adv-heading823_917649-50[data-kb-block=\"kb-adv-heading823_917649-50\"]{margin-bottom:20px;text-align:center;font-size:70px;line-height:70px;font-style:normal;}.wp-block-kadence-advancedheading.kt-adv-heading823_917649-50 mark.kt-highlight, .wp-block-kadence-advancedheading.kt-adv-heading823_917649-50[data-kb-block=\"kb-adv-heading823_917649-50\"] mark.kt-highlight{font-style:normal;color:#f76a0c;-webkit-box-decoration-break:clone;box-decoration-break:clone;padding-top:0px;padding-right:0px;padding-bottom:0px;padding-left:0px;}@media all and (max-width: 1024px){.wp-block-kadence-advancedheading.kt-adv-heading823_917649-50, .wp-block-kadence-advancedheading.kt-adv-heading823_917649-50[data-kb-block=\"kb-adv-heading823_917649-50\"]{font-size:55px;}}@media all and (max-width: 767px){.wp-block-kadence-advancedheading.kt-adv-heading823_917649-50, .wp-block-kadence-advancedheading.kt-adv-heading823_917649-50[data-kb-block=\"kb-adv-heading823_917649-50\"]{font-size:45px;}}<\/style>\n<h1 class=\"kt-adv-heading823_917649-50 wp-block-kadence-advancedheading\" data-kb-block=\"kb-adv-heading823_917649-50\">Las 7 Aventuras de Maximum<\/h1>\n<\/div><\/div>\n\n<\/div><\/div><\/div><\/div>\n\n<\/div><\/div>\n\n<style>.wp-block-kadence-spacer.kt-block-spacer-823_d136dd-6e .kt-block-spacer{height:75px;}.wp-block-kadence-spacer.kt-block-spacer-823_d136dd-6e .kt-divider{border-top-width:1px;height:1px;border-top-color:#eee;width:80%;border-top-style:solid;}<\/style>\n<div class=\"wp-block-kadence-spacer aligncenter kt-block-spacer-823_d136dd-6e\"><div class=\"kt-block-spacer kt-block-spacer-halign-center\"><hr class=\"kt-divider\"\/><\/div><\/div>\n\n\n\n<div class=\"wp-block-columns is-layout-flex wp-container-core-columns-is-layout-9d6595d7 wp-block-columns-is-layout-flex\">\n<div class=\"wp-block-column is-layout-flow wp-block-column-is-layout-flow\" style=\"flex-basis:33.33%\"><style>.kb-image823_05134e-0c.kb-image-is-ratio-size, .kb-image823_05134e-0c .kb-image-is-ratio-size{max-width:288px;width:100%;}.wp-block-kadence-column > .kt-inside-inner-col > .kb-image823_05134e-0c.kb-image-is-ratio-size, .wp-block-kadence-column > .kt-inside-inner-col > .kb-image823_05134e-0c .kb-image-is-ratio-size{align-self:unset;}.kb-image823_05134e-0c{max-width:288px;}.image-is-svg.kb-image823_05134e-0c{-webkit-flex:0 1 100%;flex:0 1 100%;}.image-is-svg.kb-image823_05134e-0c img{width:100%;}.kb-image823_05134e-0c .kb-image-has-overlay:after{opacity:0.3;}<\/style>\n<figure class=\"wp-block-kadence-image kb-image823_05134e-0c size-large\"><img loading=\"lazy\" decoding=\"async\" width=\"784\" height=\"1024\" src=\"https:\/\/renacereditorial.cl\/wp-content\/uploads\/2024\/10\/7aventuras-784x1024.jpg\" alt=\"\" class=\"kb-img wp-image-825\" srcset=\"https:\/\/renacereditorial.cl\/wp-content\/uploads\/2024\/10\/7aventuras-784x1024.jpg 784w, https:\/\/renacereditorial.cl\/wp-content\/uploads\/2024\/10\/7aventuras-230x300.jpg 230w, https:\/\/renacereditorial.cl\/wp-content\/uploads\/2024\/10\/7aventuras-768x1003.jpg 768w, https:\/\/renacereditorial.cl\/wp-content\/uploads\/2024\/10\/7aventuras.jpg 840w\" sizes=\"auto, (max-width: 784px) 100vw, 784px\" \/><\/figure>\n<\/div>\n\n\n\n<div class=\"wp-block-column is-layout-flow wp-block-column-is-layout-flow\" style=\"flex-basis:66.66%\"><style>.wp-block-kadence-advancedheading.kt-adv-heading823_2f73fe-1b, .wp-block-kadence-advancedheading.kt-adv-heading823_2f73fe-1b[data-kb-block=\"kb-adv-heading823_2f73fe-1b\"]{font-style:normal;}.wp-block-kadence-advancedheading.kt-adv-heading823_2f73fe-1b mark.kt-highlight, .wp-block-kadence-advancedheading.kt-adv-heading823_2f73fe-1b[data-kb-block=\"kb-adv-heading823_2f73fe-1b\"] mark.kt-highlight{font-style:normal;color:#f76a0c;-webkit-box-decoration-break:clone;box-decoration-break:clone;padding-top:0px;padding-right:0px;padding-bottom:0px;padding-left:0px;}<\/style>\n<p class=\"kt-adv-heading823_2f73fe-1b wp-block-kadence-advancedheading\" data-kb-block=\"kb-adv-heading823_2f73fe-1b\"><strong>LAS 7 AVENTURAS DE MAXIMIUM<\/strong><br>Maximina Magda Villardu\u00f1a Rios<br><br>Las 7 aventuras de maximium&nbsp;se desarrolla entre el campo y la ciudad. Maximium es una ni\u00f1a que experimenta una serie de vicisitudes, su abuelo la amaba mucho y siempre la rescataba de situaci\u00f3n escalofriantes. Un lugar con habitantes solitarios que guardaban secretos. As\u00ed contin\u00faa viviendo hasta que uno de sus parientes intenta abusar, tambi\u00e9n el padrastro. El polic\u00eda encuentra vac\u00eda la casa y no resuelve el caso. La madre decide alejarse de sus parientes y divorciar de su pareja\u2026 Sum\u00e9rgete en esta trama que har\u00e1s de ella una experiencia inolvidable llena de aprendizajes.<\/p>\n\n\n<style>.wp-block-kadence-advancedbtn.kb-btns823_72ab06-3c{gap:var(--global-kb-gap-xs, 0.5rem );justify-content:flex-start;align-items:center;}.kt-btns823_72ab06-3c .kt-button{font-weight:normal;font-style:normal;}.kt-btns823_72ab06-3c .kt-btn-wrap-0{margin-right:5px;}.wp-block-kadence-advancedbtn.kt-btns823_72ab06-3c .kt-btn-wrap-0 .kt-button{color:#555555;border-color:#555555;}.wp-block-kadence-advancedbtn.kt-btns823_72ab06-3c .kt-btn-wrap-0 .kt-button:hover, .wp-block-kadence-advancedbtn.kt-btns823_72ab06-3c .kt-btn-wrap-0 .kt-button:focus{color:#ffffff;border-color:#444444;}.wp-block-kadence-advancedbtn.kt-btns823_72ab06-3c .kt-btn-wrap-0 .kt-button::before{display:none;}.wp-block-kadence-advancedbtn.kt-btns823_72ab06-3c .kt-btn-wrap-0 .kt-button:hover, .wp-block-kadence-advancedbtn.kt-btns823_72ab06-3c .kt-btn-wrap-0 .kt-button:focus{background:#444444;}<\/style>\n<div class=\"wp-block-kadence-advancedbtn kb-buttons-wrap kb-btns823_72ab06-3c\"><style>ul.menu .wp-block-kadence-advancedbtn .kb-btn823_cf6b90-75.kb-button{width:initial;}<\/style><a class=\"kb-button kt-button button kb-btn823_cf6b90-75 kt-btn-size-standard kt-btn-width-type-auto kb-btn-global-fill kt-btn-has-text-true kt-btn-has-svg-false wp-block-kadence-singlebtn\" href=\"https:\/\/www.amazon.com\/dp\/B0BFGQ6NWG?ref_=cm_sw_r_mwn_dp_REF2EQ8X3JPHNCDD7X5A&#038;language=en_US\" target=\"_blank\" rel=\"noreferrer noopener\"><span class=\"kt-btn-inner-text\">Comprar<\/span><\/a><\/div>\n<\/div>\n<\/div>\n\n\n<style>.wp-block-kadence-spacer.kt-block-spacer-823_cc0a44-58 .kt-block-spacer{height:60px;}.wp-block-kadence-spacer.kt-block-spacer-823_cc0a44-58 .kt-divider{border-top-width:1px;height:1px;border-top-color:#eee;width:80%;border-top-style:solid;}<\/style>\n<div class=\"wp-block-kadence-spacer aligncenter kt-block-spacer-823_cc0a44-58\"><div class=\"kt-block-spacer kt-block-spacer-halign-center\"><hr class=\"kt-divider\"\/><\/div><\/div>\n\n\n<style>.wp-block-kadence-advancedbtn.kb-btns823_803e55-d7{gap:var(--global-kb-gap-xs, 0.5rem );justify-content:flex-start;align-items:center;}.kt-btns823_803e55-d7 .kt-button{font-weight:normal;font-style:normal;}.kt-btns823_803e55-d7 .kt-btn-wrap-0{margin-right:5px;}.wp-block-kadence-advancedbtn.kt-btns823_803e55-d7 .kt-btn-wrap-0 .kt-button{color:#555555;border-color:#555555;}.wp-block-kadence-advancedbtn.kt-btns823_803e55-d7 .kt-btn-wrap-0 .kt-button:hover, .wp-block-kadence-advancedbtn.kt-btns823_803e55-d7 .kt-btn-wrap-0 .kt-button:focus{color:#ffffff;border-color:#444444;}.wp-block-kadence-advancedbtn.kt-btns823_803e55-d7 .kt-btn-wrap-0 .kt-button::before{display:none;}.wp-block-kadence-advancedbtn.kt-btns823_803e55-d7 .kt-btn-wrap-0 .kt-button:hover, .wp-block-kadence-advancedbtn.kt-btns823_803e55-d7 .kt-btn-wrap-0 .kt-button:focus{background:#444444;}<\/style>\n<div class=\"wp-block-kadence-advancedbtn kb-buttons-wrap kb-btns823_803e55-d7\"><style>ul.menu .wp-block-kadence-advancedbtn .kb-btn823_792d00-bc.kb-button{width:initial;}<\/style><a class=\"kb-button kt-button button kb-btn823_792d00-bc kt-btn-size-standard kt-btn-width-type-auto kb-btn-global-fill kt-btn-has-text-true kt-btn-has-svg-false wp-block-kadence-singlebtn\" href=\"https:\/\/renacereditorial.cl\/index.php\/titulos\/\"><span class=\"kt-btn-inner-text\">volver<\/span><\/a><\/div>\n\n\n\n<p><\/p>\n","protected":false},"excerpt":{"rendered":"<p>Las 7 Aventuras de Maximum LAS 7 AVENTURAS DE MAXIMIUMMaximina Magda Villardu\u00f1a Rios Las 7 aventuras de maximium&nbsp;se desarrolla entre el campo y la ciudad. Maximium es una ni\u00f1a que experimenta una serie de vicisitudes, su abuelo la amaba mucho y siempre la rescataba de situaci\u00f3n escalofriantes. Un lugar con habitantes solitarios que guardaban secretos&#8230;.<\/p>\n","protected":false},"author":1,"featured_media":0,"parent":0,"menu_order":0,"comment_status":"closed","ping_status":"closed","template":"","meta":{"_kadence_starter_templates_imported_post":false,"_kad_post_transparent":"","_kad_post_title":"hide","_kad_post_layout":"fullwidth","_kad_post_sidebar_id":"","_kad_post_content_style":"","_kad_post_vertical_padding":"hide","_kad_post_feature":"hide","_kad_post_feature_position":"","_kad_post_header":false,"_kad_post_footer":false,"footnotes":""},"class_list":["post-823","page","type-page","status-publish","hentry"],"_links":{"self":[{"href":"https:\/\/renacereditorial.cl\/index.php\/wp-json\/wp\/v2\/pages\/823","targetHints":{"allow":["GET"]}}],"collection":[{"href":"https:\/\/renacereditorial.cl\/index.php\/wp-json\/wp\/v2\/pages"}],"about":[{"href":"https:\/\/renacereditorial.cl\/index.php\/wp-json\/wp\/v2\/types\/page"}],"author":[{"embeddable":true,"href":"https:\/\/renacereditorial.cl\/index.php\/wp-json\/wp\/v2\/users\/1"}],"replies":[{"embeddable":true,"href":"https:\/\/renacereditorial.cl\/index.php\/wp-json\/wp\/v2\/comments?post=823"}],"version-history":[{"count":2,"href":"https:\/\/renacereditorial.cl\/index.php\/wp-json\/wp\/v2\/pages\/823\/revisions"}],"predecessor-version":[{"id":862,"href":"https:\/\/renacereditorial.cl\/index.php\/wp-json\/wp\/v2\/pages\/823\/revisions\/862"}],"wp:attachment":[{"href":"https:\/\/renacereditorial.cl\/index.php\/wp-json\/wp\/v2\/media?parent=823"}],"curies":[{"name":"wp","href":"https:\/\/api.w.org\/{rel}","templated":true}]}}