{"id":821,"date":"2024-10-14T20:52:40","date_gmt":"2024-10-14T20:52:40","guid":{"rendered":"https:\/\/renacereditorial.cl\/?page_id=821"},"modified":"2024-11-05T15:27:25","modified_gmt":"2024-11-05T15:27:25","slug":"volver-a-nacer","status":"publish","type":"page","link":"https:\/\/renacereditorial.cl\/index.php\/volver-a-nacer\/","title":{"rendered":"Volver a nacer"},"content":{"rendered":"<style>.kb-row-layout-id821_20845c-c9 > .kt-row-column-wrap{align-content:start;}:where(.kb-row-layout-id821_20845c-c9 > .kt-row-column-wrap) > .wp-block-kadence-column{justify-content:start;}.kb-row-layout-id821_20845c-c9 > .kt-row-column-wrap{column-gap:var(--global-kb-gap-md, 2rem);row-gap:var(--global-kb-gap-md, 2rem);max-width:var( --global-content-width, 1290px );padding-left:var(--global-content-edge-padding);padding-right:var(--global-content-edge-padding);padding-top:116px;padding-bottom:60px;grid-template-columns:minmax(0, 1fr);}.kb-row-layout-id821_20845c-c9 > .kt-row-layout-overlay{opacity:0.30;}@media all and (max-width: 1024px){.kb-row-layout-id821_20845c-c9 > .kt-row-column-wrap{padding-top:60px;grid-template-columns:minmax(0, 1fr);}}@media all and (max-width: 767px){.kb-row-layout-id821_20845c-c9 > .kt-row-column-wrap{padding-top:140px;grid-template-columns:minmax(0, 1fr);}}<\/style><div class=\"kb-row-layout-wrap kb-row-layout-id821_20845c-c9 alignnone has-theme-palette8-background-color kt-row-has-bg wp-block-kadence-rowlayout\"><div class=\"kt-row-column-wrap kt-has-1-columns kt-row-layout-equal kt-tab-layout-inherit kt-mobile-layout-row kt-row-valign-top kb-theme-content-width\">\n<style>.kadence-column821_a48d1e-2d > .kt-inside-inner-col,.kadence-column821_a48d1e-2d > .kt-inside-inner-col:before{border-top-left-radius:0px;border-top-right-radius:0px;border-bottom-right-radius:0px;border-bottom-left-radius:0px;}.kadence-column821_a48d1e-2d > .kt-inside-inner-col{column-gap:var(--global-kb-gap-sm, 1rem);}.kadence-column821_a48d1e-2d > .kt-inside-inner-col{flex-direction:column;}.kadence-column821_a48d1e-2d > .kt-inside-inner-col > .aligncenter{width:100%;}.kadence-column821_a48d1e-2d > .kt-inside-inner-col:before{opacity:0.3;}.kadence-column821_a48d1e-2d{position:relative;}@media all and (max-width: 1024px){.kadence-column821_a48d1e-2d > .kt-inside-inner-col{flex-direction:column;}}@media all and (max-width: 767px){.kadence-column821_a48d1e-2d > .kt-inside-inner-col{flex-direction:column;}}<\/style>\n<div class=\"wp-block-kadence-column kadence-column821_a48d1e-2d inner-column-1\"><div class=\"kt-inside-inner-col\"><style>.kb-row-layout-id821_f4b698-89 > .kt-row-column-wrap{align-content:start;}:where(.kb-row-layout-id821_f4b698-89 > .kt-row-column-wrap) > .wp-block-kadence-column{justify-content:start;}.kb-row-layout-id821_f4b698-89 > .kt-row-column-wrap{column-gap:var(--global-kb-gap-md, 2rem);row-gap:var(--global-kb-gap-md, 2rem);max-width:600px;margin-left:auto;margin-right:auto;padding-top:0px;padding-bottom:0px;grid-template-columns:minmax(0, 1fr);}.kb-row-layout-id821_f4b698-89 > .kt-row-layout-overlay{opacity:0.30;}@media all and (max-width: 1024px){.kb-row-layout-id821_f4b698-89 > .kt-row-column-wrap{max-width:600px;margin-left:auto;margin-right:auto;grid-template-columns:minmax(0, 1fr);}}@media all and (max-width: 767px){.kb-row-layout-id821_f4b698-89 > .kt-row-column-wrap{grid-template-columns:minmax(0, 1fr);}}<\/style><div class=\"kb-row-layout-wrap kb-row-layout-id821_f4b698-89 alignnone wp-block-kadence-rowlayout\"><div class=\"kt-row-column-wrap kt-has-1-columns kt-row-layout-equal kt-tab-layout-inherit kt-mobile-layout-row kt-row-valign-top\">\n<style>.kadence-column821_524bed-64 > .kt-inside-inner-col,.kadence-column821_524bed-64 > .kt-inside-inner-col:before{border-top-left-radius:0px;border-top-right-radius:0px;border-bottom-right-radius:0px;border-bottom-left-radius:0px;}.kadence-column821_524bed-64 > .kt-inside-inner-col{column-gap:var(--global-kb-gap-sm, 1rem);}.kadence-column821_524bed-64 > .kt-inside-inner-col{flex-direction:column;}.kadence-column821_524bed-64 > .kt-inside-inner-col > .aligncenter{width:100%;}.kadence-column821_524bed-64 > .kt-inside-inner-col:before{opacity:0.3;}.kadence-column821_524bed-64{position:relative;}@media all and (max-width: 1024px){.kadence-column821_524bed-64 > .kt-inside-inner-col{flex-direction:column;}}@media all and (max-width: 767px){.kadence-column821_524bed-64 > .kt-inside-inner-col{flex-direction:column;}}<\/style>\n<div class=\"wp-block-kadence-column kadence-column821_524bed-64 inner-column-1\"><div class=\"kt-inside-inner-col\"><style>.wp-block-kadence-advancedheading.kt-adv-heading821_8e7640-f7, .wp-block-kadence-advancedheading.kt-adv-heading821_8e7640-f7[data-kb-block=\"kb-adv-heading821_8e7640-f7\"]{margin-bottom:20px;text-align:center;font-size:70px;line-height:70px;font-style:normal;}.wp-block-kadence-advancedheading.kt-adv-heading821_8e7640-f7 mark.kt-highlight, .wp-block-kadence-advancedheading.kt-adv-heading821_8e7640-f7[data-kb-block=\"kb-adv-heading821_8e7640-f7\"] mark.kt-highlight{font-style:normal;color:#f76a0c;-webkit-box-decoration-break:clone;box-decoration-break:clone;padding-top:0px;padding-right:0px;padding-bottom:0px;padding-left:0px;}@media all and (max-width: 1024px){.wp-block-kadence-advancedheading.kt-adv-heading821_8e7640-f7, .wp-block-kadence-advancedheading.kt-adv-heading821_8e7640-f7[data-kb-block=\"kb-adv-heading821_8e7640-f7\"]{font-size:55px;}}@media all and (max-width: 767px){.wp-block-kadence-advancedheading.kt-adv-heading821_8e7640-f7, .wp-block-kadence-advancedheading.kt-adv-heading821_8e7640-f7[data-kb-block=\"kb-adv-heading821_8e7640-f7\"]{font-size:45px;}}<\/style>\n<h1 class=\"kt-adv-heading821_8e7640-f7 wp-block-kadence-advancedheading\" data-kb-block=\"kb-adv-heading821_8e7640-f7\">Volver a Nacer<\/h1>\n<\/div><\/div>\n\n<\/div><\/div><\/div><\/div>\n\n<\/div><\/div>\n\n<style>.wp-block-kadence-spacer.kt-block-spacer-821_4c028b-3f .kt-block-spacer{height:75px;}.wp-block-kadence-spacer.kt-block-spacer-821_4c028b-3f .kt-divider{border-top-width:1px;height:1px;border-top-color:#eee;width:80%;border-top-style:solid;}<\/style>\n<div class=\"wp-block-kadence-spacer aligncenter kt-block-spacer-821_4c028b-3f\"><div class=\"kt-block-spacer kt-block-spacer-halign-center\"><hr class=\"kt-divider\"\/><\/div><\/div>\n\n\n\n<div class=\"wp-block-columns is-layout-flex wp-container-core-columns-is-layout-9d6595d7 wp-block-columns-is-layout-flex\">\n<div class=\"wp-block-column is-layout-flow wp-block-column-is-layout-flow\" style=\"flex-basis:33.33%\"><style>.kb-image821_0daac6-f3.kb-image-is-ratio-size, .kb-image821_0daac6-f3 .kb-image-is-ratio-size{max-width:288px;width:100%;}.wp-block-kadence-column > .kt-inside-inner-col > .kb-image821_0daac6-f3.kb-image-is-ratio-size, .wp-block-kadence-column > .kt-inside-inner-col > .kb-image821_0daac6-f3 .kb-image-is-ratio-size{align-self:unset;}.kb-image821_0daac6-f3{max-width:288px;}.image-is-svg.kb-image821_0daac6-f3{-webkit-flex:0 1 100%;flex:0 1 100%;}.image-is-svg.kb-image821_0daac6-f3 img{width:100%;}.kb-image821_0daac6-f3 .kb-image-has-overlay:after{opacity:0.3;}<\/style>\n<figure class=\"wp-block-kadence-image kb-image821_0daac6-f3 size-large\"><img loading=\"lazy\" decoding=\"async\" width=\"642\" height=\"1024\" src=\"https:\/\/renacereditorial.cl\/wp-content\/uploads\/2024\/10\/volver-642x1024.jpg\" alt=\"\" class=\"kb-img wp-image-820\" srcset=\"https:\/\/renacereditorial.cl\/wp-content\/uploads\/2024\/10\/volver-642x1024.jpg 642w, https:\/\/renacereditorial.cl\/wp-content\/uploads\/2024\/10\/volver-188x300.jpg 188w, https:\/\/renacereditorial.cl\/wp-content\/uploads\/2024\/10\/volver-768x1226.jpg 768w, https:\/\/renacereditorial.cl\/wp-content\/uploads\/2024\/10\/volver.jpg 940w\" sizes=\"auto, (max-width: 642px) 100vw, 642px\" \/><\/figure>\n<\/div>\n\n\n\n<div class=\"wp-block-column is-layout-flow wp-block-column-is-layout-flow\" style=\"flex-basis:66.66%\"><style>.wp-block-kadence-advancedheading.kt-adv-heading821_8fc3be-c2, .wp-block-kadence-advancedheading.kt-adv-heading821_8fc3be-c2[data-kb-block=\"kb-adv-heading821_8fc3be-c2\"]{font-style:normal;}.wp-block-kadence-advancedheading.kt-adv-heading821_8fc3be-c2 mark.kt-highlight, .wp-block-kadence-advancedheading.kt-adv-heading821_8fc3be-c2[data-kb-block=\"kb-adv-heading821_8fc3be-c2\"] mark.kt-highlight{font-style:normal;color:#f76a0c;-webkit-box-decoration-break:clone;box-decoration-break:clone;padding-top:0px;padding-right:0px;padding-bottom:0px;padding-left:0px;}<\/style>\n<p class=\"kt-adv-heading821_8fc3be-c2 wp-block-kadence-advancedheading\" data-kb-block=\"kb-adv-heading821_8fc3be-c2\"><strong>VOLVER A NACER<\/strong><br>Paulina Gonz\u00e1lez<br><br>Todos hemos pasado por momentos dificiles, aquellas situaciones que no ves solucion, porque la vida esta hecha de altos y bajos, y cada bajo que nos toca anfrentar, debemos aprender a pararnos\u2026 \u00abVOLVER A NACER\u00bb. Porque aprendi que la queja atrae mas situaciones negativas para seguir quejandome, pero la GRATITUD, atrae momentos hermosos para seguir agradeciendo. <br><br>En este libro Autobiografico, relato mis primeros 16 a\u00f1os de dolor, pero que aprendi a sanar, desde mis PENSAMIENTOS Y EMOCIONES. Aqui te ense\u00f1o como enfrentar y salir de esos momentos, con sabiduria, tranquilidad, y sobre todo con \u00abGRATITUD\u00bb.<\/p>\n\n\n<style>.wp-block-kadence-advancedbtn.kb-btns821_07ba43-32{gap:var(--global-kb-gap-xs, 0.5rem );justify-content:flex-start;align-items:center;}.kt-btns821_07ba43-32 .kt-button{font-weight:normal;font-style:normal;}.kt-btns821_07ba43-32 .kt-btn-wrap-0{margin-right:5px;}.wp-block-kadence-advancedbtn.kt-btns821_07ba43-32 .kt-btn-wrap-0 .kt-button{color:#555555;border-color:#555555;}.wp-block-kadence-advancedbtn.kt-btns821_07ba43-32 .kt-btn-wrap-0 .kt-button:hover, .wp-block-kadence-advancedbtn.kt-btns821_07ba43-32 .kt-btn-wrap-0 .kt-button:focus{color:#ffffff;border-color:#444444;}.wp-block-kadence-advancedbtn.kt-btns821_07ba43-32 .kt-btn-wrap-0 .kt-button::before{display:none;}.wp-block-kadence-advancedbtn.kt-btns821_07ba43-32 .kt-btn-wrap-0 .kt-button:hover, .wp-block-kadence-advancedbtn.kt-btns821_07ba43-32 .kt-btn-wrap-0 .kt-button:focus{background:#444444;}<\/style>\n<div class=\"wp-block-kadence-advancedbtn kb-buttons-wrap kb-btns821_07ba43-32\"><style>ul.menu .wp-block-kadence-advancedbtn .kb-btn821_fd0a8f-c9.kb-button{width:initial;}<\/style><a class=\"kb-button kt-button button kb-btn821_fd0a8f-c9 kt-btn-size-standard kt-btn-width-type-auto kb-btn-global-fill kt-btn-has-text-true kt-btn-has-svg-false wp-block-kadence-singlebtn\" href=\"https:\/\/www.amazon.com\/dp\/B0B2QZ63ZM?ref_=cm_sw_r_mwn_dp_5GV87DAT57RSQ827FA24&#038;language=en_US\" target=\"_blank\" rel=\"noreferrer noopener\"><span class=\"kt-btn-inner-text\">Comprar<\/span><\/a><\/div>\n<\/div>\n<\/div>\n\n\n\n<div class=\"wp-block-columns is-layout-flex wp-container-core-columns-is-layout-9d6595d7 wp-block-columns-is-layout-flex\">\n<div class=\"wp-block-column is-layout-flow wp-block-column-is-layout-flow\" style=\"flex-basis:33.33%\"><style>.kb-image821_fa959c-cd.kb-image-is-ratio-size, .kb-image821_fa959c-cd .kb-image-is-ratio-size{max-width:227px;width:100%;}.wp-block-kadence-column > .kt-inside-inner-col > .kb-image821_fa959c-cd.kb-image-is-ratio-size, .wp-block-kadence-column > .kt-inside-inner-col > .kb-image821_fa959c-cd .kb-image-is-ratio-size{align-self:unset;}.kb-image821_fa959c-cd{max-width:227px;}.image-is-svg.kb-image821_fa959c-cd{-webkit-flex:0 1 100%;flex:0 1 100%;}.image-is-svg.kb-image821_fa959c-cd img{width:100%;}.kb-image821_fa959c-cd .kb-image-has-overlay:after{opacity:0.3;}<\/style>\n<figure class=\"wp-block-kadence-image kb-image821_fa959c-cd size-full\"><img loading=\"lazy\" decoding=\"async\" width=\"640\" height=\"640\" src=\"https:\/\/renacereditorial.cl\/wp-content\/uploads\/2024\/09\/mina.jpg\" alt=\"\" class=\"kb-img wp-image-616\" srcset=\"https:\/\/renacereditorial.cl\/wp-content\/uploads\/2024\/09\/mina.jpg 640w, https:\/\/renacereditorial.cl\/wp-content\/uploads\/2024\/09\/mina-300x300.jpg 300w, https:\/\/renacereditorial.cl\/wp-content\/uploads\/2024\/09\/mina-150x150.jpg 150w\" sizes=\"auto, (max-width: 640px) 100vw, 640px\" \/><\/figure>\n<\/div>\n\n\n\n<div class=\"wp-block-column is-layout-flow wp-block-column-is-layout-flow\" style=\"flex-basis:66.66%\"><style>.wp-block-kadence-advancedheading.kt-adv-heading821_26ec72-1f, .wp-block-kadence-advancedheading.kt-adv-heading821_26ec72-1f[data-kb-block=\"kb-adv-heading821_26ec72-1f\"]{font-style:normal;}.wp-block-kadence-advancedheading.kt-adv-heading821_26ec72-1f mark.kt-highlight, .wp-block-kadence-advancedheading.kt-adv-heading821_26ec72-1f[data-kb-block=\"kb-adv-heading821_26ec72-1f\"] mark.kt-highlight{font-style:normal;color:#f76a0c;-webkit-box-decoration-break:clone;box-decoration-break:clone;padding-top:0px;padding-right:0px;padding-bottom:0px;padding-left:0px;}<\/style>\n<p class=\"kt-adv-heading821_26ec72-1f wp-block-kadence-advancedheading\" data-kb-block=\"kb-adv-heading821_26ec72-1f\">Gestora Cultural, dedicada hace 10 a\u00f1os a la producci\u00f3n de eventos; creadora de diversos emprendimientos del \u00e1rea art\u00edstica. El 2022 publica su primera obra autobiogr\u00e1fica \u00abVolver a Nacer\u00bb y hoy prepara su segundo trabajo literario.<\/p>\n<\/div>\n<\/div>\n\n\n<style>.wp-block-kadence-spacer.kt-block-spacer-821_f2a74c-f6 .kt-block-spacer{height:60px;}.wp-block-kadence-spacer.kt-block-spacer-821_f2a74c-f6 .kt-divider{border-top-width:1px;height:1px;border-top-color:#eee;width:80%;border-top-style:solid;}<\/style>\n<div class=\"wp-block-kadence-spacer aligncenter kt-block-spacer-821_f2a74c-f6\"><div class=\"kt-block-spacer kt-block-spacer-halign-center\"><hr class=\"kt-divider\"\/><\/div><\/div>\n\n\n<style>.wp-block-kadence-advancedbtn.kb-btns821_17152c-74{gap:var(--global-kb-gap-xs, 0.5rem );justify-content:flex-start;align-items:center;}.kt-btns821_17152c-74 .kt-button{font-weight:normal;font-style:normal;}.kt-btns821_17152c-74 .kt-btn-wrap-0{margin-right:5px;}.wp-block-kadence-advancedbtn.kt-btns821_17152c-74 .kt-btn-wrap-0 .kt-button{color:#555555;border-color:#555555;}.wp-block-kadence-advancedbtn.kt-btns821_17152c-74 .kt-btn-wrap-0 .kt-button:hover, .wp-block-kadence-advancedbtn.kt-btns821_17152c-74 .kt-btn-wrap-0 .kt-button:focus{color:#ffffff;border-color:#444444;}.wp-block-kadence-advancedbtn.kt-btns821_17152c-74 .kt-btn-wrap-0 .kt-button::before{display:none;}.wp-block-kadence-advancedbtn.kt-btns821_17152c-74 .kt-btn-wrap-0 .kt-button:hover, .wp-block-kadence-advancedbtn.kt-btns821_17152c-74 .kt-btn-wrap-0 .kt-button:focus{background:#444444;}<\/style>\n<div class=\"wp-block-kadence-advancedbtn kb-buttons-wrap kb-btns821_17152c-74\"><style>ul.menu .wp-block-kadence-advancedbtn .kb-btn821_1cc406-86.kb-button{width:initial;}<\/style><a class=\"kb-button kt-button button kb-btn821_1cc406-86 kt-btn-size-standard kt-btn-width-type-auto kb-btn-global-fill kt-btn-has-text-true kt-btn-has-svg-false wp-block-kadence-singlebtn\" href=\"https:\/\/renacereditorial.cl\/index.php\/titulos\/\"><span class=\"kt-btn-inner-text\">volver<\/span><\/a><\/div>\n\n\n\n<p><\/p>\n","protected":false},"excerpt":{"rendered":"<p>Volver a Nacer VOLVER A NACERPaulina Gonz\u00e1lez Todos hemos pasado por momentos dificiles, aquellas situaciones que no ves solucion, porque la vida esta hecha de altos y bajos, y cada bajo que nos toca anfrentar, debemos aprender a pararnos\u2026 \u00abVOLVER A NACER\u00bb. Porque aprendi que la queja atrae mas situaciones negativas para seguir quejandome, pero&#8230;<\/p>\n","protected":false},"author":1,"featured_media":0,"parent":0,"menu_order":0,"comment_status":"closed","ping_status":"closed","template":"","meta":{"_kadence_starter_templates_imported_post":false,"_kad_post_transparent":"","_kad_post_title":"hide","_kad_post_layout":"fullwidth","_kad_post_sidebar_id":"","_kad_post_content_style":"","_kad_post_vertical_padding":"hide","_kad_post_feature":"hide","_kad_post_feature_position":"","_kad_post_header":false,"_kad_post_footer":false,"footnotes":""},"class_list":["post-821","page","type-page","status-publish","hentry"],"_links":{"self":[{"href":"https:\/\/renacereditorial.cl\/index.php\/wp-json\/wp\/v2\/pages\/821","targetHints":{"allow":["GET"]}}],"collection":[{"href":"https:\/\/renacereditorial.cl\/index.php\/wp-json\/wp\/v2\/pages"}],"about":[{"href":"https:\/\/renacereditorial.cl\/index.php\/wp-json\/wp\/v2\/types\/page"}],"author":[{"embeddable":true,"href":"https:\/\/renacereditorial.cl\/index.php\/wp-json\/wp\/v2\/users\/1"}],"replies":[{"embeddable":true,"href":"https:\/\/renacereditorial.cl\/index.php\/wp-json\/wp\/v2\/comments?post=821"}],"version-history":[{"count":5,"href":"https:\/\/renacereditorial.cl\/index.php\/wp-json\/wp\/v2\/pages\/821\/revisions"}],"predecessor-version":[{"id":878,"href":"https:\/\/renacereditorial.cl\/index.php\/wp-json\/wp\/v2\/pages\/821\/revisions\/878"}],"wp:attachment":[{"href":"https:\/\/renacereditorial.cl\/index.php\/wp-json\/wp\/v2\/media?parent=821"}],"curies":[{"name":"wp","href":"https:\/\/api.w.org\/{rel}","templated":true}]}}