{"id":814,"date":"2024-10-14T20:39:00","date_gmt":"2024-10-14T20:39:00","guid":{"rendered":"https:\/\/renacereditorial.cl\/?page_id=814"},"modified":"2024-10-23T19:33:00","modified_gmt":"2024-10-23T19:33:00","slug":"un-big-ben-en-el-desierto-y-el-diablo-en-el-entuerto","status":"publish","type":"page","link":"https:\/\/renacereditorial.cl\/index.php\/un-big-ben-en-el-desierto-y-el-diablo-en-el-entuerto\/","title":{"rendered":"UN BIG BEN EN EL DESIERTO Y EL DIABLO EN EL ENTUERTO"},"content":{"rendered":"<style>.kb-row-layout-id814_be37dd-8d > .kt-row-column-wrap{align-content:start;}:where(.kb-row-layout-id814_be37dd-8d > .kt-row-column-wrap) > .wp-block-kadence-column{justify-content:start;}.kb-row-layout-id814_be37dd-8d > .kt-row-column-wrap{column-gap:var(--global-kb-gap-md, 2rem);row-gap:var(--global-kb-gap-md, 2rem);max-width:var( --global-content-width, 1290px );padding-left:var(--global-content-edge-padding);padding-right:var(--global-content-edge-padding);padding-top:116px;padding-bottom:60px;grid-template-columns:minmax(0, 1fr);}.kb-row-layout-id814_be37dd-8d > .kt-row-layout-overlay{opacity:0.30;}@media all and (max-width: 1024px){.kb-row-layout-id814_be37dd-8d > .kt-row-column-wrap{padding-top:60px;grid-template-columns:minmax(0, 1fr);}}@media all and (max-width: 767px){.kb-row-layout-id814_be37dd-8d > .kt-row-column-wrap{padding-top:140px;grid-template-columns:minmax(0, 1fr);}}<\/style><div class=\"kb-row-layout-wrap kb-row-layout-id814_be37dd-8d alignnone has-theme-palette8-background-color kt-row-has-bg wp-block-kadence-rowlayout\"><div class=\"kt-row-column-wrap kt-has-1-columns kt-row-layout-equal kt-tab-layout-inherit kt-mobile-layout-row kt-row-valign-top kb-theme-content-width\">\n<style>.kadence-column814_498a5a-2f > .kt-inside-inner-col,.kadence-column814_498a5a-2f > .kt-inside-inner-col:before{border-top-left-radius:0px;border-top-right-radius:0px;border-bottom-right-radius:0px;border-bottom-left-radius:0px;}.kadence-column814_498a5a-2f > .kt-inside-inner-col{column-gap:var(--global-kb-gap-sm, 1rem);}.kadence-column814_498a5a-2f > .kt-inside-inner-col{flex-direction:column;}.kadence-column814_498a5a-2f > .kt-inside-inner-col > .aligncenter{width:100%;}.kadence-column814_498a5a-2f > .kt-inside-inner-col:before{opacity:0.3;}.kadence-column814_498a5a-2f{position:relative;}@media all and (max-width: 1024px){.kadence-column814_498a5a-2f > .kt-inside-inner-col{flex-direction:column;}}@media all and (max-width: 767px){.kadence-column814_498a5a-2f > .kt-inside-inner-col{flex-direction:column;}}<\/style>\n<div class=\"wp-block-kadence-column kadence-column814_498a5a-2f inner-column-1\"><div class=\"kt-inside-inner-col\"><style>.kb-row-layout-id814_dcd609-78 > .kt-row-column-wrap{align-content:start;}:where(.kb-row-layout-id814_dcd609-78 > .kt-row-column-wrap) > .wp-block-kadence-column{justify-content:start;}.kb-row-layout-id814_dcd609-78 > .kt-row-column-wrap{column-gap:var(--global-kb-gap-md, 2rem);row-gap:var(--global-kb-gap-md, 2rem);max-width:600px;margin-left:auto;margin-right:auto;padding-top:0px;padding-bottom:0px;grid-template-columns:minmax(0, 1fr);}.kb-row-layout-id814_dcd609-78 > .kt-row-layout-overlay{opacity:0.30;}@media all and (max-width: 1024px){.kb-row-layout-id814_dcd609-78 > .kt-row-column-wrap{max-width:600px;margin-left:auto;margin-right:auto;grid-template-columns:minmax(0, 1fr);}}@media all and (max-width: 767px){.kb-row-layout-id814_dcd609-78 > .kt-row-column-wrap{grid-template-columns:minmax(0, 1fr);}}<\/style><div class=\"kb-row-layout-wrap kb-row-layout-id814_dcd609-78 alignnone wp-block-kadence-rowlayout\"><div class=\"kt-row-column-wrap kt-has-1-columns kt-row-layout-equal kt-tab-layout-inherit kt-mobile-layout-row kt-row-valign-top\">\n<style>.kadence-column814_78f7b8-b5 > .kt-inside-inner-col,.kadence-column814_78f7b8-b5 > .kt-inside-inner-col:before{border-top-left-radius:0px;border-top-right-radius:0px;border-bottom-right-radius:0px;border-bottom-left-radius:0px;}.kadence-column814_78f7b8-b5 > .kt-inside-inner-col{column-gap:var(--global-kb-gap-sm, 1rem);}.kadence-column814_78f7b8-b5 > .kt-inside-inner-col{flex-direction:column;}.kadence-column814_78f7b8-b5 > .kt-inside-inner-col > .aligncenter{width:100%;}.kadence-column814_78f7b8-b5 > .kt-inside-inner-col:before{opacity:0.3;}.kadence-column814_78f7b8-b5{position:relative;}@media all and (max-width: 1024px){.kadence-column814_78f7b8-b5 > .kt-inside-inner-col{flex-direction:column;}}@media all and (max-width: 767px){.kadence-column814_78f7b8-b5 > .kt-inside-inner-col{flex-direction:column;}}<\/style>\n<div class=\"wp-block-kadence-column kadence-column814_78f7b8-b5 inner-column-1\"><div class=\"kt-inside-inner-col\"><style>.wp-block-kadence-advancedheading.kt-adv-heading814_d6e145-a9, .wp-block-kadence-advancedheading.kt-adv-heading814_d6e145-a9[data-kb-block=\"kb-adv-heading814_d6e145-a9\"]{margin-bottom:20px;text-align:center;font-size:70px;line-height:70px;font-style:normal;}.wp-block-kadence-advancedheading.kt-adv-heading814_d6e145-a9 mark.kt-highlight, .wp-block-kadence-advancedheading.kt-adv-heading814_d6e145-a9[data-kb-block=\"kb-adv-heading814_d6e145-a9\"] mark.kt-highlight{font-style:normal;color:#f76a0c;-webkit-box-decoration-break:clone;box-decoration-break:clone;padding-top:0px;padding-right:0px;padding-bottom:0px;padding-left:0px;}@media all and (max-width: 1024px){.wp-block-kadence-advancedheading.kt-adv-heading814_d6e145-a9, .wp-block-kadence-advancedheading.kt-adv-heading814_d6e145-a9[data-kb-block=\"kb-adv-heading814_d6e145-a9\"]{font-size:55px;}}@media all and (max-width: 767px){.wp-block-kadence-advancedheading.kt-adv-heading814_d6e145-a9, .wp-block-kadence-advancedheading.kt-adv-heading814_d6e145-a9[data-kb-block=\"kb-adv-heading814_d6e145-a9\"]{font-size:45px;}}<\/style>\n<h1 class=\"kt-adv-heading814_d6e145-a9 wp-block-kadence-advancedheading\" data-kb-block=\"kb-adv-heading814_d6e145-a9\">Un Big Ben en el Desierto y el Diablo en el entuerto<\/h1>\n<\/div><\/div>\n\n<\/div><\/div><\/div><\/div>\n\n<\/div><\/div>\n\n<style>.wp-block-kadence-spacer.kt-block-spacer-814_5752aa-4f .kt-block-spacer{height:75px;}.wp-block-kadence-spacer.kt-block-spacer-814_5752aa-4f .kt-divider{border-top-width:1px;height:1px;border-top-color:#eee;width:80%;border-top-style:solid;}<\/style>\n<div class=\"wp-block-kadence-spacer aligncenter kt-block-spacer-814_5752aa-4f\"><div class=\"kt-block-spacer kt-block-spacer-halign-center\"><hr class=\"kt-divider\"\/><\/div><\/div>\n\n\n\n<div class=\"wp-block-columns is-layout-flex wp-container-core-columns-is-layout-9d6595d7 wp-block-columns-is-layout-flex\">\n<div class=\"wp-block-column is-layout-flow wp-block-column-is-layout-flow\" style=\"flex-basis:33.33%\"><style>.kb-image814_81b7ee-fd.kb-image-is-ratio-size, .kb-image814_81b7ee-fd .kb-image-is-ratio-size{max-width:288px;width:100%;}.wp-block-kadence-column > .kt-inside-inner-col > .kb-image814_81b7ee-fd.kb-image-is-ratio-size, .wp-block-kadence-column > .kt-inside-inner-col > .kb-image814_81b7ee-fd .kb-image-is-ratio-size{align-self:unset;}.kb-image814_81b7ee-fd{max-width:288px;}.image-is-svg.kb-image814_81b7ee-fd{-webkit-flex:0 1 100%;flex:0 1 100%;}.image-is-svg.kb-image814_81b7ee-fd img{width:100%;}.kb-image814_81b7ee-fd .kb-image-has-overlay:after{opacity:0.3;}<\/style>\n<figure class=\"wp-block-kadence-image kb-image814_81b7ee-fd size-full\"><img loading=\"lazy\" decoding=\"async\" width=\"524\" height=\"800\" src=\"https:\/\/renacereditorial.cl\/wp-content\/uploads\/2024\/09\/big.jpg\" alt=\"\" class=\"kb-img wp-image-639\" srcset=\"https:\/\/renacereditorial.cl\/wp-content\/uploads\/2024\/09\/big.jpg 524w, https:\/\/renacereditorial.cl\/wp-content\/uploads\/2024\/09\/big-197x300.jpg 197w\" sizes=\"auto, (max-width: 524px) 100vw, 524px\" \/><\/figure>\n<\/div>\n\n\n\n<div class=\"wp-block-column is-layout-flow wp-block-column-is-layout-flow\" style=\"flex-basis:66.66%\"><style>.wp-block-kadence-advancedheading.kt-adv-heading814_fe0495-16, .wp-block-kadence-advancedheading.kt-adv-heading814_fe0495-16[data-kb-block=\"kb-adv-heading814_fe0495-16\"]{font-style:normal;}.wp-block-kadence-advancedheading.kt-adv-heading814_fe0495-16 mark.kt-highlight, .wp-block-kadence-advancedheading.kt-adv-heading814_fe0495-16[data-kb-block=\"kb-adv-heading814_fe0495-16\"] mark.kt-highlight{font-style:normal;color:#f76a0c;-webkit-box-decoration-break:clone;box-decoration-break:clone;padding-top:0px;padding-right:0px;padding-bottom:0px;padding-left:0px;}<\/style>\n<p class=\"kt-adv-heading814_fe0495-16 wp-block-kadence-advancedheading\" data-kb-block=\"kb-adv-heading814_fe0495-16\"><strong>UN BIG BEN EN EL DESIERTO Y EL DIABLO EN EL ENTUERTO<\/strong><br>Juan Salinas Salazar<br><br>En estas breves l\u00edneas, se relatan las vivencias y aventuras de dos j\u00f3venes amigos, que mientras cuidaban, limpiaban y daban cuerda al majestuoso reloj Big Ben ubicado en la pulper\u00eda frente a la plaza de Coya Sur, jugaban e imaginaban grandes haza\u00f1as, y basados en antiguas tradiciones que escuchaban mientras hac\u00edan la fila en la pulper\u00eda, tuvieron el loco sue\u00f1o de capturar, en una fr\u00eda y oscura noche de San Juan, al mism\u00edsimo Diablo. El plan trazado en sus mentes era infalible y ejecutado a la perfecci\u00f3n por ambos, pero las cosas no salieron como ellos lo hab\u00edan planeado. Juan Salinas Salazar, 23\/06\/1938, m\u00e1s de 36 a\u00f1os en el rubro del gas licuado y combustibles, llegando a ser un experto en el tema, actualmente jubilado, con 85 a\u00f1os, 58 a\u00f1os de matrimonio, 7 hijos,11 nietos y una bisnieta, y lo que le queda de tiempo, lo utiliza en hacer volar su imaginaci\u00f3n, escribiendo obras literarias, que intentan rescatar a trav\u00e9s de la narraci\u00f3n, testimonios de vivencias de ni\u00f1ez, juventud y adultez, durante su paso por la Planta Salitrera Coya Sur, que tristemente ha desaparecido de la faz de la tierra, as\u00ed como tambi\u00e9n algunos cuentos de tipo infantil y otros relacionados con la tierra donde form\u00f3 su vida y familia, la ciudad de Arica.<\/p>\n\n\n<style>.wp-block-kadence-advancedbtn.kb-btns814_72438b-cb{gap:var(--global-kb-gap-xs, 0.5rem );justify-content:flex-start;align-items:center;}.kt-btns814_72438b-cb .kt-button{font-weight:normal;font-style:normal;}.kt-btns814_72438b-cb .kt-btn-wrap-0{margin-right:5px;}.wp-block-kadence-advancedbtn.kt-btns814_72438b-cb .kt-btn-wrap-0 .kt-button{color:#555555;border-color:#555555;}.wp-block-kadence-advancedbtn.kt-btns814_72438b-cb .kt-btn-wrap-0 .kt-button:hover, .wp-block-kadence-advancedbtn.kt-btns814_72438b-cb .kt-btn-wrap-0 .kt-button:focus{color:#ffffff;border-color:#444444;}.wp-block-kadence-advancedbtn.kt-btns814_72438b-cb .kt-btn-wrap-0 .kt-button::before{display:none;}.wp-block-kadence-advancedbtn.kt-btns814_72438b-cb .kt-btn-wrap-0 .kt-button:hover, .wp-block-kadence-advancedbtn.kt-btns814_72438b-cb .kt-btn-wrap-0 .kt-button:focus{background:#444444;}<\/style>\n<div class=\"wp-block-kadence-advancedbtn kb-buttons-wrap kb-btns814_72438b-cb\"><style>ul.menu .wp-block-kadence-advancedbtn .kb-btn814_52e465-bd.kb-button{width:initial;}<\/style><a class=\"kb-button kt-button button kb-btn814_52e465-bd kt-btn-size-standard kt-btn-width-type-auto kb-btn-global-fill kt-btn-has-text-true kt-btn-has-svg-false wp-block-kadence-singlebtn\" href=\"https:\/\/www.amazon.com\/-\/es\/Japh-Miller\/dp\/B0D9CSHHGZ\" target=\"_blank\" rel=\"noreferrer noopener\"><span class=\"kt-btn-inner-text\">Comprar<\/span><\/a><\/div>\n<\/div>\n<\/div>\n\n\n\n<div class=\"wp-block-columns is-layout-flex wp-container-core-columns-is-layout-9d6595d7 wp-block-columns-is-layout-flex\">\n<div class=\"wp-block-column is-layout-flow wp-block-column-is-layout-flow\" style=\"flex-basis:33.33%\"><style>.kb-image814_1e144f-90.kb-image-is-ratio-size, .kb-image814_1e144f-90 .kb-image-is-ratio-size{max-width:227px;width:100%;}.wp-block-kadence-column > .kt-inside-inner-col > .kb-image814_1e144f-90.kb-image-is-ratio-size, .wp-block-kadence-column > .kt-inside-inner-col > .kb-image814_1e144f-90 .kb-image-is-ratio-size{align-self:unset;}.kb-image814_1e144f-90{max-width:227px;}.image-is-svg.kb-image814_1e144f-90{-webkit-flex:0 1 100%;flex:0 1 100%;}.image-is-svg.kb-image814_1e144f-90 img{width:100%;}.kb-image814_1e144f-90 .kb-image-has-overlay:after{opacity:0.3;}<\/style>\n<figure class=\"wp-block-kadence-image kb-image814_1e144f-90 size-full\"><img loading=\"lazy\" decoding=\"async\" width=\"512\" height=\"512\" src=\"https:\/\/renacereditorial.cl\/wp-content\/uploads\/2024\/09\/hombre.png\" alt=\"\" class=\"kb-img wp-image-645\" srcset=\"https:\/\/renacereditorial.cl\/wp-content\/uploads\/2024\/09\/hombre.png 512w, https:\/\/renacereditorial.cl\/wp-content\/uploads\/2024\/09\/hombre-300x300.png 300w, https:\/\/renacereditorial.cl\/wp-content\/uploads\/2024\/09\/hombre-150x150.png 150w\" sizes=\"auto, (max-width: 512px) 100vw, 512px\" \/><\/figure>\n<\/div>\n\n\n\n<div class=\"wp-block-column is-layout-flow wp-block-column-is-layout-flow\" style=\"flex-basis:66.66%\"><style>.wp-block-kadence-advancedheading.kt-adv-heading814_3e1e8b-22, .wp-block-kadence-advancedheading.kt-adv-heading814_3e1e8b-22[data-kb-block=\"kb-adv-heading814_3e1e8b-22\"]{font-style:normal;}.wp-block-kadence-advancedheading.kt-adv-heading814_3e1e8b-22 mark.kt-highlight, .wp-block-kadence-advancedheading.kt-adv-heading814_3e1e8b-22[data-kb-block=\"kb-adv-heading814_3e1e8b-22\"] mark.kt-highlight{font-style:normal;color:#f76a0c;-webkit-box-decoration-break:clone;box-decoration-break:clone;padding-top:0px;padding-right:0px;padding-bottom:0px;padding-left:0px;}<\/style>\n<p class=\"kt-adv-heading814_3e1e8b-22 wp-block-kadence-advancedheading\" data-kb-block=\"kb-adv-heading814_3e1e8b-22\">En 1941, su madre huy\u00f3 con \u00e9l, desde Santiago al desierto salitrero, que seco, duro e impredecible, borr\u00f3 y convirti\u00f3 en adulta su ni\u00f1ez.&nbsp;&nbsp;En 1962, emigr\u00f3 hacia Arica como chofer y operador profesional de maquinaria pesada.&nbsp;&nbsp;Sus vivencias en el desierto las plasm\u00f3 en su novela \u201cUn bigben en el desierto y el diablo en el entuerto\u201d.<\/p>\n<\/div>\n<\/div>\n\n\n<style>.wp-block-kadence-spacer.kt-block-spacer-814_728703-cd .kt-block-spacer{height:60px;}.wp-block-kadence-spacer.kt-block-spacer-814_728703-cd .kt-divider{border-top-width:1px;height:1px;border-top-color:#eee;width:80%;border-top-style:solid;}<\/style>\n<div class=\"wp-block-kadence-spacer aligncenter kt-block-spacer-814_728703-cd\"><div class=\"kt-block-spacer kt-block-spacer-halign-center\"><hr class=\"kt-divider\"\/><\/div><\/div>\n\n\n<style>.wp-block-kadence-advancedbtn.kb-btns814_c52d3d-ed{gap:var(--global-kb-gap-xs, 0.5rem );justify-content:flex-start;align-items:center;}.kt-btns814_c52d3d-ed .kt-button{font-weight:normal;font-style:normal;}.kt-btns814_c52d3d-ed .kt-btn-wrap-0{margin-right:5px;}.wp-block-kadence-advancedbtn.kt-btns814_c52d3d-ed .kt-btn-wrap-0 .kt-button{color:#555555;border-color:#555555;}.wp-block-kadence-advancedbtn.kt-btns814_c52d3d-ed .kt-btn-wrap-0 .kt-button:hover, .wp-block-kadence-advancedbtn.kt-btns814_c52d3d-ed .kt-btn-wrap-0 .kt-button:focus{color:#ffffff;border-color:#444444;}.wp-block-kadence-advancedbtn.kt-btns814_c52d3d-ed .kt-btn-wrap-0 .kt-button::before{display:none;}.wp-block-kadence-advancedbtn.kt-btns814_c52d3d-ed .kt-btn-wrap-0 .kt-button:hover, .wp-block-kadence-advancedbtn.kt-btns814_c52d3d-ed .kt-btn-wrap-0 .kt-button:focus{background:#444444;}<\/style>\n<div class=\"wp-block-kadence-advancedbtn kb-buttons-wrap kb-btns814_c52d3d-ed\"><style>ul.menu .wp-block-kadence-advancedbtn .kb-btn814_383c63-70.kb-button{width:initial;}<\/style><a class=\"kb-button kt-button button kb-btn814_383c63-70 kt-btn-size-standard kt-btn-width-type-auto kb-btn-global-fill kt-btn-has-text-true kt-btn-has-svg-false wp-block-kadence-singlebtn\" href=\"https:\/\/renacereditorial.cl\/index.php\/titulos\/\"><span class=\"kt-btn-inner-text\">volver<\/span><\/a><\/div>\n\n\n\n<p><\/p>\n","protected":false},"excerpt":{"rendered":"<p>Un Big Ben en el Desierto y el Diablo en el entuerto UN BIG BEN EN EL DESIERTO Y EL DIABLO EN EL ENTUERTOJuan Salinas Salazar En estas breves l\u00edneas, se relatan las vivencias y aventuras de dos j\u00f3venes amigos, que mientras cuidaban, limpiaban y daban cuerda al majestuoso reloj Big Ben ubicado en la&#8230;<\/p>\n","protected":false},"author":1,"featured_media":0,"parent":0,"menu_order":0,"comment_status":"closed","ping_status":"closed","template":"","meta":{"_kadence_starter_templates_imported_post":false,"_kad_post_transparent":"","_kad_post_title":"hide","_kad_post_layout":"fullwidth","_kad_post_sidebar_id":"","_kad_post_content_style":"","_kad_post_vertical_padding":"hide","_kad_post_feature":"hide","_kad_post_feature_position":"","_kad_post_header":false,"_kad_post_footer":false,"footnotes":""},"class_list":["post-814","page","type-page","status-publish","hentry"],"_links":{"self":[{"href":"https:\/\/renacereditorial.cl\/index.php\/wp-json\/wp\/v2\/pages\/814","targetHints":{"allow":["GET"]}}],"collection":[{"href":"https:\/\/renacereditorial.cl\/index.php\/wp-json\/wp\/v2\/pages"}],"about":[{"href":"https:\/\/renacereditorial.cl\/index.php\/wp-json\/wp\/v2\/types\/page"}],"author":[{"embeddable":true,"href":"https:\/\/renacereditorial.cl\/index.php\/wp-json\/wp\/v2\/users\/1"}],"replies":[{"embeddable":true,"href":"https:\/\/renacereditorial.cl\/index.php\/wp-json\/wp\/v2\/comments?post=814"}],"version-history":[{"count":3,"href":"https:\/\/renacereditorial.cl\/index.php\/wp-json\/wp\/v2\/pages\/814\/revisions"}],"predecessor-version":[{"id":869,"href":"https:\/\/renacereditorial.cl\/index.php\/wp-json\/wp\/v2\/pages\/814\/revisions\/869"}],"wp:attachment":[{"href":"https:\/\/renacereditorial.cl\/index.php\/wp-json\/wp\/v2\/media?parent=814"}],"curies":[{"name":"wp","href":"https:\/\/api.w.org\/{rel}","templated":true}]}}