{"id":811,"date":"2024-10-14T20:34:41","date_gmt":"2024-10-14T20:34:41","guid":{"rendered":"https:\/\/renacereditorial.cl\/?page_id=811"},"modified":"2024-10-23T19:32:32","modified_gmt":"2024-10-23T19:32:32","slug":"yo-no-era-el-monstruo","status":"publish","type":"page","link":"https:\/\/renacereditorial.cl\/index.php\/yo-no-era-el-monstruo\/","title":{"rendered":"YO NO ERA EL MONSTRUO"},"content":{"rendered":"<style>.kb-row-layout-id811_a352a7-b6 > .kt-row-column-wrap{align-content:start;}:where(.kb-row-layout-id811_a352a7-b6 > .kt-row-column-wrap) > .wp-block-kadence-column{justify-content:start;}.kb-row-layout-id811_a352a7-b6 > .kt-row-column-wrap{column-gap:var(--global-kb-gap-md, 2rem);row-gap:var(--global-kb-gap-md, 2rem);max-width:var( --global-content-width, 1290px );padding-left:var(--global-content-edge-padding);padding-right:var(--global-content-edge-padding);padding-top:116px;padding-bottom:60px;grid-template-columns:minmax(0, 1fr);}.kb-row-layout-id811_a352a7-b6 > .kt-row-layout-overlay{opacity:0.30;}@media all and (max-width: 1024px){.kb-row-layout-id811_a352a7-b6 > .kt-row-column-wrap{padding-top:60px;grid-template-columns:minmax(0, 1fr);}}@media all and (max-width: 767px){.kb-row-layout-id811_a352a7-b6 > .kt-row-column-wrap{padding-top:140px;grid-template-columns:minmax(0, 1fr);}}<\/style><div class=\"kb-row-layout-wrap kb-row-layout-id811_a352a7-b6 alignnone has-theme-palette8-background-color kt-row-has-bg wp-block-kadence-rowlayout\"><div class=\"kt-row-column-wrap kt-has-1-columns kt-row-layout-equal kt-tab-layout-inherit kt-mobile-layout-row kt-row-valign-top kb-theme-content-width\">\n<style>.kadence-column811_f57c89-24 > .kt-inside-inner-col,.kadence-column811_f57c89-24 > .kt-inside-inner-col:before{border-top-left-radius:0px;border-top-right-radius:0px;border-bottom-right-radius:0px;border-bottom-left-radius:0px;}.kadence-column811_f57c89-24 > .kt-inside-inner-col{column-gap:var(--global-kb-gap-sm, 1rem);}.kadence-column811_f57c89-24 > .kt-inside-inner-col{flex-direction:column;}.kadence-column811_f57c89-24 > .kt-inside-inner-col > .aligncenter{width:100%;}.kadence-column811_f57c89-24 > .kt-inside-inner-col:before{opacity:0.3;}.kadence-column811_f57c89-24{position:relative;}@media all and (max-width: 1024px){.kadence-column811_f57c89-24 > .kt-inside-inner-col{flex-direction:column;}}@media all and (max-width: 767px){.kadence-column811_f57c89-24 > .kt-inside-inner-col{flex-direction:column;}}<\/style>\n<div class=\"wp-block-kadence-column kadence-column811_f57c89-24 inner-column-1\"><div class=\"kt-inside-inner-col\"><style>.kb-row-layout-id811_a0aef2-5e > .kt-row-column-wrap{align-content:start;}:where(.kb-row-layout-id811_a0aef2-5e > .kt-row-column-wrap) > .wp-block-kadence-column{justify-content:start;}.kb-row-layout-id811_a0aef2-5e > .kt-row-column-wrap{column-gap:var(--global-kb-gap-md, 2rem);row-gap:var(--global-kb-gap-md, 2rem);max-width:600px;margin-left:auto;margin-right:auto;padding-top:0px;padding-bottom:0px;grid-template-columns:minmax(0, 1fr);}.kb-row-layout-id811_a0aef2-5e > .kt-row-layout-overlay{opacity:0.30;}@media all and (max-width: 1024px){.kb-row-layout-id811_a0aef2-5e > .kt-row-column-wrap{max-width:600px;margin-left:auto;margin-right:auto;grid-template-columns:minmax(0, 1fr);}}@media all and (max-width: 767px){.kb-row-layout-id811_a0aef2-5e > .kt-row-column-wrap{grid-template-columns:minmax(0, 1fr);}}<\/style><div class=\"kb-row-layout-wrap kb-row-layout-id811_a0aef2-5e alignnone wp-block-kadence-rowlayout\"><div class=\"kt-row-column-wrap kt-has-1-columns kt-row-layout-equal kt-tab-layout-inherit kt-mobile-layout-row kt-row-valign-top\">\n<style>.kadence-column811_dd8226-d3 > .kt-inside-inner-col,.kadence-column811_dd8226-d3 > .kt-inside-inner-col:before{border-top-left-radius:0px;border-top-right-radius:0px;border-bottom-right-radius:0px;border-bottom-left-radius:0px;}.kadence-column811_dd8226-d3 > .kt-inside-inner-col{column-gap:var(--global-kb-gap-sm, 1rem);}.kadence-column811_dd8226-d3 > .kt-inside-inner-col{flex-direction:column;}.kadence-column811_dd8226-d3 > .kt-inside-inner-col > .aligncenter{width:100%;}.kadence-column811_dd8226-d3 > .kt-inside-inner-col:before{opacity:0.3;}.kadence-column811_dd8226-d3{position:relative;}@media all and (max-width: 1024px){.kadence-column811_dd8226-d3 > .kt-inside-inner-col{flex-direction:column;}}@media all and (max-width: 767px){.kadence-column811_dd8226-d3 > .kt-inside-inner-col{flex-direction:column;}}<\/style>\n<div class=\"wp-block-kadence-column kadence-column811_dd8226-d3 inner-column-1\"><div class=\"kt-inside-inner-col\"><style>.wp-block-kadence-advancedheading.kt-adv-heading811_30f9ab-5c, .wp-block-kadence-advancedheading.kt-adv-heading811_30f9ab-5c[data-kb-block=\"kb-adv-heading811_30f9ab-5c\"]{margin-bottom:20px;text-align:center;font-size:70px;line-height:70px;font-style:normal;}.wp-block-kadence-advancedheading.kt-adv-heading811_30f9ab-5c mark.kt-highlight, .wp-block-kadence-advancedheading.kt-adv-heading811_30f9ab-5c[data-kb-block=\"kb-adv-heading811_30f9ab-5c\"] mark.kt-highlight{font-style:normal;color:#f76a0c;-webkit-box-decoration-break:clone;box-decoration-break:clone;padding-top:0px;padding-right:0px;padding-bottom:0px;padding-left:0px;}@media all and (max-width: 1024px){.wp-block-kadence-advancedheading.kt-adv-heading811_30f9ab-5c, .wp-block-kadence-advancedheading.kt-adv-heading811_30f9ab-5c[data-kb-block=\"kb-adv-heading811_30f9ab-5c\"]{font-size:55px;}}@media all and (max-width: 767px){.wp-block-kadence-advancedheading.kt-adv-heading811_30f9ab-5c, .wp-block-kadence-advancedheading.kt-adv-heading811_30f9ab-5c[data-kb-block=\"kb-adv-heading811_30f9ab-5c\"]{font-size:45px;}}<\/style>\n<h1 class=\"kt-adv-heading811_30f9ab-5c wp-block-kadence-advancedheading\" data-kb-block=\"kb-adv-heading811_30f9ab-5c\">Yo no era el monstruo<\/h1>\n<\/div><\/div>\n\n<\/div><\/div><\/div><\/div>\n\n<\/div><\/div>\n\n<style>.wp-block-kadence-spacer.kt-block-spacer-811_089e40-ce .kt-block-spacer{height:75px;}.wp-block-kadence-spacer.kt-block-spacer-811_089e40-ce .kt-divider{border-top-width:1px;height:1px;border-top-color:#eee;width:80%;border-top-style:solid;}<\/style>\n<div class=\"wp-block-kadence-spacer aligncenter kt-block-spacer-811_089e40-ce\"><div class=\"kt-block-spacer kt-block-spacer-halign-center\"><hr class=\"kt-divider\"\/><\/div><\/div>\n\n\n\n<div class=\"wp-block-columns is-layout-flex wp-container-core-columns-is-layout-9d6595d7 wp-block-columns-is-layout-flex\">\n<div class=\"wp-block-column is-layout-flow wp-block-column-is-layout-flow\" style=\"flex-basis:33.33%\"><style>.kb-image811_d2beda-b7.kb-image-is-ratio-size, .kb-image811_d2beda-b7 .kb-image-is-ratio-size{max-width:288px;width:100%;}.wp-block-kadence-column > .kt-inside-inner-col > .kb-image811_d2beda-b7.kb-image-is-ratio-size, .wp-block-kadence-column > .kt-inside-inner-col > .kb-image811_d2beda-b7 .kb-image-is-ratio-size{align-self:unset;}.kb-image811_d2beda-b7{max-width:288px;}.image-is-svg.kb-image811_d2beda-b7{-webkit-flex:0 1 100%;flex:0 1 100%;}.image-is-svg.kb-image811_d2beda-b7 img{width:100%;}.kb-image811_d2beda-b7 .kb-image-has-overlay:after{opacity:0.3;}<\/style>\n<figure class=\"wp-block-kadence-image kb-image811_d2beda-b7 size-full\"><img loading=\"lazy\" decoding=\"async\" width=\"524\" height=\"800\" src=\"https:\/\/renacereditorial.cl\/wp-content\/uploads\/2024\/09\/monstruo.jpg\" alt=\"\" class=\"kb-img wp-image-638\" srcset=\"https:\/\/renacereditorial.cl\/wp-content\/uploads\/2024\/09\/monstruo.jpg 524w, https:\/\/renacereditorial.cl\/wp-content\/uploads\/2024\/09\/monstruo-197x300.jpg 197w\" sizes=\"auto, (max-width: 524px) 100vw, 524px\" \/><\/figure>\n<\/div>\n\n\n\n<div class=\"wp-block-column is-layout-flow wp-block-column-is-layout-flow\" style=\"flex-basis:66.66%\"><style>.wp-block-kadence-advancedheading.kt-adv-heading811_a2bbfb-3f, .wp-block-kadence-advancedheading.kt-adv-heading811_a2bbfb-3f[data-kb-block=\"kb-adv-heading811_a2bbfb-3f\"]{font-style:normal;}.wp-block-kadence-advancedheading.kt-adv-heading811_a2bbfb-3f mark.kt-highlight, .wp-block-kadence-advancedheading.kt-adv-heading811_a2bbfb-3f[data-kb-block=\"kb-adv-heading811_a2bbfb-3f\"] mark.kt-highlight{font-style:normal;color:#f76a0c;-webkit-box-decoration-break:clone;box-decoration-break:clone;padding-top:0px;padding-right:0px;padding-bottom:0px;padding-left:0px;}<\/style>\n<p class=\"kt-adv-heading811_a2bbfb-3f wp-block-kadence-advancedheading\" data-kb-block=\"kb-adv-heading811_a2bbfb-3f\"><strong>YO NO ERA EL MONSTRUO<\/strong><br>Javiera Ram\u00edrez Torres<br><br>\u00abYo no era el monstruo\u00bb de Javiera Ram\u00edrez Torres es una conmovedora narrativa que nos sumerge en el \u00edntimo diario de Alma, la protagonista, mientras relata su doloroso viaje a trav\u00e9s del abuso, la superaci\u00f3n personal y la sanaci\u00f3n. Este diario no solo es un testimonio de las cicatrices del pasado, sino tambi\u00e9n un relato de autodescubrimiento y amor propio. A trav\u00e9s de sus p\u00e1ginas, experimentamos la valent\u00eda de Alma al enfrentar su trauma infantil y aprender a sanar las heridas emocionales. Con una prosa honesta y conmovedora, Javiera nos invita a reflexionar sobre la resiliencia del esp\u00edritu humano y la importancia de la autoaceptaci\u00f3n en el camino hacia la sanaci\u00f3n. \u00abYo no era el monstruo\u00bb es m\u00e1s que una historia, es un testimonio de esperanza y empoderamiento para todos aquellos que luchan por encontrar la luz en medio de la oscuridad.<\/p>\n\n\n<style>.wp-block-kadence-advancedbtn.kb-btns811_2253b8-b2{gap:var(--global-kb-gap-xs, 0.5rem );justify-content:flex-start;align-items:center;}.kt-btns811_2253b8-b2 .kt-button{font-weight:normal;font-style:normal;}.kt-btns811_2253b8-b2 .kt-btn-wrap-0{margin-right:5px;}.wp-block-kadence-advancedbtn.kt-btns811_2253b8-b2 .kt-btn-wrap-0 .kt-button{color:#555555;border-color:#555555;}.wp-block-kadence-advancedbtn.kt-btns811_2253b8-b2 .kt-btn-wrap-0 .kt-button:hover, .wp-block-kadence-advancedbtn.kt-btns811_2253b8-b2 .kt-btn-wrap-0 .kt-button:focus{color:#ffffff;border-color:#444444;}.wp-block-kadence-advancedbtn.kt-btns811_2253b8-b2 .kt-btn-wrap-0 .kt-button::before{display:none;}.wp-block-kadence-advancedbtn.kt-btns811_2253b8-b2 .kt-btn-wrap-0 .kt-button:hover, .wp-block-kadence-advancedbtn.kt-btns811_2253b8-b2 .kt-btn-wrap-0 .kt-button:focus{background:#444444;}<\/style>\n<div class=\"wp-block-kadence-advancedbtn kb-buttons-wrap kb-btns811_2253b8-b2\"><style>ul.menu .wp-block-kadence-advancedbtn .kb-btn811_b14df5-a7.kb-button{width:initial;}<\/style><a class=\"kb-button kt-button button kb-btn811_b14df5-a7 kt-btn-size-standard kt-btn-width-type-auto kb-btn-global-fill kt-btn-has-text-true kt-btn-has-svg-false wp-block-kadence-singlebtn\" href=\"https:\/\/www.amazon.com\/-\/es\/dp\/B0D7QMCKNW\" target=\"_blank\" rel=\"noreferrer noopener\"><span class=\"kt-btn-inner-text\">Comprar<\/span><\/a><\/div>\n<\/div>\n<\/div>\n\n\n\n<div class=\"wp-block-columns is-layout-flex wp-container-core-columns-is-layout-9d6595d7 wp-block-columns-is-layout-flex\">\n<div class=\"wp-block-column is-layout-flow wp-block-column-is-layout-flow\" style=\"flex-basis:33.33%\"><style>.kb-image811_e1624e-e5.kb-image-is-ratio-size, .kb-image811_e1624e-e5 .kb-image-is-ratio-size{max-width:227px;width:100%;}.wp-block-kadence-column > .kt-inside-inner-col > .kb-image811_e1624e-e5.kb-image-is-ratio-size, .wp-block-kadence-column > .kt-inside-inner-col > .kb-image811_e1624e-e5 .kb-image-is-ratio-size{align-self:unset;}.kb-image811_e1624e-e5{max-width:227px;}.image-is-svg.kb-image811_e1624e-e5{-webkit-flex:0 1 100%;flex:0 1 100%;}.image-is-svg.kb-image811_e1624e-e5 img{width:100%;}.kb-image811_e1624e-e5 .kb-image-has-overlay:after{opacity:0.3;}<\/style>\n<figure class=\"wp-block-kadence-image kb-image811_e1624e-e5 size-full\"><img loading=\"lazy\" decoding=\"async\" width=\"512\" height=\"512\" src=\"https:\/\/renacereditorial.cl\/wp-content\/uploads\/2024\/09\/mujerrr.png\" alt=\"\" class=\"kb-img wp-image-644\" srcset=\"https:\/\/renacereditorial.cl\/wp-content\/uploads\/2024\/09\/mujerrr.png 512w, https:\/\/renacereditorial.cl\/wp-content\/uploads\/2024\/09\/mujerrr-300x300.png 300w, https:\/\/renacereditorial.cl\/wp-content\/uploads\/2024\/09\/mujerrr-150x150.png 150w\" sizes=\"auto, (max-width: 512px) 100vw, 512px\" \/><\/figure>\n<\/div>\n\n\n\n<div class=\"wp-block-column is-layout-flow wp-block-column-is-layout-flow\" style=\"flex-basis:66.66%\"><style>.wp-block-kadence-advancedheading.kt-adv-heading811_c04f31-cb, .wp-block-kadence-advancedheading.kt-adv-heading811_c04f31-cb[data-kb-block=\"kb-adv-heading811_c04f31-cb\"]{font-style:normal;}.wp-block-kadence-advancedheading.kt-adv-heading811_c04f31-cb mark.kt-highlight, .wp-block-kadence-advancedheading.kt-adv-heading811_c04f31-cb[data-kb-block=\"kb-adv-heading811_c04f31-cb\"] mark.kt-highlight{font-style:normal;color:#f76a0c;-webkit-box-decoration-break:clone;box-decoration-break:clone;padding-top:0px;padding-right:0px;padding-bottom:0px;padding-left:0px;}<\/style>\n<p class=\"kt-adv-heading811_c04f31-cb wp-block-kadence-advancedheading\" data-kb-block=\"kb-adv-heading811_c04f31-cb\">Graduada en Gesti\u00f3n en Turismo y Cultura, ha encontrado su pasi\u00f3n en las terapias hol\u00edsticas y complementarias. En colaboraci\u00f3n con Senderoluz, utiliza diversas herramientas de sanaci\u00f3n para acompa\u00f1ar, guiar y orientar a las personas en su camino hacia el bienestar. Es autora de \u201cYo no era el Monstruo\u201d.<\/p>\n<\/div>\n<\/div>\n\n\n<style>.wp-block-kadence-spacer.kt-block-spacer-811_c0f3de-af .kt-block-spacer{height:60px;}.wp-block-kadence-spacer.kt-block-spacer-811_c0f3de-af .kt-divider{border-top-width:1px;height:1px;border-top-color:#eee;width:80%;border-top-style:solid;}<\/style>\n<div class=\"wp-block-kadence-spacer aligncenter kt-block-spacer-811_c0f3de-af\"><div class=\"kt-block-spacer kt-block-spacer-halign-center\"><hr class=\"kt-divider\"\/><\/div><\/div>\n\n\n<style>.wp-block-kadence-advancedbtn.kb-btns811_2e83e3-cf{gap:var(--global-kb-gap-xs, 0.5rem );justify-content:flex-start;align-items:center;}.kt-btns811_2e83e3-cf .kt-button{font-weight:normal;font-style:normal;}.kt-btns811_2e83e3-cf .kt-btn-wrap-0{margin-right:5px;}.wp-block-kadence-advancedbtn.kt-btns811_2e83e3-cf .kt-btn-wrap-0 .kt-button{color:#555555;border-color:#555555;}.wp-block-kadence-advancedbtn.kt-btns811_2e83e3-cf .kt-btn-wrap-0 .kt-button:hover, .wp-block-kadence-advancedbtn.kt-btns811_2e83e3-cf .kt-btn-wrap-0 .kt-button:focus{color:#ffffff;border-color:#444444;}.wp-block-kadence-advancedbtn.kt-btns811_2e83e3-cf .kt-btn-wrap-0 .kt-button::before{display:none;}.wp-block-kadence-advancedbtn.kt-btns811_2e83e3-cf .kt-btn-wrap-0 .kt-button:hover, .wp-block-kadence-advancedbtn.kt-btns811_2e83e3-cf .kt-btn-wrap-0 .kt-button:focus{background:#444444;}<\/style>\n<div class=\"wp-block-kadence-advancedbtn kb-buttons-wrap kb-btns811_2e83e3-cf\"><style>ul.menu .wp-block-kadence-advancedbtn .kb-btn811_6c2ac2-e8.kb-button{width:initial;}<\/style><a class=\"kb-button kt-button button kb-btn811_6c2ac2-e8 kt-btn-size-standard kt-btn-width-type-auto kb-btn-global-fill kt-btn-has-text-true kt-btn-has-svg-false wp-block-kadence-singlebtn\" href=\"https:\/\/renacereditorial.cl\/index.php\/titulos\/\"><span class=\"kt-btn-inner-text\">volver<\/span><\/a><\/div>\n\n\n\n<p><\/p>\n","protected":false},"excerpt":{"rendered":"<p>Yo no era el monstruo YO NO ERA EL MONSTRUOJaviera Ram\u00edrez Torres \u00abYo no era el monstruo\u00bb de Javiera Ram\u00edrez Torres es una conmovedora narrativa que nos sumerge en el \u00edntimo diario de Alma, la protagonista, mientras relata su doloroso viaje a trav\u00e9s del abuso, la superaci\u00f3n personal y la sanaci\u00f3n. Este diario no solo&#8230;<\/p>\n","protected":false},"author":1,"featured_media":0,"parent":0,"menu_order":0,"comment_status":"closed","ping_status":"closed","template":"","meta":{"_kadence_starter_templates_imported_post":false,"_kad_post_transparent":"","_kad_post_title":"hide","_kad_post_layout":"fullwidth","_kad_post_sidebar_id":"","_kad_post_content_style":"","_kad_post_vertical_padding":"hide","_kad_post_feature":"hide","_kad_post_feature_position":"","_kad_post_header":false,"_kad_post_footer":false,"footnotes":""},"class_list":["post-811","page","type-page","status-publish","hentry"],"_links":{"self":[{"href":"https:\/\/renacereditorial.cl\/index.php\/wp-json\/wp\/v2\/pages\/811","targetHints":{"allow":["GET"]}}],"collection":[{"href":"https:\/\/renacereditorial.cl\/index.php\/wp-json\/wp\/v2\/pages"}],"about":[{"href":"https:\/\/renacereditorial.cl\/index.php\/wp-json\/wp\/v2\/types\/page"}],"author":[{"embeddable":true,"href":"https:\/\/renacereditorial.cl\/index.php\/wp-json\/wp\/v2\/users\/1"}],"replies":[{"embeddable":true,"href":"https:\/\/renacereditorial.cl\/index.php\/wp-json\/wp\/v2\/comments?post=811"}],"version-history":[{"count":2,"href":"https:\/\/renacereditorial.cl\/index.php\/wp-json\/wp\/v2\/pages\/811\/revisions"}],"predecessor-version":[{"id":867,"href":"https:\/\/renacereditorial.cl\/index.php\/wp-json\/wp\/v2\/pages\/811\/revisions\/867"}],"wp:attachment":[{"href":"https:\/\/renacereditorial.cl\/index.php\/wp-json\/wp\/v2\/media?parent=811"}],"curies":[{"name":"wp","href":"https:\/\/api.w.org\/{rel}","templated":true}]}}