{"id":808,"date":"2024-10-14T20:31:07","date_gmt":"2024-10-14T20:31:07","guid":{"rendered":"https:\/\/renacereditorial.cl\/?page_id=808"},"modified":"2024-10-23T19:31:50","modified_gmt":"2024-10-23T19:31:50","slug":"mujeres-del-pantano","status":"publish","type":"page","link":"https:\/\/renacereditorial.cl\/index.php\/mujeres-del-pantano\/","title":{"rendered":"MUJERES DEL PANTANO"},"content":{"rendered":"<style>.kb-row-layout-id808_cea747-35 > .kt-row-column-wrap{align-content:start;}:where(.kb-row-layout-id808_cea747-35 > .kt-row-column-wrap) > .wp-block-kadence-column{justify-content:start;}.kb-row-layout-id808_cea747-35 > .kt-row-column-wrap{column-gap:var(--global-kb-gap-md, 2rem);row-gap:var(--global-kb-gap-md, 2rem);max-width:var( --global-content-width, 1290px );padding-left:var(--global-content-edge-padding);padding-right:var(--global-content-edge-padding);padding-top:116px;padding-bottom:60px;grid-template-columns:minmax(0, 1fr);}.kb-row-layout-id808_cea747-35 > .kt-row-layout-overlay{opacity:0.30;}@media all and (max-width: 1024px){.kb-row-layout-id808_cea747-35 > .kt-row-column-wrap{padding-top:60px;grid-template-columns:minmax(0, 1fr);}}@media all and (max-width: 767px){.kb-row-layout-id808_cea747-35 > .kt-row-column-wrap{padding-top:140px;grid-template-columns:minmax(0, 1fr);}}<\/style><div class=\"kb-row-layout-wrap kb-row-layout-id808_cea747-35 alignnone has-theme-palette8-background-color kt-row-has-bg wp-block-kadence-rowlayout\"><div class=\"kt-row-column-wrap kt-has-1-columns kt-row-layout-equal kt-tab-layout-inherit kt-mobile-layout-row kt-row-valign-top kb-theme-content-width\">\n<style>.kadence-column808_f346eb-35 > .kt-inside-inner-col,.kadence-column808_f346eb-35 > .kt-inside-inner-col:before{border-top-left-radius:0px;border-top-right-radius:0px;border-bottom-right-radius:0px;border-bottom-left-radius:0px;}.kadence-column808_f346eb-35 > .kt-inside-inner-col{column-gap:var(--global-kb-gap-sm, 1rem);}.kadence-column808_f346eb-35 > .kt-inside-inner-col{flex-direction:column;}.kadence-column808_f346eb-35 > .kt-inside-inner-col > .aligncenter{width:100%;}.kadence-column808_f346eb-35 > .kt-inside-inner-col:before{opacity:0.3;}.kadence-column808_f346eb-35{position:relative;}@media all and (max-width: 1024px){.kadence-column808_f346eb-35 > .kt-inside-inner-col{flex-direction:column;}}@media all and (max-width: 767px){.kadence-column808_f346eb-35 > .kt-inside-inner-col{flex-direction:column;}}<\/style>\n<div class=\"wp-block-kadence-column kadence-column808_f346eb-35 inner-column-1\"><div class=\"kt-inside-inner-col\"><style>.kb-row-layout-id808_a6d6f4-90 > .kt-row-column-wrap{align-content:start;}:where(.kb-row-layout-id808_a6d6f4-90 > .kt-row-column-wrap) > .wp-block-kadence-column{justify-content:start;}.kb-row-layout-id808_a6d6f4-90 > .kt-row-column-wrap{column-gap:var(--global-kb-gap-md, 2rem);row-gap:var(--global-kb-gap-md, 2rem);max-width:600px;margin-left:auto;margin-right:auto;padding-top:0px;padding-bottom:0px;grid-template-columns:minmax(0, 1fr);}.kb-row-layout-id808_a6d6f4-90 > .kt-row-layout-overlay{opacity:0.30;}@media all and (max-width: 1024px){.kb-row-layout-id808_a6d6f4-90 > .kt-row-column-wrap{max-width:600px;margin-left:auto;margin-right:auto;grid-template-columns:minmax(0, 1fr);}}@media all and (max-width: 767px){.kb-row-layout-id808_a6d6f4-90 > .kt-row-column-wrap{grid-template-columns:minmax(0, 1fr);}}<\/style><div class=\"kb-row-layout-wrap kb-row-layout-id808_a6d6f4-90 alignnone wp-block-kadence-rowlayout\"><div class=\"kt-row-column-wrap kt-has-1-columns kt-row-layout-equal kt-tab-layout-inherit kt-mobile-layout-row kt-row-valign-top\">\n<style>.kadence-column808_62fa74-04 > .kt-inside-inner-col,.kadence-column808_62fa74-04 > .kt-inside-inner-col:before{border-top-left-radius:0px;border-top-right-radius:0px;border-bottom-right-radius:0px;border-bottom-left-radius:0px;}.kadence-column808_62fa74-04 > .kt-inside-inner-col{column-gap:var(--global-kb-gap-sm, 1rem);}.kadence-column808_62fa74-04 > .kt-inside-inner-col{flex-direction:column;}.kadence-column808_62fa74-04 > .kt-inside-inner-col > .aligncenter{width:100%;}.kadence-column808_62fa74-04 > .kt-inside-inner-col:before{opacity:0.3;}.kadence-column808_62fa74-04{position:relative;}@media all and (max-width: 1024px){.kadence-column808_62fa74-04 > .kt-inside-inner-col{flex-direction:column;}}@media all and (max-width: 767px){.kadence-column808_62fa74-04 > .kt-inside-inner-col{flex-direction:column;}}<\/style>\n<div class=\"wp-block-kadence-column kadence-column808_62fa74-04 inner-column-1\"><div class=\"kt-inside-inner-col\"><style>.wp-block-kadence-advancedheading.kt-adv-heading808_b415ec-5b, .wp-block-kadence-advancedheading.kt-adv-heading808_b415ec-5b[data-kb-block=\"kb-adv-heading808_b415ec-5b\"]{margin-bottom:20px;text-align:center;font-size:70px;line-height:70px;font-style:normal;}.wp-block-kadence-advancedheading.kt-adv-heading808_b415ec-5b mark.kt-highlight, .wp-block-kadence-advancedheading.kt-adv-heading808_b415ec-5b[data-kb-block=\"kb-adv-heading808_b415ec-5b\"] mark.kt-highlight{font-style:normal;color:#f76a0c;-webkit-box-decoration-break:clone;box-decoration-break:clone;padding-top:0px;padding-right:0px;padding-bottom:0px;padding-left:0px;}@media all and (max-width: 1024px){.wp-block-kadence-advancedheading.kt-adv-heading808_b415ec-5b, .wp-block-kadence-advancedheading.kt-adv-heading808_b415ec-5b[data-kb-block=\"kb-adv-heading808_b415ec-5b\"]{font-size:55px;}}@media all and (max-width: 767px){.wp-block-kadence-advancedheading.kt-adv-heading808_b415ec-5b, .wp-block-kadence-advancedheading.kt-adv-heading808_b415ec-5b[data-kb-block=\"kb-adv-heading808_b415ec-5b\"]{font-size:45px;}}<\/style>\n<h1 class=\"kt-adv-heading808_b415ec-5b wp-block-kadence-advancedheading\" data-kb-block=\"kb-adv-heading808_b415ec-5b\">Mujeres del Pantano<\/h1>\n<\/div><\/div>\n\n<\/div><\/div><\/div><\/div>\n\n<\/div><\/div>\n\n<style>.wp-block-kadence-spacer.kt-block-spacer-808_c3a911-3a .kt-block-spacer{height:75px;}.wp-block-kadence-spacer.kt-block-spacer-808_c3a911-3a .kt-divider{border-top-width:1px;height:1px;border-top-color:#eee;width:80%;border-top-style:solid;}<\/style>\n<div class=\"wp-block-kadence-spacer aligncenter kt-block-spacer-808_c3a911-3a\"><div class=\"kt-block-spacer kt-block-spacer-halign-center\"><hr class=\"kt-divider\"\/><\/div><\/div>\n\n\n\n<div class=\"wp-block-columns is-layout-flex wp-container-core-columns-is-layout-9d6595d7 wp-block-columns-is-layout-flex\">\n<div class=\"wp-block-column is-layout-flow wp-block-column-is-layout-flow\" style=\"flex-basis:33.33%\"><style>.kb-image808_4f765c-f5.kb-image-is-ratio-size, .kb-image808_4f765c-f5 .kb-image-is-ratio-size{max-width:288px;width:100%;}.wp-block-kadence-column > .kt-inside-inner-col > .kb-image808_4f765c-f5.kb-image-is-ratio-size, .wp-block-kadence-column > .kt-inside-inner-col > .kb-image808_4f765c-f5 .kb-image-is-ratio-size{align-self:unset;}.kb-image808_4f765c-f5{max-width:288px;}.image-is-svg.kb-image808_4f765c-f5{-webkit-flex:0 1 100%;flex:0 1 100%;}.image-is-svg.kb-image808_4f765c-f5 img{width:100%;}.kb-image808_4f765c-f5 .kb-image-has-overlay:after{opacity:0.3;}<\/style>\n<figure class=\"wp-block-kadence-image kb-image808_4f765c-f5 size-full\"><img loading=\"lazy\" decoding=\"async\" width=\"524\" height=\"800\" src=\"https:\/\/renacereditorial.cl\/wp-content\/uploads\/2024\/09\/mujeres.jpg\" alt=\"\" class=\"kb-img wp-image-636\" srcset=\"https:\/\/renacereditorial.cl\/wp-content\/uploads\/2024\/09\/mujeres.jpg 524w, https:\/\/renacereditorial.cl\/wp-content\/uploads\/2024\/09\/mujeres-197x300.jpg 197w\" sizes=\"auto, (max-width: 524px) 100vw, 524px\" \/><\/figure>\n<\/div>\n\n\n\n<div class=\"wp-block-column is-layout-flow wp-block-column-is-layout-flow\" style=\"flex-basis:66.66%\"><style>.wp-block-kadence-advancedheading.kt-adv-heading808_a40fbc-1b, .wp-block-kadence-advancedheading.kt-adv-heading808_a40fbc-1b[data-kb-block=\"kb-adv-heading808_a40fbc-1b\"]{font-style:normal;}.wp-block-kadence-advancedheading.kt-adv-heading808_a40fbc-1b mark.kt-highlight, .wp-block-kadence-advancedheading.kt-adv-heading808_a40fbc-1b[data-kb-block=\"kb-adv-heading808_a40fbc-1b\"] mark.kt-highlight{font-style:normal;color:#f76a0c;-webkit-box-decoration-break:clone;box-decoration-break:clone;padding-top:0px;padding-right:0px;padding-bottom:0px;padding-left:0px;}<\/style>\n<p class=\"kt-adv-heading808_a40fbc-1b wp-block-kadence-advancedheading\" data-kb-block=\"kb-adv-heading808_a40fbc-1b\"><strong>MUJERES DEL PANTANO<\/strong><br>Marion Castillo Martinez<br><br>\u00abSi nada nos salva de la muerte, al menos que el amor nos salve de la vida\u00bb. La frase de Pablo Neruda se resume en este libro en la principal protagonista, In\u00e9s, excluida de su familia de origen por el secreto de su nacimiento. Basada en una historia acaecida en Temuco, Chile, entre los a\u00f1os 1900 al 1940. Muestra la vida de Elvira, la que no tuvo hijos, Kuyen, la mapuche. Isolina, la que apost\u00f3 por la hechicer\u00eda para conservar a su hombre. Lucrecia, due\u00f1a de un burdel que busc\u00f3 que sus \u201cni\u00f1as\u201d se educaran, Panchita, la curandera que leg\u00f3 sus saberes. Olga, la canalla. Todas ellas vivieron sus vidas, hundi\u00e9ndose en el pantano en que hab\u00edan nacido o saliendo de su fango.<br><br>La escritora chilena Marion Castillo Mart\u00ednez, licenciada en Psicolog\u00eda, pertenece a la Sociedad de Escritores de Chile, Sede Maule y al C\u00edrculo de Escritores, Lectores y Artistas Visuales de San Javier Tambi\u00e9n ha publicado en revista digital El S\u00edntoma, El Deseo Inconsciente del Autor y del Lector en Literatura &#8211; 2008; La Herencia Invisible &#8211; Actos Inconscientes en el Proceso de Escribir &#8211; 2010; Retorno a lo Sagrado &#8211; Reuni\u00f3n en Torno a una Nueva Forma de Conciencia &#8211; 2011.<\/p>\n\n\n<style>.wp-block-kadence-advancedbtn.kb-btns808_6150cc-51{gap:var(--global-kb-gap-xs, 0.5rem );justify-content:flex-start;align-items:center;}.kt-btns808_6150cc-51 .kt-button{font-weight:normal;font-style:normal;}.kt-btns808_6150cc-51 .kt-btn-wrap-0{margin-right:5px;}.wp-block-kadence-advancedbtn.kt-btns808_6150cc-51 .kt-btn-wrap-0 .kt-button{color:#555555;border-color:#555555;}.wp-block-kadence-advancedbtn.kt-btns808_6150cc-51 .kt-btn-wrap-0 .kt-button:hover, .wp-block-kadence-advancedbtn.kt-btns808_6150cc-51 .kt-btn-wrap-0 .kt-button:focus{color:#ffffff;border-color:#444444;}.wp-block-kadence-advancedbtn.kt-btns808_6150cc-51 .kt-btn-wrap-0 .kt-button::before{display:none;}.wp-block-kadence-advancedbtn.kt-btns808_6150cc-51 .kt-btn-wrap-0 .kt-button:hover, .wp-block-kadence-advancedbtn.kt-btns808_6150cc-51 .kt-btn-wrap-0 .kt-button:focus{background:#444444;}<\/style>\n<div class=\"wp-block-kadence-advancedbtn kb-buttons-wrap kb-btns808_6150cc-51\"><style>ul.menu .wp-block-kadence-advancedbtn .kb-btn808_672377-8d.kb-button{width:initial;}<\/style><a class=\"kb-button kt-button button kb-btn808_672377-8d kt-btn-size-standard kt-btn-width-type-auto kb-btn-global-fill kt-btn-has-text-true kt-btn-has-svg-false wp-block-kadence-singlebtn\" href=\"https:\/\/www.amazon.com\/-\/es\/gp\/product\/B0CZ8RHMQM\/ref=ppx_yo_dt_b_asin_image_o00_s00?ie=UTF8&#038;psc=1\" target=\"_blank\" rel=\"noreferrer noopener\"><span class=\"kt-btn-inner-text\">Comprar<\/span><\/a><\/div>\n<\/div>\n<\/div>\n\n\n\n<div class=\"wp-block-columns is-layout-flex wp-container-core-columns-is-layout-9d6595d7 wp-block-columns-is-layout-flex\">\n<div class=\"wp-block-column is-layout-flow wp-block-column-is-layout-flow\" style=\"flex-basis:33.33%\"><style>.kb-image808_698bef-ff.kb-image-is-ratio-size, .kb-image808_698bef-ff .kb-image-is-ratio-size{max-width:227px;width:100%;}.wp-block-kadence-column > .kt-inside-inner-col > .kb-image808_698bef-ff.kb-image-is-ratio-size, .wp-block-kadence-column > .kt-inside-inner-col > .kb-image808_698bef-ff .kb-image-is-ratio-size{align-self:unset;}.kb-image808_698bef-ff{max-width:227px;}.image-is-svg.kb-image808_698bef-ff{-webkit-flex:0 1 100%;flex:0 1 100%;}.image-is-svg.kb-image808_698bef-ff img{width:100%;}.kb-image808_698bef-ff .kb-image-has-overlay:after{opacity:0.3;}<\/style>\n<figure class=\"wp-block-kadence-image kb-image808_698bef-ff size-full\"><img loading=\"lazy\" decoding=\"async\" width=\"512\" height=\"512\" src=\"https:\/\/renacereditorial.cl\/wp-content\/uploads\/2024\/09\/mujerrr.png\" alt=\"\" class=\"kb-img wp-image-644\" srcset=\"https:\/\/renacereditorial.cl\/wp-content\/uploads\/2024\/09\/mujerrr.png 512w, https:\/\/renacereditorial.cl\/wp-content\/uploads\/2024\/09\/mujerrr-300x300.png 300w, https:\/\/renacereditorial.cl\/wp-content\/uploads\/2024\/09\/mujerrr-150x150.png 150w\" sizes=\"auto, (max-width: 512px) 100vw, 512px\" \/><\/figure>\n<\/div>\n\n\n\n<div class=\"wp-block-column is-layout-flow wp-block-column-is-layout-flow\" style=\"flex-basis:66.66%\"><style>.wp-block-kadence-advancedheading.kt-adv-heading808_5b8154-cd, .wp-block-kadence-advancedheading.kt-adv-heading808_5b8154-cd[data-kb-block=\"kb-adv-heading808_5b8154-cd\"]{font-style:normal;}.wp-block-kadence-advancedheading.kt-adv-heading808_5b8154-cd mark.kt-highlight, .wp-block-kadence-advancedheading.kt-adv-heading808_5b8154-cd[data-kb-block=\"kb-adv-heading808_5b8154-cd\"] mark.kt-highlight{font-style:normal;color:#f76a0c;-webkit-box-decoration-break:clone;box-decoration-break:clone;padding-top:0px;padding-right:0px;padding-bottom:0px;padding-left:0px;}<\/style>\n<p class=\"kt-adv-heading808_5b8154-cd wp-block-kadence-advancedheading\" data-kb-block=\"kb-adv-heading808_5b8154-cd\">Licenciada en Psicolog\u00eda, pertenece a la Sociedad de Escritores de Chile y al C\u00edrculo de Escritores, Lectores y Artistas Visuales de San Javier. Ha publicado diversos trabajos literarios, siendo \u201cMujeres del Pantano\u201d, el \u00faltimo en ver la luz.<\/p>\n<\/div>\n<\/div>\n\n\n<style>.wp-block-kadence-spacer.kt-block-spacer-808_30accb-4c .kt-block-spacer{height:60px;}.wp-block-kadence-spacer.kt-block-spacer-808_30accb-4c .kt-divider{border-top-width:1px;height:1px;border-top-color:#eee;width:80%;border-top-style:solid;}<\/style>\n<div class=\"wp-block-kadence-spacer aligncenter kt-block-spacer-808_30accb-4c\"><div class=\"kt-block-spacer kt-block-spacer-halign-center\"><hr class=\"kt-divider\"\/><\/div><\/div>\n\n\n<style>.wp-block-kadence-advancedbtn.kb-btns808_82f062-fa{gap:var(--global-kb-gap-xs, 0.5rem );justify-content:flex-start;align-items:center;}.kt-btns808_82f062-fa .kt-button{font-weight:normal;font-style:normal;}.kt-btns808_82f062-fa .kt-btn-wrap-0{margin-right:5px;}.wp-block-kadence-advancedbtn.kt-btns808_82f062-fa .kt-btn-wrap-0 .kt-button{color:#555555;border-color:#555555;}.wp-block-kadence-advancedbtn.kt-btns808_82f062-fa .kt-btn-wrap-0 .kt-button:hover, .wp-block-kadence-advancedbtn.kt-btns808_82f062-fa .kt-btn-wrap-0 .kt-button:focus{color:#ffffff;border-color:#444444;}.wp-block-kadence-advancedbtn.kt-btns808_82f062-fa .kt-btn-wrap-0 .kt-button::before{display:none;}.wp-block-kadence-advancedbtn.kt-btns808_82f062-fa .kt-btn-wrap-0 .kt-button:hover, .wp-block-kadence-advancedbtn.kt-btns808_82f062-fa .kt-btn-wrap-0 .kt-button:focus{background:#444444;}<\/style>\n<div class=\"wp-block-kadence-advancedbtn kb-buttons-wrap kb-btns808_82f062-fa\"><style>ul.menu .wp-block-kadence-advancedbtn .kb-btn808_c7bb4a-82.kb-button{width:initial;}<\/style><a class=\"kb-button kt-button button kb-btn808_c7bb4a-82 kt-btn-size-standard kt-btn-width-type-auto kb-btn-global-fill kt-btn-has-text-true kt-btn-has-svg-false wp-block-kadence-singlebtn\" href=\"https:\/\/renacereditorial.cl\/index.php\/titulos\/\"><span class=\"kt-btn-inner-text\">volver<\/span><\/a><\/div>\n\n\n\n<p><\/p>\n","protected":false},"excerpt":{"rendered":"<p>Mujeres del Pantano MUJERES DEL PANTANOMarion Castillo Martinez \u00abSi nada nos salva de la muerte, al menos que el amor nos salve de la vida\u00bb. La frase de Pablo Neruda se resume en este libro en la principal protagonista, In\u00e9s, excluida de su familia de origen por el secreto de su nacimiento. Basada en una&#8230;<\/p>\n","protected":false},"author":1,"featured_media":0,"parent":0,"menu_order":0,"comment_status":"closed","ping_status":"closed","template":"","meta":{"_kadence_starter_templates_imported_post":false,"_kad_post_transparent":"","_kad_post_title":"hide","_kad_post_layout":"fullwidth","_kad_post_sidebar_id":"","_kad_post_content_style":"","_kad_post_vertical_padding":"hide","_kad_post_feature":"hide","_kad_post_feature_position":"","_kad_post_header":false,"_kad_post_footer":false,"footnotes":""},"class_list":["post-808","page","type-page","status-publish","hentry"],"_links":{"self":[{"href":"https:\/\/renacereditorial.cl\/index.php\/wp-json\/wp\/v2\/pages\/808","targetHints":{"allow":["GET"]}}],"collection":[{"href":"https:\/\/renacereditorial.cl\/index.php\/wp-json\/wp\/v2\/pages"}],"about":[{"href":"https:\/\/renacereditorial.cl\/index.php\/wp-json\/wp\/v2\/types\/page"}],"author":[{"embeddable":true,"href":"https:\/\/renacereditorial.cl\/index.php\/wp-json\/wp\/v2\/users\/1"}],"replies":[{"embeddable":true,"href":"https:\/\/renacereditorial.cl\/index.php\/wp-json\/wp\/v2\/comments?post=808"}],"version-history":[{"count":2,"href":"https:\/\/renacereditorial.cl\/index.php\/wp-json\/wp\/v2\/pages\/808\/revisions"}],"predecessor-version":[{"id":866,"href":"https:\/\/renacereditorial.cl\/index.php\/wp-json\/wp\/v2\/pages\/808\/revisions\/866"}],"wp:attachment":[{"href":"https:\/\/renacereditorial.cl\/index.php\/wp-json\/wp\/v2\/media?parent=808"}],"curies":[{"name":"wp","href":"https:\/\/api.w.org\/{rel}","templated":true}]}}