{"id":805,"date":"2024-10-14T20:19:25","date_gmt":"2024-10-14T20:19:25","guid":{"rendered":"https:\/\/renacereditorial.cl\/?page_id=805"},"modified":"2024-10-23T19:24:55","modified_gmt":"2024-10-23T19:24:55","slug":"70-mensajes-biblicos-para-crecer","status":"publish","type":"page","link":"https:\/\/renacereditorial.cl\/index.php\/70-mensajes-biblicos-para-crecer\/","title":{"rendered":"70 MENSAJES B\u00cdBLICOS PARA CRECER"},"content":{"rendered":"<style>.kb-row-layout-id805_f5e2fc-c1 > .kt-row-column-wrap{align-content:start;}:where(.kb-row-layout-id805_f5e2fc-c1 > .kt-row-column-wrap) > .wp-block-kadence-column{justify-content:start;}.kb-row-layout-id805_f5e2fc-c1 > .kt-row-column-wrap{column-gap:var(--global-kb-gap-md, 2rem);row-gap:var(--global-kb-gap-md, 2rem);max-width:var( --global-content-width, 1290px );padding-left:var(--global-content-edge-padding);padding-right:var(--global-content-edge-padding);padding-top:116px;padding-bottom:60px;grid-template-columns:minmax(0, 1fr);}.kb-row-layout-id805_f5e2fc-c1 > .kt-row-layout-overlay{opacity:0.30;}@media all and (max-width: 1024px){.kb-row-layout-id805_f5e2fc-c1 > .kt-row-column-wrap{padding-top:60px;grid-template-columns:minmax(0, 1fr);}}@media all and (max-width: 767px){.kb-row-layout-id805_f5e2fc-c1 > .kt-row-column-wrap{padding-top:140px;grid-template-columns:minmax(0, 1fr);}}<\/style><div class=\"kb-row-layout-wrap kb-row-layout-id805_f5e2fc-c1 alignnone has-theme-palette8-background-color kt-row-has-bg wp-block-kadence-rowlayout\"><div class=\"kt-row-column-wrap kt-has-1-columns kt-row-layout-equal kt-tab-layout-inherit kt-mobile-layout-row kt-row-valign-top kb-theme-content-width\">\n<style>.kadence-column805_e24a77-f4 > .kt-inside-inner-col,.kadence-column805_e24a77-f4 > .kt-inside-inner-col:before{border-top-left-radius:0px;border-top-right-radius:0px;border-bottom-right-radius:0px;border-bottom-left-radius:0px;}.kadence-column805_e24a77-f4 > .kt-inside-inner-col{column-gap:var(--global-kb-gap-sm, 1rem);}.kadence-column805_e24a77-f4 > .kt-inside-inner-col{flex-direction:column;}.kadence-column805_e24a77-f4 > .kt-inside-inner-col > .aligncenter{width:100%;}.kadence-column805_e24a77-f4 > .kt-inside-inner-col:before{opacity:0.3;}.kadence-column805_e24a77-f4{position:relative;}@media all and (max-width: 1024px){.kadence-column805_e24a77-f4 > .kt-inside-inner-col{flex-direction:column;}}@media all and (max-width: 767px){.kadence-column805_e24a77-f4 > .kt-inside-inner-col{flex-direction:column;}}<\/style>\n<div class=\"wp-block-kadence-column kadence-column805_e24a77-f4 inner-column-1\"><div class=\"kt-inside-inner-col\"><style>.kb-row-layout-id805_8bc08a-9d > .kt-row-column-wrap{align-content:start;}:where(.kb-row-layout-id805_8bc08a-9d > .kt-row-column-wrap) > .wp-block-kadence-column{justify-content:start;}.kb-row-layout-id805_8bc08a-9d > .kt-row-column-wrap{column-gap:var(--global-kb-gap-md, 2rem);row-gap:var(--global-kb-gap-md, 2rem);max-width:600px;margin-left:auto;margin-right:auto;padding-top:0px;padding-bottom:0px;grid-template-columns:minmax(0, 1fr);}.kb-row-layout-id805_8bc08a-9d > .kt-row-layout-overlay{opacity:0.30;}@media all and (max-width: 1024px){.kb-row-layout-id805_8bc08a-9d > .kt-row-column-wrap{max-width:600px;margin-left:auto;margin-right:auto;grid-template-columns:minmax(0, 1fr);}}@media all and (max-width: 767px){.kb-row-layout-id805_8bc08a-9d > .kt-row-column-wrap{grid-template-columns:minmax(0, 1fr);}}<\/style><div class=\"kb-row-layout-wrap kb-row-layout-id805_8bc08a-9d alignnone wp-block-kadence-rowlayout\"><div class=\"kt-row-column-wrap kt-has-1-columns kt-row-layout-equal kt-tab-layout-inherit kt-mobile-layout-row kt-row-valign-top\">\n<style>.kadence-column805_23634c-70 > .kt-inside-inner-col,.kadence-column805_23634c-70 > .kt-inside-inner-col:before{border-top-left-radius:0px;border-top-right-radius:0px;border-bottom-right-radius:0px;border-bottom-left-radius:0px;}.kadence-column805_23634c-70 > .kt-inside-inner-col{column-gap:var(--global-kb-gap-sm, 1rem);}.kadence-column805_23634c-70 > .kt-inside-inner-col{flex-direction:column;}.kadence-column805_23634c-70 > .kt-inside-inner-col > .aligncenter{width:100%;}.kadence-column805_23634c-70 > .kt-inside-inner-col:before{opacity:0.3;}.kadence-column805_23634c-70{position:relative;}@media all and (max-width: 1024px){.kadence-column805_23634c-70 > .kt-inside-inner-col{flex-direction:column;}}@media all and (max-width: 767px){.kadence-column805_23634c-70 > .kt-inside-inner-col{flex-direction:column;}}<\/style>\n<div class=\"wp-block-kadence-column kadence-column805_23634c-70 inner-column-1\"><div class=\"kt-inside-inner-col\"><style>.wp-block-kadence-advancedheading.kt-adv-heading805_a1478c-e5, .wp-block-kadence-advancedheading.kt-adv-heading805_a1478c-e5[data-kb-block=\"kb-adv-heading805_a1478c-e5\"]{margin-bottom:20px;text-align:center;font-size:70px;line-height:70px;font-style:normal;}.wp-block-kadence-advancedheading.kt-adv-heading805_a1478c-e5 mark.kt-highlight, .wp-block-kadence-advancedheading.kt-adv-heading805_a1478c-e5[data-kb-block=\"kb-adv-heading805_a1478c-e5\"] mark.kt-highlight{font-style:normal;color:#f76a0c;-webkit-box-decoration-break:clone;box-decoration-break:clone;padding-top:0px;padding-right:0px;padding-bottom:0px;padding-left:0px;}@media all and (max-width: 1024px){.wp-block-kadence-advancedheading.kt-adv-heading805_a1478c-e5, .wp-block-kadence-advancedheading.kt-adv-heading805_a1478c-e5[data-kb-block=\"kb-adv-heading805_a1478c-e5\"]{font-size:55px;}}@media all and (max-width: 767px){.wp-block-kadence-advancedheading.kt-adv-heading805_a1478c-e5, .wp-block-kadence-advancedheading.kt-adv-heading805_a1478c-e5[data-kb-block=\"kb-adv-heading805_a1478c-e5\"]{font-size:45px;}}<\/style>\n<h1 class=\"kt-adv-heading805_a1478c-e5 wp-block-kadence-advancedheading\" data-kb-block=\"kb-adv-heading805_a1478c-e5\">70 Mensajes B\u00edblicos para crecer<\/h1>\n<\/div><\/div>\n\n<\/div><\/div><\/div><\/div>\n\n<\/div><\/div>\n\n<style>.wp-block-kadence-spacer.kt-block-spacer-805_ef648d-7a .kt-block-spacer{height:75px;}.wp-block-kadence-spacer.kt-block-spacer-805_ef648d-7a .kt-divider{border-top-width:1px;height:1px;border-top-color:#eee;width:80%;border-top-style:solid;}<\/style>\n<div class=\"wp-block-kadence-spacer aligncenter kt-block-spacer-805_ef648d-7a\"><div class=\"kt-block-spacer kt-block-spacer-halign-center\"><hr class=\"kt-divider\"\/><\/div><\/div>\n\n\n\n<div class=\"wp-block-columns is-layout-flex wp-container-core-columns-is-layout-9d6595d7 wp-block-columns-is-layout-flex\">\n<div class=\"wp-block-column is-layout-flow wp-block-column-is-layout-flow\" style=\"flex-basis:33.33%\"><style>.kb-image805_1082e8-7a.kb-image-is-ratio-size, .kb-image805_1082e8-7a .kb-image-is-ratio-size{max-width:288px;width:100%;}.wp-block-kadence-column > .kt-inside-inner-col > .kb-image805_1082e8-7a.kb-image-is-ratio-size, .wp-block-kadence-column > .kt-inside-inner-col > .kb-image805_1082e8-7a .kb-image-is-ratio-size{align-self:unset;}.kb-image805_1082e8-7a{max-width:288px;}.image-is-svg.kb-image805_1082e8-7a{-webkit-flex:0 1 100%;flex:0 1 100%;}.image-is-svg.kb-image805_1082e8-7a img{width:100%;}.kb-image805_1082e8-7a .kb-image-has-overlay:after{opacity:0.3;}<\/style>\n<figure class=\"wp-block-kadence-image kb-image805_1082e8-7a size-full\"><img loading=\"lazy\" decoding=\"async\" width=\"524\" height=\"800\" src=\"https:\/\/renacereditorial.cl\/wp-content\/uploads\/2024\/09\/70mens.jpg\" alt=\"\" class=\"kb-img wp-image-635\" srcset=\"https:\/\/renacereditorial.cl\/wp-content\/uploads\/2024\/09\/70mens.jpg 524w, https:\/\/renacereditorial.cl\/wp-content\/uploads\/2024\/09\/70mens-197x300.jpg 197w\" sizes=\"auto, (max-width: 524px) 100vw, 524px\" \/><\/figure>\n<\/div>\n\n\n\n<div class=\"wp-block-column is-layout-flow wp-block-column-is-layout-flow\" style=\"flex-basis:66.66%\"><style>.wp-block-kadence-advancedheading.kt-adv-heading805_d0d361-43, .wp-block-kadence-advancedheading.kt-adv-heading805_d0d361-43[data-kb-block=\"kb-adv-heading805_d0d361-43\"]{font-style:normal;}.wp-block-kadence-advancedheading.kt-adv-heading805_d0d361-43 mark.kt-highlight, .wp-block-kadence-advancedheading.kt-adv-heading805_d0d361-43[data-kb-block=\"kb-adv-heading805_d0d361-43\"] mark.kt-highlight{font-style:normal;color:#f76a0c;-webkit-box-decoration-break:clone;box-decoration-break:clone;padding-top:0px;padding-right:0px;padding-bottom:0px;padding-left:0px;}<\/style>\n<p class=\"kt-adv-heading805_d0d361-43 wp-block-kadence-advancedheading\" data-kb-block=\"kb-adv-heading805_d0d361-43\"><strong>70 MENSAJES B\u00cdBLICOS PARA CRECER<\/strong><br>Matia Isabel Ojeda<br><br>\u00ab70 Mensajes B\u00edblicos para Crecer\u00bb contiene temas motivacionales, pastorales y escatol\u00f3gicos, escritos en un lenguaje sencillo y ameno. Hablan de Fe, esperanza y amor; son una gu\u00eda para vivir mejor, considerando los planes y prop\u00f3sitos de Dios tiene para su creaci\u00f3n. La autora presenta mensajes tanto del Antiguo como del Nuevo testamento, ense\u00f1anzas que siempre son actuales, asi como instruyeron en el pasado, tambien est\u00e1n vigentes para educar en la vida moderna.<br><br>La sabidur\u00eda de la Biblia es ilimitada y est\u00e1 al servicio del hombre.<\/p>\n\n\n<style>.wp-block-kadence-advancedbtn.kb-btns805_bc9779-56{gap:var(--global-kb-gap-xs, 0.5rem );justify-content:flex-start;align-items:center;}.kt-btns805_bc9779-56 .kt-button{font-weight:normal;font-style:normal;}.kt-btns805_bc9779-56 .kt-btn-wrap-0{margin-right:5px;}.wp-block-kadence-advancedbtn.kt-btns805_bc9779-56 .kt-btn-wrap-0 .kt-button{color:#555555;border-color:#555555;}.wp-block-kadence-advancedbtn.kt-btns805_bc9779-56 .kt-btn-wrap-0 .kt-button:hover, .wp-block-kadence-advancedbtn.kt-btns805_bc9779-56 .kt-btn-wrap-0 .kt-button:focus{color:#ffffff;border-color:#444444;}.wp-block-kadence-advancedbtn.kt-btns805_bc9779-56 .kt-btn-wrap-0 .kt-button::before{display:none;}.wp-block-kadence-advancedbtn.kt-btns805_bc9779-56 .kt-btn-wrap-0 .kt-button:hover, .wp-block-kadence-advancedbtn.kt-btns805_bc9779-56 .kt-btn-wrap-0 .kt-button:focus{background:#444444;}<\/style>\n<div class=\"wp-block-kadence-advancedbtn kb-buttons-wrap kb-btns805_bc9779-56\"><style>ul.menu .wp-block-kadence-advancedbtn .kb-btn805_045406-9f.kb-button{width:initial;}<\/style><a class=\"kb-button kt-button button kb-btn805_045406-9f kt-btn-size-standard kt-btn-width-type-auto kb-btn-global-fill kt-btn-has-text-true kt-btn-has-svg-false wp-block-kadence-singlebtn\" href=\"https:\/\/www.amazon.com\/-\/es\/Mar\u00eda-Isabel-Ojeda-Barria\/dp\/B0CLTS25FM\/ref=tmm_pap_swatch_0?_encoding=UTF8&#038;qid=1699275227&#038;sr=8-1\" target=\"_blank\" rel=\"noreferrer noopener\"><span class=\"kt-btn-inner-text\">Comprar<\/span><\/a><\/div>\n<\/div>\n<\/div>\n\n\n\n<div class=\"wp-block-columns is-layout-flex wp-container-core-columns-is-layout-9d6595d7 wp-block-columns-is-layout-flex\">\n<div class=\"wp-block-column is-layout-flow wp-block-column-is-layout-flow\" style=\"flex-basis:33.33%\"><style>.kb-image805_8b81b3-c0.kb-image-is-ratio-size, .kb-image805_8b81b3-c0 .kb-image-is-ratio-size{max-width:227px;width:100%;}.wp-block-kadence-column > .kt-inside-inner-col > .kb-image805_8b81b3-c0.kb-image-is-ratio-size, .wp-block-kadence-column > .kt-inside-inner-col > .kb-image805_8b81b3-c0 .kb-image-is-ratio-size{align-self:unset;}.kb-image805_8b81b3-c0{max-width:227px;}.image-is-svg.kb-image805_8b81b3-c0{-webkit-flex:0 1 100%;flex:0 1 100%;}.image-is-svg.kb-image805_8b81b3-c0 img{width:100%;}.kb-image805_8b81b3-c0 .kb-image-has-overlay:after{opacity:0.3;}<\/style>\n<figure class=\"wp-block-kadence-image kb-image805_8b81b3-c0 size-full\"><img loading=\"lazy\" decoding=\"async\" width=\"512\" height=\"512\" src=\"https:\/\/renacereditorial.cl\/wp-content\/uploads\/2024\/09\/mujerrr.png\" alt=\"\" class=\"kb-img wp-image-644\" srcset=\"https:\/\/renacereditorial.cl\/wp-content\/uploads\/2024\/09\/mujerrr.png 512w, https:\/\/renacereditorial.cl\/wp-content\/uploads\/2024\/09\/mujerrr-300x300.png 300w, https:\/\/renacereditorial.cl\/wp-content\/uploads\/2024\/09\/mujerrr-150x150.png 150w\" sizes=\"auto, (max-width: 512px) 100vw, 512px\" \/><\/figure>\n<\/div>\n\n\n\n<div class=\"wp-block-column is-layout-flow wp-block-column-is-layout-flow\" style=\"flex-basis:66.66%\"><style>.wp-block-kadence-advancedheading.kt-adv-heading805_ce5d99-25, .wp-block-kadence-advancedheading.kt-adv-heading805_ce5d99-25[data-kb-block=\"kb-adv-heading805_ce5d99-25\"]{font-style:normal;}.wp-block-kadence-advancedheading.kt-adv-heading805_ce5d99-25 mark.kt-highlight, .wp-block-kadence-advancedheading.kt-adv-heading805_ce5d99-25[data-kb-block=\"kb-adv-heading805_ce5d99-25\"] mark.kt-highlight{font-style:normal;color:#f76a0c;-webkit-box-decoration-break:clone;box-decoration-break:clone;padding-top:0px;padding-right:0px;padding-bottom:0px;padding-left:0px;}<\/style>\n<p class=\"kt-adv-heading805_ce5d99-25 wp-block-kadence-advancedheading\" data-kb-block=\"kb-adv-heading805_ce5d99-25\">Licenciada en Teolog\u00eda;&nbsp;&nbsp;miembro de la Misi\u00f3n Iglesia del Se\u00f1or y docente del Instituto B\u00edblico, IBIMIS. Es Bachiller y diplomada en Estudios Ministeriales y en Teolog\u00eda de Nivel Universitario del Centro Evang\u00e9lico de Estudios Pentecostales. Estudi\u00f3 Teolog\u00eda y diplomada en Escatolog\u00eda B\u00edblica&nbsp;&nbsp;y licenciada en Teolog\u00eda. Es autora de \u201c70 Mensajes B\u00edblicos Para Crecer\u201d<\/p>\n<\/div>\n<\/div>\n\n\n<style>.wp-block-kadence-spacer.kt-block-spacer-805_293898-11 .kt-block-spacer{height:60px;}.wp-block-kadence-spacer.kt-block-spacer-805_293898-11 .kt-divider{border-top-width:1px;height:1px;border-top-color:#eee;width:80%;border-top-style:solid;}<\/style>\n<div class=\"wp-block-kadence-spacer aligncenter kt-block-spacer-805_293898-11\"><div class=\"kt-block-spacer kt-block-spacer-halign-center\"><hr class=\"kt-divider\"\/><\/div><\/div>\n\n\n<style>.wp-block-kadence-advancedbtn.kb-btns805_862f8d-36{gap:var(--global-kb-gap-xs, 0.5rem );justify-content:flex-start;align-items:center;}.kt-btns805_862f8d-36 .kt-button{font-weight:normal;font-style:normal;}.kt-btns805_862f8d-36 .kt-btn-wrap-0{margin-right:5px;}.wp-block-kadence-advancedbtn.kt-btns805_862f8d-36 .kt-btn-wrap-0 .kt-button{color:#555555;border-color:#555555;}.wp-block-kadence-advancedbtn.kt-btns805_862f8d-36 .kt-btn-wrap-0 .kt-button:hover, .wp-block-kadence-advancedbtn.kt-btns805_862f8d-36 .kt-btn-wrap-0 .kt-button:focus{color:#ffffff;border-color:#444444;}.wp-block-kadence-advancedbtn.kt-btns805_862f8d-36 .kt-btn-wrap-0 .kt-button::before{display:none;}.wp-block-kadence-advancedbtn.kt-btns805_862f8d-36 .kt-btn-wrap-0 .kt-button:hover, .wp-block-kadence-advancedbtn.kt-btns805_862f8d-36 .kt-btn-wrap-0 .kt-button:focus{background:#444444;}<\/style>\n<div class=\"wp-block-kadence-advancedbtn kb-buttons-wrap kb-btns805_862f8d-36\"><style>ul.menu .wp-block-kadence-advancedbtn .kb-btn805_7fe30c-54.kb-button{width:initial;}<\/style><a class=\"kb-button kt-button button kb-btn805_7fe30c-54 kt-btn-size-standard kt-btn-width-type-auto kb-btn-global-fill kt-btn-has-text-true kt-btn-has-svg-false wp-block-kadence-singlebtn\" href=\"https:\/\/renacereditorial.cl\/index.php\/titulos\/\"><span class=\"kt-btn-inner-text\">volver<\/span><\/a><\/div>\n\n\n\n<p><\/p>\n","protected":false},"excerpt":{"rendered":"<p>70 Mensajes B\u00edblicos para crecer 70 MENSAJES B\u00cdBLICOS PARA CRECERMatia Isabel Ojeda \u00ab70 Mensajes B\u00edblicos para Crecer\u00bb contiene temas motivacionales, pastorales y escatol\u00f3gicos, escritos en un lenguaje sencillo y ameno. Hablan de Fe, esperanza y amor; son una gu\u00eda para vivir mejor, considerando los planes y prop\u00f3sitos de Dios tiene para su creaci\u00f3n. La autora&#8230;<\/p>\n","protected":false},"author":1,"featured_media":0,"parent":0,"menu_order":0,"comment_status":"closed","ping_status":"closed","template":"","meta":{"_kadence_starter_templates_imported_post":false,"_kad_post_transparent":"","_kad_post_title":"hide","_kad_post_layout":"fullwidth","_kad_post_sidebar_id":"","_kad_post_content_style":"","_kad_post_vertical_padding":"hide","_kad_post_feature":"hide","_kad_post_feature_position":"","_kad_post_header":false,"_kad_post_footer":false,"footnotes":""},"class_list":["post-805","page","type-page","status-publish","hentry"],"_links":{"self":[{"href":"https:\/\/renacereditorial.cl\/index.php\/wp-json\/wp\/v2\/pages\/805","targetHints":{"allow":["GET"]}}],"collection":[{"href":"https:\/\/renacereditorial.cl\/index.php\/wp-json\/wp\/v2\/pages"}],"about":[{"href":"https:\/\/renacereditorial.cl\/index.php\/wp-json\/wp\/v2\/types\/page"}],"author":[{"embeddable":true,"href":"https:\/\/renacereditorial.cl\/index.php\/wp-json\/wp\/v2\/users\/1"}],"replies":[{"embeddable":true,"href":"https:\/\/renacereditorial.cl\/index.php\/wp-json\/wp\/v2\/comments?post=805"}],"version-history":[{"count":2,"href":"https:\/\/renacereditorial.cl\/index.php\/wp-json\/wp\/v2\/pages\/805\/revisions"}],"predecessor-version":[{"id":851,"href":"https:\/\/renacereditorial.cl\/index.php\/wp-json\/wp\/v2\/pages\/805\/revisions\/851"}],"wp:attachment":[{"href":"https:\/\/renacereditorial.cl\/index.php\/wp-json\/wp\/v2\/media?parent=805"}],"curies":[{"name":"wp","href":"https:\/\/api.w.org\/{rel}","templated":true}]}}