{"id":802,"date":"2024-10-14T20:09:21","date_gmt":"2024-10-14T20:09:21","guid":{"rendered":"https:\/\/renacereditorial.cl\/?page_id=802"},"modified":"2024-10-23T19:31:17","modified_gmt":"2024-10-23T19:31:17","slug":"madera-el-jardinero","status":"publish","type":"page","link":"https:\/\/renacereditorial.cl\/index.php\/madera-el-jardinero\/","title":{"rendered":"MADERA EL JARDINERO"},"content":{"rendered":"<style>.kb-row-layout-id802_6737d7-43 > .kt-row-column-wrap{align-content:start;}:where(.kb-row-layout-id802_6737d7-43 > .kt-row-column-wrap) > .wp-block-kadence-column{justify-content:start;}.kb-row-layout-id802_6737d7-43 > .kt-row-column-wrap{column-gap:var(--global-kb-gap-md, 2rem);row-gap:var(--global-kb-gap-md, 2rem);max-width:var( --global-content-width, 1290px );padding-left:var(--global-content-edge-padding);padding-right:var(--global-content-edge-padding);padding-top:116px;padding-bottom:60px;grid-template-columns:minmax(0, 1fr);}.kb-row-layout-id802_6737d7-43 > .kt-row-layout-overlay{opacity:0.30;}@media all and (max-width: 1024px){.kb-row-layout-id802_6737d7-43 > .kt-row-column-wrap{padding-top:60px;grid-template-columns:minmax(0, 1fr);}}@media all and (max-width: 767px){.kb-row-layout-id802_6737d7-43 > .kt-row-column-wrap{padding-top:146px;grid-template-columns:minmax(0, 1fr);}}<\/style><div class=\"kb-row-layout-wrap kb-row-layout-id802_6737d7-43 alignnone has-theme-palette8-background-color kt-row-has-bg wp-block-kadence-rowlayout\"><div class=\"kt-row-column-wrap kt-has-1-columns kt-row-layout-equal kt-tab-layout-inherit kt-mobile-layout-row kt-row-valign-top kb-theme-content-width\">\n<style>.kadence-column802_cfe588-88 > .kt-inside-inner-col,.kadence-column802_cfe588-88 > .kt-inside-inner-col:before{border-top-left-radius:0px;border-top-right-radius:0px;border-bottom-right-radius:0px;border-bottom-left-radius:0px;}.kadence-column802_cfe588-88 > .kt-inside-inner-col{column-gap:var(--global-kb-gap-sm, 1rem);}.kadence-column802_cfe588-88 > .kt-inside-inner-col{flex-direction:column;}.kadence-column802_cfe588-88 > .kt-inside-inner-col > .aligncenter{width:100%;}.kadence-column802_cfe588-88 > .kt-inside-inner-col:before{opacity:0.3;}.kadence-column802_cfe588-88{position:relative;}@media all and (max-width: 1024px){.kadence-column802_cfe588-88 > .kt-inside-inner-col{flex-direction:column;}}@media all and (max-width: 767px){.kadence-column802_cfe588-88 > .kt-inside-inner-col{flex-direction:column;}}<\/style>\n<div class=\"wp-block-kadence-column kadence-column802_cfe588-88 inner-column-1\"><div class=\"kt-inside-inner-col\"><style>.kb-row-layout-id802_59cae1-04 > .kt-row-column-wrap{align-content:start;}:where(.kb-row-layout-id802_59cae1-04 > .kt-row-column-wrap) > .wp-block-kadence-column{justify-content:start;}.kb-row-layout-id802_59cae1-04 > .kt-row-column-wrap{column-gap:var(--global-kb-gap-md, 2rem);row-gap:var(--global-kb-gap-md, 2rem);max-width:600px;margin-left:auto;margin-right:auto;padding-top:0px;padding-bottom:0px;grid-template-columns:minmax(0, 1fr);}.kb-row-layout-id802_59cae1-04 > .kt-row-layout-overlay{opacity:0.30;}@media all and (max-width: 1024px){.kb-row-layout-id802_59cae1-04 > .kt-row-column-wrap{max-width:600px;margin-left:auto;margin-right:auto;grid-template-columns:minmax(0, 1fr);}}@media all and (max-width: 767px){.kb-row-layout-id802_59cae1-04 > .kt-row-column-wrap{grid-template-columns:minmax(0, 1fr);}}<\/style><div class=\"kb-row-layout-wrap kb-row-layout-id802_59cae1-04 alignnone wp-block-kadence-rowlayout\"><div class=\"kt-row-column-wrap kt-has-1-columns kt-row-layout-equal kt-tab-layout-inherit kt-mobile-layout-row kt-row-valign-top\">\n<style>.kadence-column802_936f79-88 > .kt-inside-inner-col,.kadence-column802_936f79-88 > .kt-inside-inner-col:before{border-top-left-radius:0px;border-top-right-radius:0px;border-bottom-right-radius:0px;border-bottom-left-radius:0px;}.kadence-column802_936f79-88 > .kt-inside-inner-col{column-gap:var(--global-kb-gap-sm, 1rem);}.kadence-column802_936f79-88 > .kt-inside-inner-col{flex-direction:column;}.kadence-column802_936f79-88 > .kt-inside-inner-col > .aligncenter{width:100%;}.kadence-column802_936f79-88 > .kt-inside-inner-col:before{opacity:0.3;}.kadence-column802_936f79-88{position:relative;}@media all and (max-width: 1024px){.kadence-column802_936f79-88 > .kt-inside-inner-col{flex-direction:column;}}@media all and (max-width: 767px){.kadence-column802_936f79-88 > .kt-inside-inner-col{flex-direction:column;}}<\/style>\n<div class=\"wp-block-kadence-column kadence-column802_936f79-88 inner-column-1\"><div class=\"kt-inside-inner-col\"><style>.wp-block-kadence-advancedheading.kt-adv-heading802_faff17-c9, .wp-block-kadence-advancedheading.kt-adv-heading802_faff17-c9[data-kb-block=\"kb-adv-heading802_faff17-c9\"]{margin-bottom:20px;text-align:center;font-size:70px;line-height:70px;font-style:normal;}.wp-block-kadence-advancedheading.kt-adv-heading802_faff17-c9 mark.kt-highlight, .wp-block-kadence-advancedheading.kt-adv-heading802_faff17-c9[data-kb-block=\"kb-adv-heading802_faff17-c9\"] mark.kt-highlight{font-style:normal;color:#f76a0c;-webkit-box-decoration-break:clone;box-decoration-break:clone;padding-top:0px;padding-right:0px;padding-bottom:0px;padding-left:0px;}@media all and (max-width: 1024px){.wp-block-kadence-advancedheading.kt-adv-heading802_faff17-c9, .wp-block-kadence-advancedheading.kt-adv-heading802_faff17-c9[data-kb-block=\"kb-adv-heading802_faff17-c9\"]{font-size:55px;}}@media all and (max-width: 767px){.wp-block-kadence-advancedheading.kt-adv-heading802_faff17-c9, .wp-block-kadence-advancedheading.kt-adv-heading802_faff17-c9[data-kb-block=\"kb-adv-heading802_faff17-c9\"]{font-size:45px;}}<\/style>\n<h1 class=\"kt-adv-heading802_faff17-c9 wp-block-kadence-advancedheading\" data-kb-block=\"kb-adv-heading802_faff17-c9\">Madera El Jardinero<\/h1>\n<\/div><\/div>\n\n<\/div><\/div><\/div><\/div>\n\n<\/div><\/div>\n\n<style>.wp-block-kadence-spacer.kt-block-spacer-802_aedaa8-92 .kt-block-spacer{height:75px;}.wp-block-kadence-spacer.kt-block-spacer-802_aedaa8-92 .kt-divider{border-top-width:1px;height:1px;border-top-color:#eee;width:80%;border-top-style:solid;}<\/style>\n<div class=\"wp-block-kadence-spacer aligncenter kt-block-spacer-802_aedaa8-92\"><div class=\"kt-block-spacer kt-block-spacer-halign-center\"><hr class=\"kt-divider\"\/><\/div><\/div>\n\n\n\n<div class=\"wp-block-columns is-layout-flex wp-container-core-columns-is-layout-9d6595d7 wp-block-columns-is-layout-flex\">\n<div class=\"wp-block-column is-layout-flow wp-block-column-is-layout-flow\" style=\"flex-basis:33.33%\"><style>.kb-image802_163b8a-11.kb-image-is-ratio-size, .kb-image802_163b8a-11 .kb-image-is-ratio-size{max-width:288px;width:100%;}.wp-block-kadence-column > .kt-inside-inner-col > .kb-image802_163b8a-11.kb-image-is-ratio-size, .wp-block-kadence-column > .kt-inside-inner-col > .kb-image802_163b8a-11 .kb-image-is-ratio-size{align-self:unset;}.kb-image802_163b8a-11{max-width:288px;}.image-is-svg.kb-image802_163b8a-11{-webkit-flex:0 1 100%;flex:0 1 100%;}.image-is-svg.kb-image802_163b8a-11 img{width:100%;}.kb-image802_163b8a-11 .kb-image-has-overlay:after{opacity:0.3;}<\/style>\n<figure class=\"wp-block-kadence-image kb-image802_163b8a-11 size-full\"><img loading=\"lazy\" decoding=\"async\" width=\"524\" height=\"800\" src=\"https:\/\/renacereditorial.cl\/wp-content\/uploads\/2024\/09\/madera.jpg\" alt=\"\" class=\"kb-img wp-image-634\" srcset=\"https:\/\/renacereditorial.cl\/wp-content\/uploads\/2024\/09\/madera.jpg 524w, https:\/\/renacereditorial.cl\/wp-content\/uploads\/2024\/09\/madera-197x300.jpg 197w\" sizes=\"auto, (max-width: 524px) 100vw, 524px\" \/><\/figure>\n<\/div>\n\n\n\n<div class=\"wp-block-column is-layout-flow wp-block-column-is-layout-flow\" style=\"flex-basis:66.66%\"><style>.wp-block-kadence-advancedheading.kt-adv-heading802_ce6f9e-84, .wp-block-kadence-advancedheading.kt-adv-heading802_ce6f9e-84[data-kb-block=\"kb-adv-heading802_ce6f9e-84\"]{font-style:normal;}.wp-block-kadence-advancedheading.kt-adv-heading802_ce6f9e-84 mark.kt-highlight, .wp-block-kadence-advancedheading.kt-adv-heading802_ce6f9e-84[data-kb-block=\"kb-adv-heading802_ce6f9e-84\"] mark.kt-highlight{font-style:normal;color:#f76a0c;-webkit-box-decoration-break:clone;box-decoration-break:clone;padding-top:0px;padding-right:0px;padding-bottom:0px;padding-left:0px;}<\/style>\n<p class=\"kt-adv-heading802_ce6f9e-84 wp-block-kadence-advancedheading\" data-kb-block=\"kb-adv-heading802_ce6f9e-84\"><strong>MADERA EL JARDINERO<\/strong><br>Eduardo Salas Cerda<br><br>En esta, su primera publicaci\u00f3n de MADERA EL JARDINERO te encontrar\u00e1s con un verdadero atrevimiento literario; el escritor hace del reconocido poeta espa\u00f1ol Rafael Alberti un personaje de novela. Lo interesante de este atrevimiento es que lo logra. Y sin tocar casi su creaci\u00f3n literaria, es capaz de fabricar sus propias bellezas literarias con versos que, hasta el poeta, seguramente, elogiar\u00eda. Es evidente que esta MADERA EL JARDINERO 5 arrogancia del escritor conlleva las confesiones de un pupilo inclaudicable de Alberti al que ley\u00f3, so\u00f1\u00f3, imagin\u00f3 y lo sufri\u00f3 tanto con sus versos, hasta lograr \u201cMADERA EL JARDINERO\u201d<\/p>\n\n\n<style>.wp-block-kadence-advancedbtn.kb-btns802_a5511d-bb{gap:var(--global-kb-gap-xs, 0.5rem );justify-content:flex-start;align-items:center;}.kt-btns802_a5511d-bb .kt-button{font-weight:normal;font-style:normal;}.kt-btns802_a5511d-bb .kt-btn-wrap-0{margin-right:5px;}.wp-block-kadence-advancedbtn.kt-btns802_a5511d-bb .kt-btn-wrap-0 .kt-button{color:#555555;border-color:#555555;}.wp-block-kadence-advancedbtn.kt-btns802_a5511d-bb .kt-btn-wrap-0 .kt-button:hover, .wp-block-kadence-advancedbtn.kt-btns802_a5511d-bb .kt-btn-wrap-0 .kt-button:focus{color:#ffffff;border-color:#444444;}.wp-block-kadence-advancedbtn.kt-btns802_a5511d-bb .kt-btn-wrap-0 .kt-button::before{display:none;}.wp-block-kadence-advancedbtn.kt-btns802_a5511d-bb .kt-btn-wrap-0 .kt-button:hover, .wp-block-kadence-advancedbtn.kt-btns802_a5511d-bb .kt-btn-wrap-0 .kt-button:focus{background:#444444;}<\/style>\n<div class=\"wp-block-kadence-advancedbtn kb-buttons-wrap kb-btns802_a5511d-bb\"><style>ul.menu .wp-block-kadence-advancedbtn .kb-btn802_9da277-97.kb-button{width:initial;}<\/style><a class=\"kb-button kt-button button kb-btn802_9da277-97 kt-btn-size-standard kt-btn-width-type-auto kb-btn-global-fill kt-btn-has-text-true kt-btn-has-svg-false wp-block-kadence-singlebtn\" href=\"https:\/\/www.amazon.com\/dp\/B0CLL3438J?ref_=cm_sw_r_mwn_dp_26RTHFB9EVZFGNRJKXPY&#038;language=en_US\" target=\"_blank\" rel=\"noreferrer noopener\"><span class=\"kt-btn-inner-text\">Comprar<\/span><\/a><\/div>\n<\/div>\n<\/div>\n\n\n\n<div class=\"wp-block-columns is-layout-flex wp-container-core-columns-is-layout-9d6595d7 wp-block-columns-is-layout-flex\">\n<div class=\"wp-block-column is-layout-flow wp-block-column-is-layout-flow\" style=\"flex-basis:33.33%\"><style>.kb-image802_58dca9-90.kb-image-is-ratio-size, .kb-image802_58dca9-90 .kb-image-is-ratio-size{max-width:227px;width:100%;}.wp-block-kadence-column > .kt-inside-inner-col > .kb-image802_58dca9-90.kb-image-is-ratio-size, .wp-block-kadence-column > .kt-inside-inner-col > .kb-image802_58dca9-90 .kb-image-is-ratio-size{align-self:unset;}.kb-image802_58dca9-90{max-width:227px;}.image-is-svg.kb-image802_58dca9-90{-webkit-flex:0 1 100%;flex:0 1 100%;}.image-is-svg.kb-image802_58dca9-90 img{width:100%;}.kb-image802_58dca9-90 .kb-image-has-overlay:after{opacity:0.3;}<\/style>\n<figure class=\"wp-block-kadence-image kb-image802_58dca9-90 size-full\"><img loading=\"lazy\" decoding=\"async\" width=\"512\" height=\"512\" src=\"https:\/\/renacereditorial.cl\/wp-content\/uploads\/2024\/09\/hombre.png\" alt=\"\" class=\"kb-img wp-image-645\" srcset=\"https:\/\/renacereditorial.cl\/wp-content\/uploads\/2024\/09\/hombre.png 512w, https:\/\/renacereditorial.cl\/wp-content\/uploads\/2024\/09\/hombre-300x300.png 300w, https:\/\/renacereditorial.cl\/wp-content\/uploads\/2024\/09\/hombre-150x150.png 150w\" sizes=\"auto, (max-width: 512px) 100vw, 512px\" \/><\/figure>\n<\/div>\n\n\n\n<div class=\"wp-block-column is-layout-flow wp-block-column-is-layout-flow\" style=\"flex-basis:66.66%\"><style>.wp-block-kadence-advancedheading.kt-adv-heading802_fbc97b-c0, .wp-block-kadence-advancedheading.kt-adv-heading802_fbc97b-c0[data-kb-block=\"kb-adv-heading802_fbc97b-c0\"]{font-style:normal;}.wp-block-kadence-advancedheading.kt-adv-heading802_fbc97b-c0 mark.kt-highlight, .wp-block-kadence-advancedheading.kt-adv-heading802_fbc97b-c0[data-kb-block=\"kb-adv-heading802_fbc97b-c0\"] mark.kt-highlight{font-style:normal;color:#f76a0c;-webkit-box-decoration-break:clone;box-decoration-break:clone;padding-top:0px;padding-right:0px;padding-bottom:0px;padding-left:0px;}<\/style>\n<p class=\"kt-adv-heading802_fbc97b-c0 wp-block-kadence-advancedheading\" data-kb-block=\"kb-adv-heading802_fbc97b-c0\">Mag\u00edster en Literatura Hispanoamericana, Abogado de la Universidad de Chile.<br><br>\u201cMadera El Jardinero\u201d es su primera publicaci\u00f3n de una novela, escrita entre los a\u00f1os 1996 y 2000.<\/p>\n<\/div>\n<\/div>\n\n\n<style>.wp-block-kadence-spacer.kt-block-spacer-802_f5c0af-5b .kt-block-spacer{height:60px;}.wp-block-kadence-spacer.kt-block-spacer-802_f5c0af-5b .kt-divider{border-top-width:1px;height:1px;border-top-color:#eee;width:80%;border-top-style:solid;}<\/style>\n<div class=\"wp-block-kadence-spacer aligncenter kt-block-spacer-802_f5c0af-5b\"><div class=\"kt-block-spacer kt-block-spacer-halign-center\"><hr class=\"kt-divider\"\/><\/div><\/div>\n\n\n<style>.wp-block-kadence-advancedbtn.kb-btns802_ccc216-37{gap:var(--global-kb-gap-xs, 0.5rem );justify-content:flex-start;align-items:center;}.kt-btns802_ccc216-37 .kt-button{font-weight:normal;font-style:normal;}.kt-btns802_ccc216-37 .kt-btn-wrap-0{margin-right:5px;}.wp-block-kadence-advancedbtn.kt-btns802_ccc216-37 .kt-btn-wrap-0 .kt-button{color:#555555;border-color:#555555;}.wp-block-kadence-advancedbtn.kt-btns802_ccc216-37 .kt-btn-wrap-0 .kt-button:hover, .wp-block-kadence-advancedbtn.kt-btns802_ccc216-37 .kt-btn-wrap-0 .kt-button:focus{color:#ffffff;border-color:#444444;}.wp-block-kadence-advancedbtn.kt-btns802_ccc216-37 .kt-btn-wrap-0 .kt-button::before{display:none;}.wp-block-kadence-advancedbtn.kt-btns802_ccc216-37 .kt-btn-wrap-0 .kt-button:hover, .wp-block-kadence-advancedbtn.kt-btns802_ccc216-37 .kt-btn-wrap-0 .kt-button:focus{background:#444444;}<\/style>\n<div class=\"wp-block-kadence-advancedbtn kb-buttons-wrap kb-btns802_ccc216-37\"><style>ul.menu .wp-block-kadence-advancedbtn .kb-btn802_93644d-ce.kb-button{width:initial;}<\/style><a class=\"kb-button kt-button button kb-btn802_93644d-ce kt-btn-size-standard kt-btn-width-type-auto kb-btn-global-fill kt-btn-has-text-true kt-btn-has-svg-false wp-block-kadence-singlebtn\" href=\"https:\/\/renacereditorial.cl\/index.php\/titulos\/\"><span class=\"kt-btn-inner-text\">volver<\/span><\/a><\/div>\n\n\n\n<p><\/p>\n","protected":false},"excerpt":{"rendered":"<p>Madera El Jardinero MADERA EL JARDINEROEduardo Salas Cerda En esta, su primera publicaci\u00f3n de MADERA EL JARDINERO te encontrar\u00e1s con un verdadero atrevimiento literario; el escritor hace del reconocido poeta espa\u00f1ol Rafael Alberti un personaje de novela. Lo interesante de este atrevimiento es que lo logra. Y sin tocar casi su creaci\u00f3n literaria, es capaz&#8230;<\/p>\n","protected":false},"author":1,"featured_media":0,"parent":0,"menu_order":0,"comment_status":"closed","ping_status":"closed","template":"","meta":{"_kadence_starter_templates_imported_post":false,"_kad_post_transparent":"","_kad_post_title":"hide","_kad_post_layout":"fullwidth","_kad_post_sidebar_id":"","_kad_post_content_style":"","_kad_post_vertical_padding":"hide","_kad_post_feature":"hide","_kad_post_feature_position":"","_kad_post_header":false,"_kad_post_footer":false,"footnotes":""},"class_list":["post-802","page","type-page","status-publish","hentry"],"_links":{"self":[{"href":"https:\/\/renacereditorial.cl\/index.php\/wp-json\/wp\/v2\/pages\/802","targetHints":{"allow":["GET"]}}],"collection":[{"href":"https:\/\/renacereditorial.cl\/index.php\/wp-json\/wp\/v2\/pages"}],"about":[{"href":"https:\/\/renacereditorial.cl\/index.php\/wp-json\/wp\/v2\/types\/page"}],"author":[{"embeddable":true,"href":"https:\/\/renacereditorial.cl\/index.php\/wp-json\/wp\/v2\/users\/1"}],"replies":[{"embeddable":true,"href":"https:\/\/renacereditorial.cl\/index.php\/wp-json\/wp\/v2\/comments?post=802"}],"version-history":[{"count":2,"href":"https:\/\/renacereditorial.cl\/index.php\/wp-json\/wp\/v2\/pages\/802\/revisions"}],"predecessor-version":[{"id":864,"href":"https:\/\/renacereditorial.cl\/index.php\/wp-json\/wp\/v2\/pages\/802\/revisions\/864"}],"wp:attachment":[{"href":"https:\/\/renacereditorial.cl\/index.php\/wp-json\/wp\/v2\/media?parent=802"}],"curies":[{"name":"wp","href":"https:\/\/api.w.org\/{rel}","templated":true}]}}