{"id":799,"date":"2024-10-14T20:04:50","date_gmt":"2024-10-14T20:04:50","guid":{"rendered":"https:\/\/renacereditorial.cl\/?page_id=799"},"modified":"2024-10-23T19:31:34","modified_gmt":"2024-10-23T19:31:34","slug":"mis-emociones-de-enero-a-diciembre","status":"publish","type":"page","link":"https:\/\/renacereditorial.cl\/index.php\/mis-emociones-de-enero-a-diciembre\/","title":{"rendered":"MIS EMOCIONES DE ENERO A DICIEMBRE"},"content":{"rendered":"<style>.kb-row-layout-id799_e4823d-82 > .kt-row-column-wrap{align-content:start;}:where(.kb-row-layout-id799_e4823d-82 > .kt-row-column-wrap) > .wp-block-kadence-column{justify-content:start;}.kb-row-layout-id799_e4823d-82 > .kt-row-column-wrap{column-gap:var(--global-kb-gap-md, 2rem);row-gap:var(--global-kb-gap-md, 2rem);max-width:var( --global-content-width, 1290px );padding-left:var(--global-content-edge-padding);padding-right:var(--global-content-edge-padding);padding-top:116px;padding-bottom:60px;grid-template-columns:minmax(0, 1fr);}.kb-row-layout-id799_e4823d-82 > .kt-row-layout-overlay{opacity:0.30;}@media all and (max-width: 1024px){.kb-row-layout-id799_e4823d-82 > .kt-row-column-wrap{padding-top:60px;grid-template-columns:minmax(0, 1fr);}}@media all and (max-width: 767px){.kb-row-layout-id799_e4823d-82 > .kt-row-column-wrap{padding-top:140px;grid-template-columns:minmax(0, 1fr);}}<\/style><div class=\"kb-row-layout-wrap kb-row-layout-id799_e4823d-82 alignnone has-theme-palette8-background-color kt-row-has-bg wp-block-kadence-rowlayout\"><div class=\"kt-row-column-wrap kt-has-1-columns kt-row-layout-equal kt-tab-layout-inherit kt-mobile-layout-row kt-row-valign-top kb-theme-content-width\">\n<style>.kadence-column799_fdc61d-57 > .kt-inside-inner-col,.kadence-column799_fdc61d-57 > .kt-inside-inner-col:before{border-top-left-radius:0px;border-top-right-radius:0px;border-bottom-right-radius:0px;border-bottom-left-radius:0px;}.kadence-column799_fdc61d-57 > .kt-inside-inner-col{column-gap:var(--global-kb-gap-sm, 1rem);}.kadence-column799_fdc61d-57 > .kt-inside-inner-col{flex-direction:column;}.kadence-column799_fdc61d-57 > .kt-inside-inner-col > .aligncenter{width:100%;}.kadence-column799_fdc61d-57 > .kt-inside-inner-col:before{opacity:0.3;}.kadence-column799_fdc61d-57{position:relative;}@media all and (max-width: 1024px){.kadence-column799_fdc61d-57 > .kt-inside-inner-col{flex-direction:column;}}@media all and (max-width: 767px){.kadence-column799_fdc61d-57 > .kt-inside-inner-col{flex-direction:column;}}<\/style>\n<div class=\"wp-block-kadence-column kadence-column799_fdc61d-57 inner-column-1\"><div class=\"kt-inside-inner-col\"><style>.kb-row-layout-id799_1d8e20-d3 > .kt-row-column-wrap{align-content:start;}:where(.kb-row-layout-id799_1d8e20-d3 > .kt-row-column-wrap) > .wp-block-kadence-column{justify-content:start;}.kb-row-layout-id799_1d8e20-d3 > .kt-row-column-wrap{column-gap:var(--global-kb-gap-md, 2rem);row-gap:var(--global-kb-gap-md, 2rem);max-width:600px;margin-left:auto;margin-right:auto;padding-top:0px;padding-bottom:0px;grid-template-columns:minmax(0, 1fr);}.kb-row-layout-id799_1d8e20-d3 > .kt-row-layout-overlay{opacity:0.30;}@media all and (max-width: 1024px){.kb-row-layout-id799_1d8e20-d3 > .kt-row-column-wrap{max-width:600px;margin-left:auto;margin-right:auto;grid-template-columns:minmax(0, 1fr);}}@media all and (max-width: 767px){.kb-row-layout-id799_1d8e20-d3 > .kt-row-column-wrap{grid-template-columns:minmax(0, 1fr);}}<\/style><div class=\"kb-row-layout-wrap kb-row-layout-id799_1d8e20-d3 alignnone wp-block-kadence-rowlayout\"><div class=\"kt-row-column-wrap kt-has-1-columns kt-row-layout-equal kt-tab-layout-inherit kt-mobile-layout-row kt-row-valign-top\">\n<style>.kadence-column799_e6f77c-ec > .kt-inside-inner-col,.kadence-column799_e6f77c-ec > .kt-inside-inner-col:before{border-top-left-radius:0px;border-top-right-radius:0px;border-bottom-right-radius:0px;border-bottom-left-radius:0px;}.kadence-column799_e6f77c-ec > .kt-inside-inner-col{column-gap:var(--global-kb-gap-sm, 1rem);}.kadence-column799_e6f77c-ec > .kt-inside-inner-col{flex-direction:column;}.kadence-column799_e6f77c-ec > .kt-inside-inner-col > .aligncenter{width:100%;}.kadence-column799_e6f77c-ec > .kt-inside-inner-col:before{opacity:0.3;}.kadence-column799_e6f77c-ec{position:relative;}@media all and (max-width: 1024px){.kadence-column799_e6f77c-ec > .kt-inside-inner-col{flex-direction:column;}}@media all and (max-width: 767px){.kadence-column799_e6f77c-ec > .kt-inside-inner-col{flex-direction:column;}}<\/style>\n<div class=\"wp-block-kadence-column kadence-column799_e6f77c-ec inner-column-1\"><div class=\"kt-inside-inner-col\"><style>.wp-block-kadence-advancedheading.kt-adv-heading799_52c1c1-25, .wp-block-kadence-advancedheading.kt-adv-heading799_52c1c1-25[data-kb-block=\"kb-adv-heading799_52c1c1-25\"]{margin-bottom:20px;text-align:center;font-size:70px;line-height:70px;font-style:normal;}.wp-block-kadence-advancedheading.kt-adv-heading799_52c1c1-25 mark.kt-highlight, .wp-block-kadence-advancedheading.kt-adv-heading799_52c1c1-25[data-kb-block=\"kb-adv-heading799_52c1c1-25\"] mark.kt-highlight{font-style:normal;color:#f76a0c;-webkit-box-decoration-break:clone;box-decoration-break:clone;padding-top:0px;padding-right:0px;padding-bottom:0px;padding-left:0px;}@media all and (max-width: 1024px){.wp-block-kadence-advancedheading.kt-adv-heading799_52c1c1-25, .wp-block-kadence-advancedheading.kt-adv-heading799_52c1c1-25[data-kb-block=\"kb-adv-heading799_52c1c1-25\"]{font-size:55px;}}@media all and (max-width: 767px){.wp-block-kadence-advancedheading.kt-adv-heading799_52c1c1-25, .wp-block-kadence-advancedheading.kt-adv-heading799_52c1c1-25[data-kb-block=\"kb-adv-heading799_52c1c1-25\"]{font-size:45px;}}<\/style>\n<h1 class=\"kt-adv-heading799_52c1c1-25 wp-block-kadence-advancedheading\" data-kb-block=\"kb-adv-heading799_52c1c1-25\">Mis emociones de Enero a Diciembre<\/h1>\n<\/div><\/div>\n\n<\/div><\/div><\/div><\/div>\n\n<\/div><\/div>\n\n<style>.wp-block-kadence-spacer.kt-block-spacer-799_b96842-df .kt-block-spacer{height:75px;}.wp-block-kadence-spacer.kt-block-spacer-799_b96842-df .kt-divider{border-top-width:1px;height:1px;border-top-color:#eee;width:80%;border-top-style:solid;}<\/style>\n<div class=\"wp-block-kadence-spacer aligncenter kt-block-spacer-799_b96842-df\"><div class=\"kt-block-spacer kt-block-spacer-halign-center\"><hr class=\"kt-divider\"\/><\/div><\/div>\n\n\n\n<div class=\"wp-block-columns is-layout-flex wp-container-core-columns-is-layout-9d6595d7 wp-block-columns-is-layout-flex\">\n<div class=\"wp-block-column is-layout-flow wp-block-column-is-layout-flow\" style=\"flex-basis:33.33%\"><style>.kb-image799_f96569-ef.kb-image-is-ratio-size, .kb-image799_f96569-ef .kb-image-is-ratio-size{max-width:288px;width:100%;}.wp-block-kadence-column > .kt-inside-inner-col > .kb-image799_f96569-ef.kb-image-is-ratio-size, .wp-block-kadence-column > .kt-inside-inner-col > .kb-image799_f96569-ef .kb-image-is-ratio-size{align-self:unset;}.kb-image799_f96569-ef{max-width:288px;}.image-is-svg.kb-image799_f96569-ef{-webkit-flex:0 1 100%;flex:0 1 100%;}.image-is-svg.kb-image799_f96569-ef img{width:100%;}.kb-image799_f96569-ef .kb-image-has-overlay:after{opacity:0.3;}<\/style>\n<figure class=\"wp-block-kadence-image kb-image799_f96569-ef size-full\"><img loading=\"lazy\" decoding=\"async\" width=\"524\" height=\"800\" src=\"https:\/\/renacereditorial.cl\/wp-content\/uploads\/2024\/09\/emociones.jpg\" alt=\"\" class=\"kb-img wp-image-632\" srcset=\"https:\/\/renacereditorial.cl\/wp-content\/uploads\/2024\/09\/emociones.jpg 524w, https:\/\/renacereditorial.cl\/wp-content\/uploads\/2024\/09\/emociones-197x300.jpg 197w\" sizes=\"auto, (max-width: 524px) 100vw, 524px\" \/><\/figure>\n<\/div>\n\n\n\n<div class=\"wp-block-column is-layout-flow wp-block-column-is-layout-flow\" style=\"flex-basis:66.66%\"><style>.wp-block-kadence-advancedheading.kt-adv-heading799_210b5e-48, .wp-block-kadence-advancedheading.kt-adv-heading799_210b5e-48[data-kb-block=\"kb-adv-heading799_210b5e-48\"]{font-style:normal;}.wp-block-kadence-advancedheading.kt-adv-heading799_210b5e-48 mark.kt-highlight, .wp-block-kadence-advancedheading.kt-adv-heading799_210b5e-48[data-kb-block=\"kb-adv-heading799_210b5e-48\"] mark.kt-highlight{font-style:normal;color:#f76a0c;-webkit-box-decoration-break:clone;box-decoration-break:clone;padding-top:0px;padding-right:0px;padding-bottom:0px;padding-left:0px;}<\/style>\n<p class=\"kt-adv-heading799_210b5e-48 wp-block-kadence-advancedheading\" data-kb-block=\"kb-adv-heading799_210b5e-48\"><strong>MIS EMOCIONES DE ENERO A DICIEMBRE<\/strong><br>Silvana Palma Ojeda<br><br>La contingencia sanitaria vivida sin precedentes estos \u00faltimos a\u00f1os en todo el mundo, ha provocado un gran impacto en los m\u00e1s inocentes, nuestros ni\u00f1os, quienes se vieron privados de salir de sus hogares, a dar un paseo por el parque, compartir con amigos, a jugar al aire libre, etc. a ra\u00edz de ello su crecimiento y desarrollo \u00abnormal\u00bb se vieron interrumpidos, afectando directamente sus emociones, por esto fue creado este hermoso libro-agenda, en un formato que le permite ser utilizado en cualquier a\u00f1o.<br><br>Contiene dos cuentos, adem\u00e1s de desaf\u00edos y actividades de enero a diciembre sobre distintas emociones, como alegr\u00eda, tristeza, ira, miedo, asco y asombro; que tienen como principal objetivo ser utilizado como herramienta para registrar y realizar seguimiento y control mensual de las emociones acompa\u00f1ados por un adulto responsable, a fin de que distintos profesionales puedan sacar conclusiones en base a ello. (Este libro no excluye a j\u00f3venes, adultos y adultos mayores, que deseen y necesiten llevar control de sus emociones, a pesar de sus ilustraciones su contenido es ideal para todo p\u00fablico)<\/p>\n\n\n<style>.wp-block-kadence-advancedbtn.kb-btns799_66aaf8-0f{gap:var(--global-kb-gap-xs, 0.5rem );justify-content:flex-start;align-items:center;}.kt-btns799_66aaf8-0f .kt-button{font-weight:normal;font-style:normal;}.kt-btns799_66aaf8-0f .kt-btn-wrap-0{margin-right:5px;}.wp-block-kadence-advancedbtn.kt-btns799_66aaf8-0f .kt-btn-wrap-0 .kt-button{color:#555555;border-color:#555555;}.wp-block-kadence-advancedbtn.kt-btns799_66aaf8-0f .kt-btn-wrap-0 .kt-button:hover, .wp-block-kadence-advancedbtn.kt-btns799_66aaf8-0f .kt-btn-wrap-0 .kt-button:focus{color:#ffffff;border-color:#444444;}.wp-block-kadence-advancedbtn.kt-btns799_66aaf8-0f .kt-btn-wrap-0 .kt-button::before{display:none;}.wp-block-kadence-advancedbtn.kt-btns799_66aaf8-0f .kt-btn-wrap-0 .kt-button:hover, .wp-block-kadence-advancedbtn.kt-btns799_66aaf8-0f .kt-btn-wrap-0 .kt-button:focus{background:#444444;}<\/style>\n<div class=\"wp-block-kadence-advancedbtn kb-buttons-wrap kb-btns799_66aaf8-0f\"><style>ul.menu .wp-block-kadence-advancedbtn .kb-btn799_eddf21-49.kb-button{width:initial;}<\/style><a class=\"kb-button kt-button button kb-btn799_eddf21-49 kt-btn-size-standard kt-btn-width-type-auto kb-btn-global-fill kt-btn-has-text-true kt-btn-has-svg-false wp-block-kadence-singlebtn\" href=\"https:\/\/www.amazon.com\/dp\/B0CGGK6FJS?ref_=cm_sw_r_mwn_dp_V7KP31M34W9RNM13QCCC&#038;language=en_US\" target=\"_blank\" rel=\"noreferrer noopener\"><span class=\"kt-btn-inner-text\">Comprar<\/span><\/a><\/div>\n<\/div>\n<\/div>\n\n\n<style>.wp-block-kadence-spacer.kt-block-spacer-799_f774c8-33 .kt-block-spacer{height:60px;}.wp-block-kadence-spacer.kt-block-spacer-799_f774c8-33 .kt-divider{border-top-width:1px;height:1px;border-top-color:#eee;width:80%;border-top-style:solid;}<\/style>\n<div class=\"wp-block-kadence-spacer aligncenter kt-block-spacer-799_f774c8-33\"><div class=\"kt-block-spacer kt-block-spacer-halign-center\"><hr class=\"kt-divider\"\/><\/div><\/div>\n\n\n<style>.wp-block-kadence-advancedbtn.kb-btns799_999891-f0{gap:var(--global-kb-gap-xs, 0.5rem );justify-content:flex-start;align-items:center;}.kt-btns799_999891-f0 .kt-button{font-weight:normal;font-style:normal;}.kt-btns799_999891-f0 .kt-btn-wrap-0{margin-right:5px;}.wp-block-kadence-advancedbtn.kt-btns799_999891-f0 .kt-btn-wrap-0 .kt-button{color:#555555;border-color:#555555;}.wp-block-kadence-advancedbtn.kt-btns799_999891-f0 .kt-btn-wrap-0 .kt-button:hover, .wp-block-kadence-advancedbtn.kt-btns799_999891-f0 .kt-btn-wrap-0 .kt-button:focus{color:#ffffff;border-color:#444444;}.wp-block-kadence-advancedbtn.kt-btns799_999891-f0 .kt-btn-wrap-0 .kt-button::before{display:none;}.wp-block-kadence-advancedbtn.kt-btns799_999891-f0 .kt-btn-wrap-0 .kt-button:hover, .wp-block-kadence-advancedbtn.kt-btns799_999891-f0 .kt-btn-wrap-0 .kt-button:focus{background:#444444;}<\/style>\n<div class=\"wp-block-kadence-advancedbtn kb-buttons-wrap kb-btns799_999891-f0\"><style>ul.menu .wp-block-kadence-advancedbtn .kb-btn799_1ed108-ee.kb-button{width:initial;}<\/style><a class=\"kb-button kt-button button kb-btn799_1ed108-ee kt-btn-size-standard kt-btn-width-type-auto kb-btn-global-fill kt-btn-has-text-true kt-btn-has-svg-false wp-block-kadence-singlebtn\" href=\"https:\/\/renacereditorial.cl\/index.php\/titulos\/\"><span class=\"kt-btn-inner-text\">volver<\/span><\/a><\/div>\n\n\n\n<p><\/p>\n","protected":false},"excerpt":{"rendered":"<p>Mis emociones de Enero a Diciembre MIS EMOCIONES DE ENERO A DICIEMBRESilvana Palma Ojeda La contingencia sanitaria vivida sin precedentes estos \u00faltimos a\u00f1os en todo el mundo, ha provocado un gran impacto en los m\u00e1s inocentes, nuestros ni\u00f1os, quienes se vieron privados de salir de sus hogares, a dar un paseo por el parque, compartir&#8230;<\/p>\n","protected":false},"author":1,"featured_media":0,"parent":0,"menu_order":0,"comment_status":"closed","ping_status":"closed","template":"","meta":{"_kadence_starter_templates_imported_post":false,"_kad_post_transparent":"","_kad_post_title":"hide","_kad_post_layout":"fullwidth","_kad_post_sidebar_id":"","_kad_post_content_style":"","_kad_post_vertical_padding":"hide","_kad_post_feature":"hide","_kad_post_feature_position":"","_kad_post_header":false,"_kad_post_footer":false,"footnotes":""},"class_list":["post-799","page","type-page","status-publish","hentry"],"_links":{"self":[{"href":"https:\/\/renacereditorial.cl\/index.php\/wp-json\/wp\/v2\/pages\/799","targetHints":{"allow":["GET"]}}],"collection":[{"href":"https:\/\/renacereditorial.cl\/index.php\/wp-json\/wp\/v2\/pages"}],"about":[{"href":"https:\/\/renacereditorial.cl\/index.php\/wp-json\/wp\/v2\/types\/page"}],"author":[{"embeddable":true,"href":"https:\/\/renacereditorial.cl\/index.php\/wp-json\/wp\/v2\/users\/1"}],"replies":[{"embeddable":true,"href":"https:\/\/renacereditorial.cl\/index.php\/wp-json\/wp\/v2\/comments?post=799"}],"version-history":[{"count":2,"href":"https:\/\/renacereditorial.cl\/index.php\/wp-json\/wp\/v2\/pages\/799\/revisions"}],"predecessor-version":[{"id":865,"href":"https:\/\/renacereditorial.cl\/index.php\/wp-json\/wp\/v2\/pages\/799\/revisions\/865"}],"wp:attachment":[{"href":"https:\/\/renacereditorial.cl\/index.php\/wp-json\/wp\/v2\/media?parent=799"}],"curies":[{"name":"wp","href":"https:\/\/api.w.org\/{rel}","templated":true}]}}