{"id":796,"date":"2024-10-14T20:00:33","date_gmt":"2024-10-14T20:00:33","guid":{"rendered":"https:\/\/renacereditorial.cl\/?page_id=796"},"modified":"2024-10-23T19:29:30","modified_gmt":"2024-10-23T19:29:30","slug":"epifania-sagrada-poemas","status":"publish","type":"page","link":"https:\/\/renacereditorial.cl\/index.php\/epifania-sagrada-poemas\/","title":{"rendered":"EPIFAN\u00cdA SAGRADA: PO\u00c9MAS"},"content":{"rendered":"<style>.kb-row-layout-id796_be67f6-bf > .kt-row-column-wrap{align-content:start;}:where(.kb-row-layout-id796_be67f6-bf > .kt-row-column-wrap) > .wp-block-kadence-column{justify-content:start;}.kb-row-layout-id796_be67f6-bf > .kt-row-column-wrap{column-gap:var(--global-kb-gap-md, 2rem);row-gap:var(--global-kb-gap-md, 2rem);max-width:var( --global-content-width, 1290px );padding-left:var(--global-content-edge-padding);padding-right:var(--global-content-edge-padding);padding-top:116px;padding-bottom:60px;grid-template-columns:minmax(0, 1fr);}.kb-row-layout-id796_be67f6-bf > .kt-row-layout-overlay{opacity:0.30;}@media all and (max-width: 1024px){.kb-row-layout-id796_be67f6-bf > .kt-row-column-wrap{padding-top:60px;grid-template-columns:minmax(0, 1fr);}}@media all and (max-width: 767px){.kb-row-layout-id796_be67f6-bf > .kt-row-column-wrap{padding-top:140px;grid-template-columns:minmax(0, 1fr);}}<\/style><div class=\"kb-row-layout-wrap kb-row-layout-id796_be67f6-bf alignnone has-theme-palette8-background-color kt-row-has-bg wp-block-kadence-rowlayout\"><div class=\"kt-row-column-wrap kt-has-1-columns kt-row-layout-equal kt-tab-layout-inherit kt-mobile-layout-row kt-row-valign-top kb-theme-content-width\">\n<style>.kadence-column796_93c9a6-7c > .kt-inside-inner-col,.kadence-column796_93c9a6-7c > .kt-inside-inner-col:before{border-top-left-radius:0px;border-top-right-radius:0px;border-bottom-right-radius:0px;border-bottom-left-radius:0px;}.kadence-column796_93c9a6-7c > .kt-inside-inner-col{column-gap:var(--global-kb-gap-sm, 1rem);}.kadence-column796_93c9a6-7c > .kt-inside-inner-col{flex-direction:column;}.kadence-column796_93c9a6-7c > .kt-inside-inner-col > .aligncenter{width:100%;}.kadence-column796_93c9a6-7c > .kt-inside-inner-col:before{opacity:0.3;}.kadence-column796_93c9a6-7c{position:relative;}@media all and (max-width: 1024px){.kadence-column796_93c9a6-7c > .kt-inside-inner-col{flex-direction:column;}}@media all and (max-width: 767px){.kadence-column796_93c9a6-7c > .kt-inside-inner-col{flex-direction:column;}}<\/style>\n<div class=\"wp-block-kadence-column kadence-column796_93c9a6-7c inner-column-1\"><div class=\"kt-inside-inner-col\"><style>.kb-row-layout-id796_5832a2-55 > .kt-row-column-wrap{align-content:start;}:where(.kb-row-layout-id796_5832a2-55 > .kt-row-column-wrap) > .wp-block-kadence-column{justify-content:start;}.kb-row-layout-id796_5832a2-55 > .kt-row-column-wrap{column-gap:var(--global-kb-gap-md, 2rem);row-gap:var(--global-kb-gap-md, 2rem);max-width:600px;margin-left:auto;margin-right:auto;padding-top:0px;padding-bottom:0px;grid-template-columns:minmax(0, 1fr);}.kb-row-layout-id796_5832a2-55 > .kt-row-layout-overlay{opacity:0.30;}@media all and (max-width: 1024px){.kb-row-layout-id796_5832a2-55 > .kt-row-column-wrap{max-width:600px;margin-left:auto;margin-right:auto;grid-template-columns:minmax(0, 1fr);}}@media all and (max-width: 767px){.kb-row-layout-id796_5832a2-55 > .kt-row-column-wrap{grid-template-columns:minmax(0, 1fr);}}<\/style><div class=\"kb-row-layout-wrap kb-row-layout-id796_5832a2-55 alignnone wp-block-kadence-rowlayout\"><div class=\"kt-row-column-wrap kt-has-1-columns kt-row-layout-equal kt-tab-layout-inherit kt-mobile-layout-row kt-row-valign-top\">\n<style>.kadence-column796_c9b863-3c > .kt-inside-inner-col,.kadence-column796_c9b863-3c > .kt-inside-inner-col:before{border-top-left-radius:0px;border-top-right-radius:0px;border-bottom-right-radius:0px;border-bottom-left-radius:0px;}.kadence-column796_c9b863-3c > .kt-inside-inner-col{column-gap:var(--global-kb-gap-sm, 1rem);}.kadence-column796_c9b863-3c > .kt-inside-inner-col{flex-direction:column;}.kadence-column796_c9b863-3c > .kt-inside-inner-col > .aligncenter{width:100%;}.kadence-column796_c9b863-3c > .kt-inside-inner-col:before{opacity:0.3;}.kadence-column796_c9b863-3c{position:relative;}@media all and (max-width: 1024px){.kadence-column796_c9b863-3c > .kt-inside-inner-col{flex-direction:column;}}@media all and (max-width: 767px){.kadence-column796_c9b863-3c > .kt-inside-inner-col{flex-direction:column;}}<\/style>\n<div class=\"wp-block-kadence-column kadence-column796_c9b863-3c inner-column-1\"><div class=\"kt-inside-inner-col\"><style>.wp-block-kadence-advancedheading.kt-adv-heading796_18970c-8a, .wp-block-kadence-advancedheading.kt-adv-heading796_18970c-8a[data-kb-block=\"kb-adv-heading796_18970c-8a\"]{margin-bottom:20px;text-align:center;font-size:70px;line-height:70px;font-style:normal;}.wp-block-kadence-advancedheading.kt-adv-heading796_18970c-8a mark.kt-highlight, .wp-block-kadence-advancedheading.kt-adv-heading796_18970c-8a[data-kb-block=\"kb-adv-heading796_18970c-8a\"] mark.kt-highlight{font-style:normal;color:#f76a0c;-webkit-box-decoration-break:clone;box-decoration-break:clone;padding-top:0px;padding-right:0px;padding-bottom:0px;padding-left:0px;}@media all and (max-width: 1024px){.wp-block-kadence-advancedheading.kt-adv-heading796_18970c-8a, .wp-block-kadence-advancedheading.kt-adv-heading796_18970c-8a[data-kb-block=\"kb-adv-heading796_18970c-8a\"]{font-size:55px;}}@media all and (max-width: 767px){.wp-block-kadence-advancedheading.kt-adv-heading796_18970c-8a, .wp-block-kadence-advancedheading.kt-adv-heading796_18970c-8a[data-kb-block=\"kb-adv-heading796_18970c-8a\"]{font-size:45px;}}<\/style>\n<h1 class=\"kt-adv-heading796_18970c-8a wp-block-kadence-advancedheading\" data-kb-block=\"kb-adv-heading796_18970c-8a\">Epifan\u00eda Sagrada: Po\u00e9mas<\/h1>\n<\/div><\/div>\n\n<\/div><\/div><\/div><\/div>\n\n<\/div><\/div>\n\n<style>.wp-block-kadence-spacer.kt-block-spacer-796_8b82c5-71 .kt-block-spacer{height:75px;}.wp-block-kadence-spacer.kt-block-spacer-796_8b82c5-71 .kt-divider{border-top-width:1px;height:1px;border-top-color:#eee;width:80%;border-top-style:solid;}<\/style>\n<div class=\"wp-block-kadence-spacer aligncenter kt-block-spacer-796_8b82c5-71\"><div class=\"kt-block-spacer kt-block-spacer-halign-center\"><hr class=\"kt-divider\"\/><\/div><\/div>\n\n\n\n<div class=\"wp-block-columns is-layout-flex wp-container-core-columns-is-layout-9d6595d7 wp-block-columns-is-layout-flex\">\n<div class=\"wp-block-column is-layout-flow wp-block-column-is-layout-flow\" style=\"flex-basis:33.33%\"><style>.kb-image796_5695e0-3b.kb-image-is-ratio-size, .kb-image796_5695e0-3b .kb-image-is-ratio-size{max-width:288px;width:100%;}.wp-block-kadence-column > .kt-inside-inner-col > .kb-image796_5695e0-3b.kb-image-is-ratio-size, .wp-block-kadence-column > .kt-inside-inner-col > .kb-image796_5695e0-3b .kb-image-is-ratio-size{align-self:unset;}.kb-image796_5695e0-3b{max-width:288px;}.image-is-svg.kb-image796_5695e0-3b{-webkit-flex:0 1 100%;flex:0 1 100%;}.image-is-svg.kb-image796_5695e0-3b img{width:100%;}.kb-image796_5695e0-3b .kb-image-has-overlay:after{opacity:0.3;}<\/style>\n<figure class=\"wp-block-kadence-image kb-image796_5695e0-3b size-full\"><img loading=\"lazy\" decoding=\"async\" width=\"524\" height=\"800\" src=\"https:\/\/renacereditorial.cl\/wp-content\/uploads\/2024\/09\/epi.jpg\" alt=\"\" class=\"kb-img wp-image-631\" srcset=\"https:\/\/renacereditorial.cl\/wp-content\/uploads\/2024\/09\/epi.jpg 524w, https:\/\/renacereditorial.cl\/wp-content\/uploads\/2024\/09\/epi-197x300.jpg 197w\" sizes=\"auto, (max-width: 524px) 100vw, 524px\" \/><\/figure>\n<\/div>\n\n\n\n<div class=\"wp-block-column is-layout-flow wp-block-column-is-layout-flow\" style=\"flex-basis:66.66%\"><style>.wp-block-kadence-advancedheading.kt-adv-heading796_e5ddc1-92, .wp-block-kadence-advancedheading.kt-adv-heading796_e5ddc1-92[data-kb-block=\"kb-adv-heading796_e5ddc1-92\"]{font-style:normal;}.wp-block-kadence-advancedheading.kt-adv-heading796_e5ddc1-92 mark.kt-highlight, .wp-block-kadence-advancedheading.kt-adv-heading796_e5ddc1-92[data-kb-block=\"kb-adv-heading796_e5ddc1-92\"] mark.kt-highlight{font-style:normal;color:#f76a0c;-webkit-box-decoration-break:clone;box-decoration-break:clone;padding-top:0px;padding-right:0px;padding-bottom:0px;padding-left:0px;}<\/style>\n<p class=\"kt-adv-heading796_e5ddc1-92 wp-block-kadence-advancedheading\" data-kb-block=\"kb-adv-heading796_e5ddc1-92\"><strong>EPIFAN\u00cdA SAGRADA: PO\u00c9MAS<\/strong><br>Carlos Asquet<br><br>Una selecci\u00f3n de 30 poemas que abordan desde una perspectiva limpia, desnuda y con aromas de provincia, el abordaje de la nostalgia, las palabras, el silencio y el amor.<\/p>\n\n\n<style>.wp-block-kadence-advancedbtn.kb-btns796_53a87e-33{gap:var(--global-kb-gap-xs, 0.5rem );justify-content:flex-start;align-items:center;}.kt-btns796_53a87e-33 .kt-button{font-weight:normal;font-style:normal;}.kt-btns796_53a87e-33 .kt-btn-wrap-0{margin-right:5px;}.wp-block-kadence-advancedbtn.kt-btns796_53a87e-33 .kt-btn-wrap-0 .kt-button{color:#555555;border-color:#555555;}.wp-block-kadence-advancedbtn.kt-btns796_53a87e-33 .kt-btn-wrap-0 .kt-button:hover, .wp-block-kadence-advancedbtn.kt-btns796_53a87e-33 .kt-btn-wrap-0 .kt-button:focus{color:#ffffff;border-color:#444444;}.wp-block-kadence-advancedbtn.kt-btns796_53a87e-33 .kt-btn-wrap-0 .kt-button::before{display:none;}.wp-block-kadence-advancedbtn.kt-btns796_53a87e-33 .kt-btn-wrap-0 .kt-button:hover, .wp-block-kadence-advancedbtn.kt-btns796_53a87e-33 .kt-btn-wrap-0 .kt-button:focus{background:#444444;}<\/style>\n<div class=\"wp-block-kadence-advancedbtn kb-buttons-wrap kb-btns796_53a87e-33\"><style>ul.menu .wp-block-kadence-advancedbtn .kb-btn796_d465c9-98.kb-button{width:initial;}<\/style><a class=\"kb-button kt-button button kb-btn796_d465c9-98 kt-btn-size-standard kt-btn-width-type-auto kb-btn-global-fill kt-btn-has-text-true kt-btn-has-svg-false wp-block-kadence-singlebtn\" href=\"https:\/\/www.amazon.com\/-\/es\/Carlos-Asquet-Jaque-ebook\/dp\/B0D8683MMN\/ref=sr_1_1?dib=eyJ2IjoiMSJ9.tZsoxFuqRWkGR30Vc28bcn4keBVwLEGWjKEYNYkZ5FE.szkAlwGGOVGCDhYXCmeqoaipsV9l_snl5n7kiuf_0-4&#038;dib_tag=se&#038;qid=1728936007&#038;refinements=p_27%3ACarlos+Asquet&#038;s=books&#038;sr=1-1&#038;text=Carlos+Asquet\" target=\"_blank\" rel=\"noreferrer noopener\"><span class=\"kt-btn-inner-text\">Comprar<\/span><\/a><\/div>\n<\/div>\n<\/div>\n\n\n<style>.wp-block-kadence-spacer.kt-block-spacer-796_e47686-60 .kt-block-spacer{height:60px;}.wp-block-kadence-spacer.kt-block-spacer-796_e47686-60 .kt-divider{border-top-width:1px;height:1px;border-top-color:#eee;width:80%;border-top-style:solid;}<\/style>\n<div class=\"wp-block-kadence-spacer aligncenter kt-block-spacer-796_e47686-60\"><div class=\"kt-block-spacer kt-block-spacer-halign-center\"><hr class=\"kt-divider\"\/><\/div><\/div>\n\n\n<style>.wp-block-kadence-advancedbtn.kb-btns796_82d933-4c{gap:var(--global-kb-gap-xs, 0.5rem );justify-content:flex-start;align-items:center;}.kt-btns796_82d933-4c .kt-button{font-weight:normal;font-style:normal;}.kt-btns796_82d933-4c .kt-btn-wrap-0{margin-right:5px;}.wp-block-kadence-advancedbtn.kt-btns796_82d933-4c .kt-btn-wrap-0 .kt-button{color:#555555;border-color:#555555;}.wp-block-kadence-advancedbtn.kt-btns796_82d933-4c .kt-btn-wrap-0 .kt-button:hover, .wp-block-kadence-advancedbtn.kt-btns796_82d933-4c .kt-btn-wrap-0 .kt-button:focus{color:#ffffff;border-color:#444444;}.wp-block-kadence-advancedbtn.kt-btns796_82d933-4c .kt-btn-wrap-0 .kt-button::before{display:none;}.wp-block-kadence-advancedbtn.kt-btns796_82d933-4c .kt-btn-wrap-0 .kt-button:hover, .wp-block-kadence-advancedbtn.kt-btns796_82d933-4c .kt-btn-wrap-0 .kt-button:focus{background:#444444;}<\/style>\n<div class=\"wp-block-kadence-advancedbtn kb-buttons-wrap kb-btns796_82d933-4c\"><style>ul.menu .wp-block-kadence-advancedbtn .kb-btn796_6316b3-0d.kb-button{width:initial;}<\/style><a class=\"kb-button kt-button button kb-btn796_6316b3-0d kt-btn-size-standard kt-btn-width-type-auto kb-btn-global-fill kt-btn-has-text-true kt-btn-has-svg-false wp-block-kadence-singlebtn\" href=\"https:\/\/renacereditorial.cl\/index.php\/titulos\/\"><span class=\"kt-btn-inner-text\">volver<\/span><\/a><\/div>\n\n\n\n<p><\/p>\n","protected":false},"excerpt":{"rendered":"<p>Epifan\u00eda Sagrada: Po\u00e9mas EPIFAN\u00cdA SAGRADA: PO\u00c9MASCarlos Asquet Una selecci\u00f3n de 30 poemas que abordan desde una perspectiva limpia, desnuda y con aromas de provincia, el abordaje de la nostalgia, las palabras, el silencio y el amor.<\/p>\n","protected":false},"author":1,"featured_media":0,"parent":0,"menu_order":0,"comment_status":"closed","ping_status":"closed","template":"","meta":{"_kadence_starter_templates_imported_post":false,"_kad_post_transparent":"","_kad_post_title":"hide","_kad_post_layout":"fullwidth","_kad_post_sidebar_id":"","_kad_post_content_style":"","_kad_post_vertical_padding":"hide","_kad_post_feature":"hide","_kad_post_feature_position":"","_kad_post_header":false,"_kad_post_footer":false,"footnotes":""},"class_list":["post-796","page","type-page","status-publish","hentry"],"_links":{"self":[{"href":"https:\/\/renacereditorial.cl\/index.php\/wp-json\/wp\/v2\/pages\/796","targetHints":{"allow":["GET"]}}],"collection":[{"href":"https:\/\/renacereditorial.cl\/index.php\/wp-json\/wp\/v2\/pages"}],"about":[{"href":"https:\/\/renacereditorial.cl\/index.php\/wp-json\/wp\/v2\/types\/page"}],"author":[{"embeddable":true,"href":"https:\/\/renacereditorial.cl\/index.php\/wp-json\/wp\/v2\/users\/1"}],"replies":[{"embeddable":true,"href":"https:\/\/renacereditorial.cl\/index.php\/wp-json\/wp\/v2\/comments?post=796"}],"version-history":[{"count":2,"href":"https:\/\/renacereditorial.cl\/index.php\/wp-json\/wp\/v2\/pages\/796\/revisions"}],"predecessor-version":[{"id":856,"href":"https:\/\/renacereditorial.cl\/index.php\/wp-json\/wp\/v2\/pages\/796\/revisions\/856"}],"wp:attachment":[{"href":"https:\/\/renacereditorial.cl\/index.php\/wp-json\/wp\/v2\/media?parent=796"}],"curies":[{"name":"wp","href":"https:\/\/api.w.org\/{rel}","templated":true}]}}