{"id":793,"date":"2024-10-14T19:55:10","date_gmt":"2024-10-14T19:55:10","guid":{"rendered":"https:\/\/renacereditorial.cl\/?page_id=793"},"modified":"2024-10-23T19:30:35","modified_gmt":"2024-10-23T19:30:35","slug":"la-nostalgia-de-estar-vivo","status":"publish","type":"page","link":"https:\/\/renacereditorial.cl\/index.php\/la-nostalgia-de-estar-vivo\/","title":{"rendered":"LA NOSTALGIA DE ESTAR VIVO"},"content":{"rendered":"<style>.kb-row-layout-id793_b79ea0-1a > .kt-row-column-wrap{align-content:start;}:where(.kb-row-layout-id793_b79ea0-1a > .kt-row-column-wrap) > .wp-block-kadence-column{justify-content:start;}.kb-row-layout-id793_b79ea0-1a > .kt-row-column-wrap{column-gap:var(--global-kb-gap-md, 2rem);row-gap:var(--global-kb-gap-md, 2rem);max-width:var( --global-content-width, 1290px );padding-left:var(--global-content-edge-padding);padding-right:var(--global-content-edge-padding);padding-top:116px;padding-bottom:60px;grid-template-columns:minmax(0, 1fr);}.kb-row-layout-id793_b79ea0-1a > .kt-row-layout-overlay{opacity:0.30;}@media all and (max-width: 1024px){.kb-row-layout-id793_b79ea0-1a > .kt-row-column-wrap{padding-top:60px;grid-template-columns:minmax(0, 1fr);}}@media all and (max-width: 767px){.kb-row-layout-id793_b79ea0-1a > .kt-row-column-wrap{padding-top:140px;grid-template-columns:minmax(0, 1fr);}}<\/style><div class=\"kb-row-layout-wrap kb-row-layout-id793_b79ea0-1a alignnone has-theme-palette8-background-color kt-row-has-bg wp-block-kadence-rowlayout\"><div class=\"kt-row-column-wrap kt-has-1-columns kt-row-layout-equal kt-tab-layout-inherit kt-mobile-layout-row kt-row-valign-top kb-theme-content-width\">\n<style>.kadence-column793_a65992-63 > .kt-inside-inner-col,.kadence-column793_a65992-63 > .kt-inside-inner-col:before{border-top-left-radius:0px;border-top-right-radius:0px;border-bottom-right-radius:0px;border-bottom-left-radius:0px;}.kadence-column793_a65992-63 > .kt-inside-inner-col{column-gap:var(--global-kb-gap-sm, 1rem);}.kadence-column793_a65992-63 > .kt-inside-inner-col{flex-direction:column;}.kadence-column793_a65992-63 > .kt-inside-inner-col > .aligncenter{width:100%;}.kadence-column793_a65992-63 > .kt-inside-inner-col:before{opacity:0.3;}.kadence-column793_a65992-63{position:relative;}@media all and (max-width: 1024px){.kadence-column793_a65992-63 > .kt-inside-inner-col{flex-direction:column;}}@media all and (max-width: 767px){.kadence-column793_a65992-63 > .kt-inside-inner-col{flex-direction:column;}}<\/style>\n<div class=\"wp-block-kadence-column kadence-column793_a65992-63 inner-column-1\"><div class=\"kt-inside-inner-col\"><style>.kb-row-layout-id793_489f1e-84 > .kt-row-column-wrap{align-content:start;}:where(.kb-row-layout-id793_489f1e-84 > .kt-row-column-wrap) > .wp-block-kadence-column{justify-content:start;}.kb-row-layout-id793_489f1e-84 > .kt-row-column-wrap{column-gap:var(--global-kb-gap-md, 2rem);row-gap:var(--global-kb-gap-md, 2rem);max-width:600px;margin-left:auto;margin-right:auto;padding-top:0px;padding-bottom:0px;grid-template-columns:minmax(0, 1fr);}.kb-row-layout-id793_489f1e-84 > .kt-row-layout-overlay{opacity:0.30;}@media all and (max-width: 1024px){.kb-row-layout-id793_489f1e-84 > .kt-row-column-wrap{max-width:600px;margin-left:auto;margin-right:auto;grid-template-columns:minmax(0, 1fr);}}@media all and (max-width: 767px){.kb-row-layout-id793_489f1e-84 > .kt-row-column-wrap{grid-template-columns:minmax(0, 1fr);}}<\/style><div class=\"kb-row-layout-wrap kb-row-layout-id793_489f1e-84 alignnone wp-block-kadence-rowlayout\"><div class=\"kt-row-column-wrap kt-has-1-columns kt-row-layout-equal kt-tab-layout-inherit kt-mobile-layout-row kt-row-valign-top\">\n<style>.kadence-column793_3b1233-5f > .kt-inside-inner-col,.kadence-column793_3b1233-5f > .kt-inside-inner-col:before{border-top-left-radius:0px;border-top-right-radius:0px;border-bottom-right-radius:0px;border-bottom-left-radius:0px;}.kadence-column793_3b1233-5f > .kt-inside-inner-col{column-gap:var(--global-kb-gap-sm, 1rem);}.kadence-column793_3b1233-5f > .kt-inside-inner-col{flex-direction:column;}.kadence-column793_3b1233-5f > .kt-inside-inner-col > .aligncenter{width:100%;}.kadence-column793_3b1233-5f > .kt-inside-inner-col:before{opacity:0.3;}.kadence-column793_3b1233-5f{position:relative;}@media all and (max-width: 1024px){.kadence-column793_3b1233-5f > .kt-inside-inner-col{flex-direction:column;}}@media all and (max-width: 767px){.kadence-column793_3b1233-5f > .kt-inside-inner-col{flex-direction:column;}}<\/style>\n<div class=\"wp-block-kadence-column kadence-column793_3b1233-5f inner-column-1\"><div class=\"kt-inside-inner-col\"><style>.wp-block-kadence-advancedheading.kt-adv-heading793_f6eafc-4a, .wp-block-kadence-advancedheading.kt-adv-heading793_f6eafc-4a[data-kb-block=\"kb-adv-heading793_f6eafc-4a\"]{margin-bottom:20px;text-align:center;font-size:70px;line-height:70px;font-style:normal;}.wp-block-kadence-advancedheading.kt-adv-heading793_f6eafc-4a mark.kt-highlight, .wp-block-kadence-advancedheading.kt-adv-heading793_f6eafc-4a[data-kb-block=\"kb-adv-heading793_f6eafc-4a\"] mark.kt-highlight{font-style:normal;color:#f76a0c;-webkit-box-decoration-break:clone;box-decoration-break:clone;padding-top:0px;padding-right:0px;padding-bottom:0px;padding-left:0px;}@media all and (max-width: 1024px){.wp-block-kadence-advancedheading.kt-adv-heading793_f6eafc-4a, .wp-block-kadence-advancedheading.kt-adv-heading793_f6eafc-4a[data-kb-block=\"kb-adv-heading793_f6eafc-4a\"]{font-size:55px;}}@media all and (max-width: 767px){.wp-block-kadence-advancedheading.kt-adv-heading793_f6eafc-4a, .wp-block-kadence-advancedheading.kt-adv-heading793_f6eafc-4a[data-kb-block=\"kb-adv-heading793_f6eafc-4a\"]{font-size:45px;}}<\/style>\n<h1 class=\"kt-adv-heading793_f6eafc-4a wp-block-kadence-advancedheading\" data-kb-block=\"kb-adv-heading793_f6eafc-4a\">La nostalgia de estar vivo<\/h1>\n<\/div><\/div>\n\n<\/div><\/div><\/div><\/div>\n\n<\/div><\/div>\n\n<style>.wp-block-kadence-spacer.kt-block-spacer-793_d389a9-54 .kt-block-spacer{height:75px;}.wp-block-kadence-spacer.kt-block-spacer-793_d389a9-54 .kt-divider{border-top-width:1px;height:1px;border-top-color:#eee;width:80%;border-top-style:solid;}<\/style>\n<div class=\"wp-block-kadence-spacer aligncenter kt-block-spacer-793_d389a9-54\"><div class=\"kt-block-spacer kt-block-spacer-halign-center\"><hr class=\"kt-divider\"\/><\/div><\/div>\n\n\n\n<div class=\"wp-block-columns is-layout-flex wp-container-core-columns-is-layout-9d6595d7 wp-block-columns-is-layout-flex\">\n<div class=\"wp-block-column is-layout-flow wp-block-column-is-layout-flow\" style=\"flex-basis:33.33%\"><style>.kb-image793_8f3106-b2.kb-image-is-ratio-size, .kb-image793_8f3106-b2 .kb-image-is-ratio-size{max-width:288px;width:100%;}.wp-block-kadence-column > .kt-inside-inner-col > .kb-image793_8f3106-b2.kb-image-is-ratio-size, .wp-block-kadence-column > .kt-inside-inner-col > .kb-image793_8f3106-b2 .kb-image-is-ratio-size{align-self:unset;}.kb-image793_8f3106-b2{max-width:288px;}.image-is-svg.kb-image793_8f3106-b2{-webkit-flex:0 1 100%;flex:0 1 100%;}.image-is-svg.kb-image793_8f3106-b2 img{width:100%;}.kb-image793_8f3106-b2 .kb-image-has-overlay:after{opacity:0.3;}<\/style>\n<figure class=\"wp-block-kadence-image kb-image793_8f3106-b2 size-full\"><img loading=\"lazy\" decoding=\"async\" width=\"524\" height=\"800\" src=\"https:\/\/renacereditorial.cl\/wp-content\/uploads\/2024\/09\/nostalgia.jpg\" alt=\"\" class=\"kb-img wp-image-608\" srcset=\"https:\/\/renacereditorial.cl\/wp-content\/uploads\/2024\/09\/nostalgia.jpg 524w, https:\/\/renacereditorial.cl\/wp-content\/uploads\/2024\/09\/nostalgia-197x300.jpg 197w\" sizes=\"auto, (max-width: 524px) 100vw, 524px\" \/><\/figure>\n<\/div>\n\n\n\n<div class=\"wp-block-column is-layout-flow wp-block-column-is-layout-flow\" style=\"flex-basis:66.66%\"><style>.wp-block-kadence-advancedheading.kt-adv-heading793_3227ff-12, .wp-block-kadence-advancedheading.kt-adv-heading793_3227ff-12[data-kb-block=\"kb-adv-heading793_3227ff-12\"]{font-style:normal;}.wp-block-kadence-advancedheading.kt-adv-heading793_3227ff-12 mark.kt-highlight, .wp-block-kadence-advancedheading.kt-adv-heading793_3227ff-12[data-kb-block=\"kb-adv-heading793_3227ff-12\"] mark.kt-highlight{font-style:normal;color:#f76a0c;-webkit-box-decoration-break:clone;box-decoration-break:clone;padding-top:0px;padding-right:0px;padding-bottom:0px;padding-left:0px;}<\/style>\n<p class=\"kt-adv-heading793_3227ff-12 wp-block-kadence-advancedheading\" data-kb-block=\"kb-adv-heading793_3227ff-12\"><strong>LA NOSTALGIA DE ESTAR VIVO<\/strong><br>Carlos Asquet<br><br>\u00abLa nostalgia de estar vivo\u00bb un libro que incluye 50 poemas intensos y cargados de innegable pasi\u00f3n. Un texto evocador que nos conduce por la inevitable melancol\u00eda de la existencia y adem\u00e1s nos recuerda que esta sensaci\u00f3n nos permite y nos regala la posibilidad de la belleza, la emoci\u00f3n, el asombro, bordear los l\u00edmites de lo humano, so\u00f1ar y principalmente amar con devoci\u00f3n.<br><br>Una hermosa obra po\u00e9tica, del escritor Carlos Asquet Jaque.<\/p>\n\n\n<style>.wp-block-kadence-advancedbtn.kb-btns793_504049-76{gap:var(--global-kb-gap-xs, 0.5rem );justify-content:flex-start;align-items:center;}.kt-btns793_504049-76 .kt-button{font-weight:normal;font-style:normal;}.kt-btns793_504049-76 .kt-btn-wrap-0{margin-right:5px;}.wp-block-kadence-advancedbtn.kt-btns793_504049-76 .kt-btn-wrap-0 .kt-button{color:#555555;border-color:#555555;}.wp-block-kadence-advancedbtn.kt-btns793_504049-76 .kt-btn-wrap-0 .kt-button:hover, .wp-block-kadence-advancedbtn.kt-btns793_504049-76 .kt-btn-wrap-0 .kt-button:focus{color:#ffffff;border-color:#444444;}.wp-block-kadence-advancedbtn.kt-btns793_504049-76 .kt-btn-wrap-0 .kt-button::before{display:none;}.wp-block-kadence-advancedbtn.kt-btns793_504049-76 .kt-btn-wrap-0 .kt-button:hover, .wp-block-kadence-advancedbtn.kt-btns793_504049-76 .kt-btn-wrap-0 .kt-button:focus{background:#444444;}<\/style>\n<div class=\"wp-block-kadence-advancedbtn kb-buttons-wrap kb-btns793_504049-76\"><style>ul.menu .wp-block-kadence-advancedbtn .kb-btn793_a3f0d2-30.kb-button{width:initial;}<\/style><a class=\"kb-button kt-button button kb-btn793_a3f0d2-30 kt-btn-size-standard kt-btn-width-type-auto kb-btn-global-fill kt-btn-has-text-true kt-btn-has-svg-false wp-block-kadence-singlebtn\" href=\"https:\/\/www.amazon.com\/dp\/B0CHGLPWFQ?ref_=cm_sw_r_mwn_dp_XHDYRTKXFFC1K30KKWZT&#038;language=en_US\" target=\"_blank\" rel=\"noreferrer noopener\"><span class=\"kt-btn-inner-text\">Comprar<\/span><\/a><\/div>\n<\/div>\n<\/div>\n\n\n<style>.wp-block-kadence-spacer.kt-block-spacer-793_6eb053-27 .kt-block-spacer{height:60px;}.wp-block-kadence-spacer.kt-block-spacer-793_6eb053-27 .kt-divider{border-top-width:1px;height:1px;border-top-color:#eee;width:80%;border-top-style:solid;}<\/style>\n<div class=\"wp-block-kadence-spacer aligncenter kt-block-spacer-793_6eb053-27\"><div class=\"kt-block-spacer kt-block-spacer-halign-center\"><hr class=\"kt-divider\"\/><\/div><\/div>\n\n\n<style>.wp-block-kadence-advancedbtn.kb-btns793_336585-5a{gap:var(--global-kb-gap-xs, 0.5rem );justify-content:flex-start;align-items:center;}.kt-btns793_336585-5a .kt-button{font-weight:normal;font-style:normal;}.kt-btns793_336585-5a .kt-btn-wrap-0{margin-right:5px;}.wp-block-kadence-advancedbtn.kt-btns793_336585-5a .kt-btn-wrap-0 .kt-button{color:#555555;border-color:#555555;}.wp-block-kadence-advancedbtn.kt-btns793_336585-5a .kt-btn-wrap-0 .kt-button:hover, .wp-block-kadence-advancedbtn.kt-btns793_336585-5a .kt-btn-wrap-0 .kt-button:focus{color:#ffffff;border-color:#444444;}.wp-block-kadence-advancedbtn.kt-btns793_336585-5a .kt-btn-wrap-0 .kt-button::before{display:none;}.wp-block-kadence-advancedbtn.kt-btns793_336585-5a .kt-btn-wrap-0 .kt-button:hover, .wp-block-kadence-advancedbtn.kt-btns793_336585-5a .kt-btn-wrap-0 .kt-button:focus{background:#444444;}<\/style>\n<div class=\"wp-block-kadence-advancedbtn kb-buttons-wrap kb-btns793_336585-5a\"><style>ul.menu .wp-block-kadence-advancedbtn .kb-btn793_38e83d-b4.kb-button{width:initial;}<\/style><a class=\"kb-button kt-button button kb-btn793_38e83d-b4 kt-btn-size-standard kt-btn-width-type-auto kb-btn-global-fill kt-btn-has-text-true kt-btn-has-svg-false wp-block-kadence-singlebtn\" href=\"https:\/\/renacereditorial.cl\/index.php\/titulos\/\"><span class=\"kt-btn-inner-text\">volver<\/span><\/a><\/div>\n\n\n\n<p><\/p>\n","protected":false},"excerpt":{"rendered":"<p>La nostalgia de estar vivo LA NOSTALGIA DE ESTAR VIVOCarlos Asquet \u00abLa nostalgia de estar vivo\u00bb un libro que incluye 50 poemas intensos y cargados de innegable pasi\u00f3n. Un texto evocador que nos conduce por la inevitable melancol\u00eda de la existencia y adem\u00e1s nos recuerda que esta sensaci\u00f3n nos permite y nos regala la posibilidad&#8230;<\/p>\n","protected":false},"author":1,"featured_media":0,"parent":0,"menu_order":0,"comment_status":"closed","ping_status":"closed","template":"","meta":{"_kadence_starter_templates_imported_post":false,"_kad_post_transparent":"","_kad_post_title":"hide","_kad_post_layout":"fullwidth","_kad_post_sidebar_id":"","_kad_post_content_style":"","_kad_post_vertical_padding":"hide","_kad_post_feature":"hide","_kad_post_feature_position":"","_kad_post_header":false,"_kad_post_footer":false,"footnotes":""},"class_list":["post-793","page","type-page","status-publish","hentry"],"_links":{"self":[{"href":"https:\/\/renacereditorial.cl\/index.php\/wp-json\/wp\/v2\/pages\/793","targetHints":{"allow":["GET"]}}],"collection":[{"href":"https:\/\/renacereditorial.cl\/index.php\/wp-json\/wp\/v2\/pages"}],"about":[{"href":"https:\/\/renacereditorial.cl\/index.php\/wp-json\/wp\/v2\/types\/page"}],"author":[{"embeddable":true,"href":"https:\/\/renacereditorial.cl\/index.php\/wp-json\/wp\/v2\/users\/1"}],"replies":[{"embeddable":true,"href":"https:\/\/renacereditorial.cl\/index.php\/wp-json\/wp\/v2\/comments?post=793"}],"version-history":[{"count":3,"href":"https:\/\/renacereditorial.cl\/index.php\/wp-json\/wp\/v2\/pages\/793\/revisions"}],"predecessor-version":[{"id":861,"href":"https:\/\/renacereditorial.cl\/index.php\/wp-json\/wp\/v2\/pages\/793\/revisions\/861"}],"wp:attachment":[{"href":"https:\/\/renacereditorial.cl\/index.php\/wp-json\/wp\/v2\/media?parent=793"}],"curies":[{"name":"wp","href":"https:\/\/api.w.org\/{rel}","templated":true}]}}