{"id":789,"date":"2024-10-14T19:50:28","date_gmt":"2024-10-14T19:50:28","guid":{"rendered":"https:\/\/renacereditorial.cl\/?page_id=789"},"modified":"2024-10-23T19:27:14","modified_gmt":"2024-10-23T19:27:14","slug":"anecdotario-paranormal","status":"publish","type":"page","link":"https:\/\/renacereditorial.cl\/index.php\/anecdotario-paranormal\/","title":{"rendered":"ANECDOTARIO PARANORMAL"},"content":{"rendered":"<style>.kb-row-layout-id789_2bc684-ff > .kt-row-column-wrap{align-content:start;}:where(.kb-row-layout-id789_2bc684-ff > .kt-row-column-wrap) > .wp-block-kadence-column{justify-content:start;}.kb-row-layout-id789_2bc684-ff > .kt-row-column-wrap{column-gap:var(--global-kb-gap-md, 2rem);row-gap:var(--global-kb-gap-md, 2rem);max-width:var( --global-content-width, 1290px );padding-left:var(--global-content-edge-padding);padding-right:var(--global-content-edge-padding);padding-top:116px;padding-bottom:60px;grid-template-columns:minmax(0, 1fr);}.kb-row-layout-id789_2bc684-ff > .kt-row-layout-overlay{opacity:0.30;}@media all and (max-width: 1024px){.kb-row-layout-id789_2bc684-ff > .kt-row-column-wrap{padding-top:60px;grid-template-columns:minmax(0, 1fr);}}@media all and (max-width: 767px){.kb-row-layout-id789_2bc684-ff > .kt-row-column-wrap{padding-top:140px;grid-template-columns:minmax(0, 1fr);}}<\/style><div class=\"kb-row-layout-wrap kb-row-layout-id789_2bc684-ff alignnone has-theme-palette8-background-color kt-row-has-bg wp-block-kadence-rowlayout\"><div class=\"kt-row-column-wrap kt-has-1-columns kt-row-layout-equal kt-tab-layout-inherit kt-mobile-layout-row kt-row-valign-top kb-theme-content-width\">\n<style>.kadence-column789_acf324-ff > .kt-inside-inner-col,.kadence-column789_acf324-ff > .kt-inside-inner-col:before{border-top-left-radius:0px;border-top-right-radius:0px;border-bottom-right-radius:0px;border-bottom-left-radius:0px;}.kadence-column789_acf324-ff > .kt-inside-inner-col{column-gap:var(--global-kb-gap-sm, 1rem);}.kadence-column789_acf324-ff > .kt-inside-inner-col{flex-direction:column;}.kadence-column789_acf324-ff > .kt-inside-inner-col > .aligncenter{width:100%;}.kadence-column789_acf324-ff > .kt-inside-inner-col:before{opacity:0.3;}.kadence-column789_acf324-ff{position:relative;}@media all and (max-width: 1024px){.kadence-column789_acf324-ff > .kt-inside-inner-col{flex-direction:column;}}@media all and (max-width: 767px){.kadence-column789_acf324-ff > .kt-inside-inner-col{flex-direction:column;}}<\/style>\n<div class=\"wp-block-kadence-column kadence-column789_acf324-ff inner-column-1\"><div class=\"kt-inside-inner-col\"><style>.kb-row-layout-id789_f5b726-e6 > .kt-row-column-wrap{align-content:start;}:where(.kb-row-layout-id789_f5b726-e6 > .kt-row-column-wrap) > .wp-block-kadence-column{justify-content:start;}.kb-row-layout-id789_f5b726-e6 > .kt-row-column-wrap{column-gap:var(--global-kb-gap-md, 2rem);row-gap:var(--global-kb-gap-md, 2rem);max-width:600px;margin-left:auto;margin-right:auto;padding-top:0px;padding-bottom:0px;grid-template-columns:minmax(0, 1fr);}.kb-row-layout-id789_f5b726-e6 > .kt-row-layout-overlay{opacity:0.30;}@media all and (max-width: 1024px){.kb-row-layout-id789_f5b726-e6 > .kt-row-column-wrap{max-width:600px;margin-left:auto;margin-right:auto;grid-template-columns:minmax(0, 1fr);}}@media all and (max-width: 767px){.kb-row-layout-id789_f5b726-e6 > .kt-row-column-wrap{grid-template-columns:minmax(0, 1fr);}}<\/style><div class=\"kb-row-layout-wrap kb-row-layout-id789_f5b726-e6 alignnone wp-block-kadence-rowlayout\"><div class=\"kt-row-column-wrap kt-has-1-columns kt-row-layout-equal kt-tab-layout-inherit kt-mobile-layout-row kt-row-valign-top\">\n<style>.kadence-column789_aa134d-4a > .kt-inside-inner-col,.kadence-column789_aa134d-4a > .kt-inside-inner-col:before{border-top-left-radius:0px;border-top-right-radius:0px;border-bottom-right-radius:0px;border-bottom-left-radius:0px;}.kadence-column789_aa134d-4a > .kt-inside-inner-col{column-gap:var(--global-kb-gap-sm, 1rem);}.kadence-column789_aa134d-4a > .kt-inside-inner-col{flex-direction:column;}.kadence-column789_aa134d-4a > .kt-inside-inner-col > .aligncenter{width:100%;}.kadence-column789_aa134d-4a > .kt-inside-inner-col:before{opacity:0.3;}.kadence-column789_aa134d-4a{position:relative;}@media all and (max-width: 1024px){.kadence-column789_aa134d-4a > .kt-inside-inner-col{flex-direction:column;}}@media all and (max-width: 767px){.kadence-column789_aa134d-4a > .kt-inside-inner-col{flex-direction:column;}}<\/style>\n<div class=\"wp-block-kadence-column kadence-column789_aa134d-4a inner-column-1\"><div class=\"kt-inside-inner-col\"><style>.wp-block-kadence-advancedheading.kt-adv-heading789_4981de-2c, .wp-block-kadence-advancedheading.kt-adv-heading789_4981de-2c[data-kb-block=\"kb-adv-heading789_4981de-2c\"]{margin-bottom:20px;text-align:center;font-size:70px;line-height:70px;font-style:normal;}.wp-block-kadence-advancedheading.kt-adv-heading789_4981de-2c mark.kt-highlight, .wp-block-kadence-advancedheading.kt-adv-heading789_4981de-2c[data-kb-block=\"kb-adv-heading789_4981de-2c\"] mark.kt-highlight{font-style:normal;color:#f76a0c;-webkit-box-decoration-break:clone;box-decoration-break:clone;padding-top:0px;padding-right:0px;padding-bottom:0px;padding-left:0px;}@media all and (max-width: 1024px){.wp-block-kadence-advancedheading.kt-adv-heading789_4981de-2c, .wp-block-kadence-advancedheading.kt-adv-heading789_4981de-2c[data-kb-block=\"kb-adv-heading789_4981de-2c\"]{font-size:55px;}}@media all and (max-width: 767px){.wp-block-kadence-advancedheading.kt-adv-heading789_4981de-2c, .wp-block-kadence-advancedheading.kt-adv-heading789_4981de-2c[data-kb-block=\"kb-adv-heading789_4981de-2c\"]{font-size:45px;}}<\/style>\n<h1 class=\"kt-adv-heading789_4981de-2c wp-block-kadence-advancedheading\" data-kb-block=\"kb-adv-heading789_4981de-2c\">Anecdotario Paranormal<\/h1>\n<\/div><\/div>\n\n<\/div><\/div><\/div><\/div>\n\n<\/div><\/div>\n\n<style>.wp-block-kadence-spacer.kt-block-spacer-789_41e6c3-66 .kt-block-spacer{height:75px;}.wp-block-kadence-spacer.kt-block-spacer-789_41e6c3-66 .kt-divider{border-top-width:1px;height:1px;border-top-color:#eee;width:80%;border-top-style:solid;}<\/style>\n<div class=\"wp-block-kadence-spacer aligncenter kt-block-spacer-789_41e6c3-66\"><div class=\"kt-block-spacer kt-block-spacer-halign-center\"><hr class=\"kt-divider\"\/><\/div><\/div>\n\n\n\n<div class=\"wp-block-columns is-layout-flex wp-container-core-columns-is-layout-9d6595d7 wp-block-columns-is-layout-flex\">\n<div class=\"wp-block-column is-layout-flow wp-block-column-is-layout-flow\" style=\"flex-basis:33.33%\"><style>.kb-image789_e34493-cc.kb-image-is-ratio-size, .kb-image789_e34493-cc .kb-image-is-ratio-size{max-width:288px;width:100%;}.wp-block-kadence-column > .kt-inside-inner-col > .kb-image789_e34493-cc.kb-image-is-ratio-size, .wp-block-kadence-column > .kt-inside-inner-col > .kb-image789_e34493-cc .kb-image-is-ratio-size{align-self:unset;}.kb-image789_e34493-cc{max-width:288px;}.image-is-svg.kb-image789_e34493-cc{-webkit-flex:0 1 100%;flex:0 1 100%;}.image-is-svg.kb-image789_e34493-cc img{width:100%;}.kb-image789_e34493-cc .kb-image-has-overlay:after{opacity:0.3;}<\/style>\n<figure class=\"wp-block-kadence-image kb-image789_e34493-cc size-full\"><img loading=\"lazy\" decoding=\"async\" width=\"524\" height=\"800\" src=\"https:\/\/renacereditorial.cl\/wp-content\/uploads\/2024\/09\/anecdotario.jpg\" alt=\"\" class=\"kb-img wp-image-629\" srcset=\"https:\/\/renacereditorial.cl\/wp-content\/uploads\/2024\/09\/anecdotario.jpg 524w, https:\/\/renacereditorial.cl\/wp-content\/uploads\/2024\/09\/anecdotario-197x300.jpg 197w\" sizes=\"auto, (max-width: 524px) 100vw, 524px\" \/><\/figure>\n<\/div>\n\n\n\n<div class=\"wp-block-column is-layout-flow wp-block-column-is-layout-flow\" style=\"flex-basis:66.66%\"><style>.wp-block-kadence-advancedheading.kt-adv-heading789_0ca98c-8b, .wp-block-kadence-advancedheading.kt-adv-heading789_0ca98c-8b[data-kb-block=\"kb-adv-heading789_0ca98c-8b\"]{font-style:normal;}.wp-block-kadence-advancedheading.kt-adv-heading789_0ca98c-8b mark.kt-highlight, .wp-block-kadence-advancedheading.kt-adv-heading789_0ca98c-8b[data-kb-block=\"kb-adv-heading789_0ca98c-8b\"] mark.kt-highlight{font-style:normal;color:#f76a0c;-webkit-box-decoration-break:clone;box-decoration-break:clone;padding-top:0px;padding-right:0px;padding-bottom:0px;padding-left:0px;}<\/style>\n<p class=\"kt-adv-heading789_0ca98c-8b wp-block-kadence-advancedheading\" data-kb-block=\"kb-adv-heading789_0ca98c-8b\"><strong>ANECDOTARIO PARANORMAL<\/strong><br>Rodrigo Mel\u00e9ndez Miranda<br><br>En cada reuni\u00f3n de amigos es infaltable las historias de aparecidos, de luces en el cielo, de ruidos extra\u00f1os, de seres imposibles y sue\u00f1os que se confunden con la realidad. Tantas pel\u00edculas, tantos libros y canciones hablan de experiencias tan extra\u00f1as pero tambi\u00e9n m\u00e1s comunes de lo que creemos.<br><br>\u201c\u00a1A m\u00ed, me pas\u00f3 eso! \u00a1Yo vi uno! \u00a1Yo escuch\u00e9 voces!\u201d Entonces, \u00bfpor qu\u00e9 no compilar algunas de estas historias de mis propios amigos, conocidos y familia? \u00bfPor qu\u00e9 no relatar mis propias y extra\u00f1as historias y compartirlas tambi\u00e9n con ellos?<br><br>As\u00ed nacieron estos relatos y anecdotarios fant\u00e1sticos.<\/p>\n\n\n<style>.wp-block-kadence-advancedbtn.kb-btns789_1b81db-55{gap:var(--global-kb-gap-xs, 0.5rem );justify-content:flex-start;align-items:center;}.kt-btns789_1b81db-55 .kt-button{font-weight:normal;font-style:normal;}.kt-btns789_1b81db-55 .kt-btn-wrap-0{margin-right:5px;}.wp-block-kadence-advancedbtn.kt-btns789_1b81db-55 .kt-btn-wrap-0 .kt-button{color:#555555;border-color:#555555;}.wp-block-kadence-advancedbtn.kt-btns789_1b81db-55 .kt-btn-wrap-0 .kt-button:hover, .wp-block-kadence-advancedbtn.kt-btns789_1b81db-55 .kt-btn-wrap-0 .kt-button:focus{color:#ffffff;border-color:#444444;}.wp-block-kadence-advancedbtn.kt-btns789_1b81db-55 .kt-btn-wrap-0 .kt-button::before{display:none;}.wp-block-kadence-advancedbtn.kt-btns789_1b81db-55 .kt-btn-wrap-0 .kt-button:hover, .wp-block-kadence-advancedbtn.kt-btns789_1b81db-55 .kt-btn-wrap-0 .kt-button:focus{background:#444444;}<\/style>\n<div class=\"wp-block-kadence-advancedbtn kb-buttons-wrap kb-btns789_1b81db-55\"><style>ul.menu .wp-block-kadence-advancedbtn .kb-btn789_e6a046-62.kb-button{width:initial;}<\/style><a class=\"kb-button kt-button button kb-btn789_e6a046-62 kt-btn-size-standard kt-btn-width-type-auto kb-btn-global-fill kt-btn-has-text-true kt-btn-has-svg-false wp-block-kadence-singlebtn\" href=\"https:\/\/www.amazon.com\/-\/es\/dp\/B0D63FPS27\" target=\"_blank\" rel=\"noreferrer noopener\"><span class=\"kt-btn-inner-text\">Comprar<\/span><\/a><\/div>\n<\/div>\n<\/div>\n\n\n\n<div class=\"wp-block-columns is-layout-flex wp-container-core-columns-is-layout-9d6595d7 wp-block-columns-is-layout-flex\">\n<div class=\"wp-block-column is-layout-flow wp-block-column-is-layout-flow\" style=\"flex-basis:33.33%\"><style>.kb-image789_5e5b0e-84.kb-image-is-ratio-size, .kb-image789_5e5b0e-84 .kb-image-is-ratio-size{max-width:227px;width:100%;}.wp-block-kadence-column > .kt-inside-inner-col > .kb-image789_5e5b0e-84.kb-image-is-ratio-size, .wp-block-kadence-column > .kt-inside-inner-col > .kb-image789_5e5b0e-84 .kb-image-is-ratio-size{align-self:unset;}.kb-image789_5e5b0e-84{max-width:227px;}.image-is-svg.kb-image789_5e5b0e-84{-webkit-flex:0 1 100%;flex:0 1 100%;}.image-is-svg.kb-image789_5e5b0e-84 img{width:100%;}.kb-image789_5e5b0e-84 .kb-image-has-overlay:after{opacity:0.3;}<\/style>\n<figure class=\"wp-block-kadence-image kb-image789_5e5b0e-84 size-full\"><img loading=\"lazy\" decoding=\"async\" width=\"640\" height=\"640\" src=\"https:\/\/renacereditorial.cl\/wp-content\/uploads\/2024\/09\/rodrigo.jpg\" alt=\"\" class=\"kb-img wp-image-615\" srcset=\"https:\/\/renacereditorial.cl\/wp-content\/uploads\/2024\/09\/rodrigo.jpg 640w, https:\/\/renacereditorial.cl\/wp-content\/uploads\/2024\/09\/rodrigo-300x300.jpg 300w, https:\/\/renacereditorial.cl\/wp-content\/uploads\/2024\/09\/rodrigo-150x150.jpg 150w\" sizes=\"auto, (max-width: 640px) 100vw, 640px\" \/><\/figure>\n<\/div>\n\n\n\n<div class=\"wp-block-column is-layout-flow wp-block-column-is-layout-flow\" style=\"flex-basis:66.66%\"><style>.wp-block-kadence-advancedheading.kt-adv-heading789_437a5b-5a, .wp-block-kadence-advancedheading.kt-adv-heading789_437a5b-5a[data-kb-block=\"kb-adv-heading789_437a5b-5a\"]{font-style:normal;}.wp-block-kadence-advancedheading.kt-adv-heading789_437a5b-5a mark.kt-highlight, .wp-block-kadence-advancedheading.kt-adv-heading789_437a5b-5a[data-kb-block=\"kb-adv-heading789_437a5b-5a\"] mark.kt-highlight{font-style:normal;color:#f76a0c;-webkit-box-decoration-break:clone;box-decoration-break:clone;padding-top:0px;padding-right:0px;padding-bottom:0px;padding-left:0px;}<\/style>\n<p class=\"kt-adv-heading789_437a5b-5a wp-block-kadence-advancedheading\" data-kb-block=\"kb-adv-heading789_437a5b-5a\">Creativo, dise\u00f1ador gr\u00e1fico, m\u00fasico, artista pl\u00e1stico,&nbsp;&nbsp;pintor, escritor, se ha desarrollado profesionalmente en Chile y en M\u00e9xico. Autor de la novela ficci\u00f3n \u201cEl Clon\u201d y \u201cAnecdotario Paranormal de mis Amigos\u201d.<\/p>\n<\/div>\n<\/div>\n\n\n<style>.wp-block-kadence-spacer.kt-block-spacer-789_7be930-75 .kt-block-spacer{height:60px;}.wp-block-kadence-spacer.kt-block-spacer-789_7be930-75 .kt-divider{border-top-width:1px;height:1px;border-top-color:#eee;width:80%;border-top-style:solid;}<\/style>\n<div class=\"wp-block-kadence-spacer aligncenter kt-block-spacer-789_7be930-75\"><div class=\"kt-block-spacer kt-block-spacer-halign-center\"><hr class=\"kt-divider\"\/><\/div><\/div>\n\n\n<style>.wp-block-kadence-advancedbtn.kb-btns789_26e2b9-74{gap:var(--global-kb-gap-xs, 0.5rem );justify-content:flex-start;align-items:center;}.kt-btns789_26e2b9-74 .kt-button{font-weight:normal;font-style:normal;}.kt-btns789_26e2b9-74 .kt-btn-wrap-0{margin-right:5px;}.wp-block-kadence-advancedbtn.kt-btns789_26e2b9-74 .kt-btn-wrap-0 .kt-button{color:#555555;border-color:#555555;}.wp-block-kadence-advancedbtn.kt-btns789_26e2b9-74 .kt-btn-wrap-0 .kt-button:hover, .wp-block-kadence-advancedbtn.kt-btns789_26e2b9-74 .kt-btn-wrap-0 .kt-button:focus{color:#ffffff;border-color:#444444;}.wp-block-kadence-advancedbtn.kt-btns789_26e2b9-74 .kt-btn-wrap-0 .kt-button::before{display:none;}.wp-block-kadence-advancedbtn.kt-btns789_26e2b9-74 .kt-btn-wrap-0 .kt-button:hover, .wp-block-kadence-advancedbtn.kt-btns789_26e2b9-74 .kt-btn-wrap-0 .kt-button:focus{background:#444444;}<\/style>\n<div class=\"wp-block-kadence-advancedbtn kb-buttons-wrap kb-btns789_26e2b9-74\"><style>ul.menu .wp-block-kadence-advancedbtn .kb-btn789_e4545e-f9.kb-button{width:initial;}<\/style><a class=\"kb-button kt-button button kb-btn789_e4545e-f9 kt-btn-size-standard kt-btn-width-type-auto kb-btn-global-fill kt-btn-has-text-true kt-btn-has-svg-false wp-block-kadence-singlebtn\" href=\"https:\/\/renacereditorial.cl\/index.php\/titulos\/\"><span class=\"kt-btn-inner-text\">volver<\/span><\/a><\/div>\n\n\n\n<p><\/p>\n","protected":false},"excerpt":{"rendered":"<p>Anecdotario Paranormal ANECDOTARIO PARANORMALRodrigo Mel\u00e9ndez Miranda En cada reuni\u00f3n de amigos es infaltable las historias de aparecidos, de luces en el cielo, de ruidos extra\u00f1os, de seres imposibles y sue\u00f1os que se confunden con la realidad. Tantas pel\u00edculas, tantos libros y canciones hablan de experiencias tan extra\u00f1as pero tambi\u00e9n m\u00e1s comunes de lo que creemos&#8230;.<\/p>\n","protected":false},"author":1,"featured_media":0,"parent":0,"menu_order":0,"comment_status":"closed","ping_status":"closed","template":"","meta":{"_kadence_starter_templates_imported_post":false,"_kad_post_transparent":"","_kad_post_title":"hide","_kad_post_layout":"fullwidth","_kad_post_sidebar_id":"","_kad_post_content_style":"","_kad_post_vertical_padding":"hide","_kad_post_feature":"hide","_kad_post_feature_position":"","_kad_post_header":false,"_kad_post_footer":false,"footnotes":""},"class_list":["post-789","page","type-page","status-publish","hentry"],"_links":{"self":[{"href":"https:\/\/renacereditorial.cl\/index.php\/wp-json\/wp\/v2\/pages\/789","targetHints":{"allow":["GET"]}}],"collection":[{"href":"https:\/\/renacereditorial.cl\/index.php\/wp-json\/wp\/v2\/pages"}],"about":[{"href":"https:\/\/renacereditorial.cl\/index.php\/wp-json\/wp\/v2\/types\/page"}],"author":[{"embeddable":true,"href":"https:\/\/renacereditorial.cl\/index.php\/wp-json\/wp\/v2\/users\/1"}],"replies":[{"embeddable":true,"href":"https:\/\/renacereditorial.cl\/index.php\/wp-json\/wp\/v2\/comments?post=789"}],"version-history":[{"count":4,"href":"https:\/\/renacereditorial.cl\/index.php\/wp-json\/wp\/v2\/pages\/789\/revisions"}],"predecessor-version":[{"id":853,"href":"https:\/\/renacereditorial.cl\/index.php\/wp-json\/wp\/v2\/pages\/789\/revisions\/853"}],"wp:attachment":[{"href":"https:\/\/renacereditorial.cl\/index.php\/wp-json\/wp\/v2\/media?parent=789"}],"curies":[{"name":"wp","href":"https:\/\/api.w.org\/{rel}","templated":true}]}}