{"id":785,"date":"2024-10-14T19:46:07","date_gmt":"2024-10-14T19:46:07","guid":{"rendered":"https:\/\/renacereditorial.cl\/?page_id=785"},"modified":"2024-10-23T19:29:27","modified_gmt":"2024-10-23T19:29:27","slug":"el-clon","status":"publish","type":"page","link":"https:\/\/renacereditorial.cl\/index.php\/el-clon\/","title":{"rendered":"El Clon"},"content":{"rendered":"<style>.kb-row-layout-id785_3face8-e1 > .kt-row-column-wrap{align-content:start;}:where(.kb-row-layout-id785_3face8-e1 > .kt-row-column-wrap) > .wp-block-kadence-column{justify-content:start;}.kb-row-layout-id785_3face8-e1 > .kt-row-column-wrap{column-gap:var(--global-kb-gap-md, 2rem);row-gap:var(--global-kb-gap-md, 2rem);max-width:var( --global-content-width, 1290px );padding-left:var(--global-content-edge-padding);padding-right:var(--global-content-edge-padding);padding-top:116px;padding-bottom:60px;grid-template-columns:minmax(0, 1fr);}.kb-row-layout-id785_3face8-e1 > .kt-row-layout-overlay{opacity:0.30;}@media all and (max-width: 1024px){.kb-row-layout-id785_3face8-e1 > .kt-row-column-wrap{padding-top:60px;grid-template-columns:minmax(0, 1fr);}}@media all and (max-width: 767px){.kb-row-layout-id785_3face8-e1 > .kt-row-column-wrap{padding-top:140px;grid-template-columns:minmax(0, 1fr);}}<\/style><div class=\"kb-row-layout-wrap kb-row-layout-id785_3face8-e1 alignnone has-theme-palette8-background-color kt-row-has-bg wp-block-kadence-rowlayout\"><div class=\"kt-row-column-wrap kt-has-1-columns kt-row-layout-equal kt-tab-layout-inherit kt-mobile-layout-row kt-row-valign-top kb-theme-content-width\">\n<style>.kadence-column785_a83202-81 > .kt-inside-inner-col,.kadence-column785_a83202-81 > .kt-inside-inner-col:before{border-top-left-radius:0px;border-top-right-radius:0px;border-bottom-right-radius:0px;border-bottom-left-radius:0px;}.kadence-column785_a83202-81 > .kt-inside-inner-col{column-gap:var(--global-kb-gap-sm, 1rem);}.kadence-column785_a83202-81 > .kt-inside-inner-col{flex-direction:column;}.kadence-column785_a83202-81 > .kt-inside-inner-col > .aligncenter{width:100%;}.kadence-column785_a83202-81 > .kt-inside-inner-col:before{opacity:0.3;}.kadence-column785_a83202-81{position:relative;}@media all and (max-width: 1024px){.kadence-column785_a83202-81 > .kt-inside-inner-col{flex-direction:column;}}@media all and (max-width: 767px){.kadence-column785_a83202-81 > .kt-inside-inner-col{flex-direction:column;}}<\/style>\n<div class=\"wp-block-kadence-column kadence-column785_a83202-81 inner-column-1\"><div class=\"kt-inside-inner-col\"><style>.kb-row-layout-id785_082976-45 > .kt-row-column-wrap{align-content:start;}:where(.kb-row-layout-id785_082976-45 > .kt-row-column-wrap) > .wp-block-kadence-column{justify-content:start;}.kb-row-layout-id785_082976-45 > .kt-row-column-wrap{column-gap:var(--global-kb-gap-md, 2rem);row-gap:var(--global-kb-gap-md, 2rem);max-width:600px;margin-left:auto;margin-right:auto;padding-top:0px;padding-bottom:0px;grid-template-columns:minmax(0, 1fr);}.kb-row-layout-id785_082976-45 > .kt-row-layout-overlay{opacity:0.30;}@media all and (max-width: 1024px){.kb-row-layout-id785_082976-45 > .kt-row-column-wrap{max-width:600px;margin-left:auto;margin-right:auto;grid-template-columns:minmax(0, 1fr);}}@media all and (max-width: 767px){.kb-row-layout-id785_082976-45 > .kt-row-column-wrap{grid-template-columns:minmax(0, 1fr);}}<\/style><div class=\"kb-row-layout-wrap kb-row-layout-id785_082976-45 alignnone wp-block-kadence-rowlayout\"><div class=\"kt-row-column-wrap kt-has-1-columns kt-row-layout-equal kt-tab-layout-inherit kt-mobile-layout-row kt-row-valign-top\">\n<style>.kadence-column785_d70e02-11 > .kt-inside-inner-col,.kadence-column785_d70e02-11 > .kt-inside-inner-col:before{border-top-left-radius:0px;border-top-right-radius:0px;border-bottom-right-radius:0px;border-bottom-left-radius:0px;}.kadence-column785_d70e02-11 > .kt-inside-inner-col{column-gap:var(--global-kb-gap-sm, 1rem);}.kadence-column785_d70e02-11 > .kt-inside-inner-col{flex-direction:column;}.kadence-column785_d70e02-11 > .kt-inside-inner-col > .aligncenter{width:100%;}.kadence-column785_d70e02-11 > .kt-inside-inner-col:before{opacity:0.3;}.kadence-column785_d70e02-11{position:relative;}@media all and (max-width: 1024px){.kadence-column785_d70e02-11 > .kt-inside-inner-col{flex-direction:column;}}@media all and (max-width: 767px){.kadence-column785_d70e02-11 > .kt-inside-inner-col{flex-direction:column;}}<\/style>\n<div class=\"wp-block-kadence-column kadence-column785_d70e02-11 inner-column-1\"><div class=\"kt-inside-inner-col\"><style>.wp-block-kadence-advancedheading.kt-adv-heading785_3327f5-ed, .wp-block-kadence-advancedheading.kt-adv-heading785_3327f5-ed[data-kb-block=\"kb-adv-heading785_3327f5-ed\"]{margin-bottom:20px;text-align:center;font-size:70px;line-height:70px;font-style:normal;}.wp-block-kadence-advancedheading.kt-adv-heading785_3327f5-ed mark.kt-highlight, .wp-block-kadence-advancedheading.kt-adv-heading785_3327f5-ed[data-kb-block=\"kb-adv-heading785_3327f5-ed\"] mark.kt-highlight{font-style:normal;color:#f76a0c;-webkit-box-decoration-break:clone;box-decoration-break:clone;padding-top:0px;padding-right:0px;padding-bottom:0px;padding-left:0px;}@media all and (max-width: 1024px){.wp-block-kadence-advancedheading.kt-adv-heading785_3327f5-ed, .wp-block-kadence-advancedheading.kt-adv-heading785_3327f5-ed[data-kb-block=\"kb-adv-heading785_3327f5-ed\"]{font-size:55px;}}@media all and (max-width: 767px){.wp-block-kadence-advancedheading.kt-adv-heading785_3327f5-ed, .wp-block-kadence-advancedheading.kt-adv-heading785_3327f5-ed[data-kb-block=\"kb-adv-heading785_3327f5-ed\"]{font-size:45px;}}<\/style>\n<h1 class=\"kt-adv-heading785_3327f5-ed wp-block-kadence-advancedheading\" data-kb-block=\"kb-adv-heading785_3327f5-ed\">El Clon<\/h1>\n<\/div><\/div>\n\n<\/div><\/div><\/div><\/div>\n\n<\/div><\/div>\n\n<style>.wp-block-kadence-spacer.kt-block-spacer-785_5d0206-a5 .kt-block-spacer{height:75px;}.wp-block-kadence-spacer.kt-block-spacer-785_5d0206-a5 .kt-divider{border-top-width:1px;height:1px;border-top-color:#eee;width:80%;border-top-style:solid;}<\/style>\n<div class=\"wp-block-kadence-spacer aligncenter kt-block-spacer-785_5d0206-a5\"><div class=\"kt-block-spacer kt-block-spacer-halign-center\"><hr class=\"kt-divider\"\/><\/div><\/div>\n\n\n\n<div class=\"wp-block-columns is-layout-flex wp-container-core-columns-is-layout-9d6595d7 wp-block-columns-is-layout-flex\">\n<div class=\"wp-block-column is-layout-flow wp-block-column-is-layout-flow\" style=\"flex-basis:33.33%\"><style>.kb-image785_8f7326-4f.kb-image-is-ratio-size, .kb-image785_8f7326-4f .kb-image-is-ratio-size{max-width:288px;width:100%;}.wp-block-kadence-column > .kt-inside-inner-col > .kb-image785_8f7326-4f.kb-image-is-ratio-size, .wp-block-kadence-column > .kt-inside-inner-col > .kb-image785_8f7326-4f .kb-image-is-ratio-size{align-self:unset;}.kb-image785_8f7326-4f{max-width:288px;}.image-is-svg.kb-image785_8f7326-4f{-webkit-flex:0 1 100%;flex:0 1 100%;}.image-is-svg.kb-image785_8f7326-4f img{width:100%;}.kb-image785_8f7326-4f .kb-image-has-overlay:after{opacity:0.3;}<\/style>\n<figure class=\"wp-block-kadence-image kb-image785_8f7326-4f size-full\"><img loading=\"lazy\" decoding=\"async\" width=\"524\" height=\"800\" src=\"https:\/\/renacereditorial.cl\/wp-content\/uploads\/2024\/09\/elclon.jpg\" alt=\"\" class=\"kb-img wp-image-628\" srcset=\"https:\/\/renacereditorial.cl\/wp-content\/uploads\/2024\/09\/elclon.jpg 524w, https:\/\/renacereditorial.cl\/wp-content\/uploads\/2024\/09\/elclon-197x300.jpg 197w\" sizes=\"auto, (max-width: 524px) 100vw, 524px\" \/><\/figure>\n<\/div>\n\n\n\n<div class=\"wp-block-column is-layout-flow wp-block-column-is-layout-flow\" style=\"flex-basis:66.66%\"><style>.wp-block-kadence-advancedheading.kt-adv-heading785_1a4763-fc, .wp-block-kadence-advancedheading.kt-adv-heading785_1a4763-fc[data-kb-block=\"kb-adv-heading785_1a4763-fc\"]{font-style:normal;}.wp-block-kadence-advancedheading.kt-adv-heading785_1a4763-fc mark.kt-highlight, .wp-block-kadence-advancedheading.kt-adv-heading785_1a4763-fc[data-kb-block=\"kb-adv-heading785_1a4763-fc\"] mark.kt-highlight{font-style:normal;color:#f76a0c;-webkit-box-decoration-break:clone;box-decoration-break:clone;padding-top:0px;padding-right:0px;padding-bottom:0px;padding-left:0px;}<\/style>\n<p class=\"kt-adv-heading785_1a4763-fc wp-block-kadence-advancedheading\" data-kb-block=\"kb-adv-heading785_1a4763-fc\"><strong>EL CLON<\/strong><br>Rodrigo Mel\u00e9ndez Miranda<br><br>El robo sistem\u00e1tico de reliquias a trav\u00e9s de todo el mundo era la pantalla perfecta para apoderarse de uno de los objetivos sagrados m\u00e1s importantes de todos los tiempos. No solo quieren robar la m\u00e1s importante de la cristiandad, si no que devolver a la vida a su maestro.<br><br>Una c\u00e9lula del Centro Espa\u00f1ol de Sindonolog\u00eda, en conjunto con sus filiales, en Am\u00e9rica, act\u00faan en secreto en M\u00e9xico y Chile para llevar a cabo el plan que podr\u00eda cambiar el rumbo de la humanidad.<\/p>\n\n\n<style>.wp-block-kadence-advancedbtn.kb-btns785_ad7886-5a{gap:var(--global-kb-gap-xs, 0.5rem );justify-content:flex-start;align-items:center;}.kt-btns785_ad7886-5a .kt-button{font-weight:normal;font-style:normal;}.kt-btns785_ad7886-5a .kt-btn-wrap-0{margin-right:5px;}.wp-block-kadence-advancedbtn.kt-btns785_ad7886-5a .kt-btn-wrap-0 .kt-button{color:#555555;border-color:#555555;}.wp-block-kadence-advancedbtn.kt-btns785_ad7886-5a .kt-btn-wrap-0 .kt-button:hover, .wp-block-kadence-advancedbtn.kt-btns785_ad7886-5a .kt-btn-wrap-0 .kt-button:focus{color:#ffffff;border-color:#444444;}.wp-block-kadence-advancedbtn.kt-btns785_ad7886-5a .kt-btn-wrap-0 .kt-button::before{display:none;}.wp-block-kadence-advancedbtn.kt-btns785_ad7886-5a .kt-btn-wrap-0 .kt-button:hover, .wp-block-kadence-advancedbtn.kt-btns785_ad7886-5a .kt-btn-wrap-0 .kt-button:focus{background:#444444;}<\/style>\n<div class=\"wp-block-kadence-advancedbtn kb-buttons-wrap kb-btns785_ad7886-5a\"><style>ul.menu .wp-block-kadence-advancedbtn .kb-btn785_ab31a8-52.kb-button{width:initial;}<\/style><a class=\"kb-button kt-button button kb-btn785_ab31a8-52 kt-btn-size-standard kt-btn-width-type-auto kb-btn-global-fill kt-btn-has-text-true kt-btn-has-svg-false wp-block-kadence-singlebtn\" href=\"https:\/\/www.amazon.com\/-\/es\/RODRIGO-MELENDEZ\/dp\/B0C8R5X99S\/ref=tmm_pap_swatch_0?_encoding=UTF8&#038;qid=1699285016&#038;sr=8-1\" target=\"_blank\" rel=\"noreferrer noopener\"><span class=\"kt-btn-inner-text\">Comprar<\/span><\/a><\/div>\n<\/div>\n<\/div>\n\n\n\n<div class=\"wp-block-columns is-layout-flex wp-container-core-columns-is-layout-9d6595d7 wp-block-columns-is-layout-flex\">\n<div class=\"wp-block-column is-layout-flow wp-block-column-is-layout-flow\" style=\"flex-basis:33.33%\"><style>.kb-image785_b928d6-fd.kb-image-is-ratio-size, .kb-image785_b928d6-fd .kb-image-is-ratio-size{max-width:227px;width:100%;}.wp-block-kadence-column > .kt-inside-inner-col > .kb-image785_b928d6-fd.kb-image-is-ratio-size, .wp-block-kadence-column > .kt-inside-inner-col > .kb-image785_b928d6-fd .kb-image-is-ratio-size{align-self:unset;}.kb-image785_b928d6-fd{max-width:227px;}.image-is-svg.kb-image785_b928d6-fd{-webkit-flex:0 1 100%;flex:0 1 100%;}.image-is-svg.kb-image785_b928d6-fd img{width:100%;}.kb-image785_b928d6-fd .kb-image-has-overlay:after{opacity:0.3;}<\/style>\n<figure class=\"wp-block-kadence-image kb-image785_b928d6-fd size-full\"><img loading=\"lazy\" decoding=\"async\" width=\"640\" height=\"640\" src=\"https:\/\/renacereditorial.cl\/wp-content\/uploads\/2024\/09\/rodrigo.jpg\" alt=\"\" class=\"kb-img wp-image-615\" srcset=\"https:\/\/renacereditorial.cl\/wp-content\/uploads\/2024\/09\/rodrigo.jpg 640w, https:\/\/renacereditorial.cl\/wp-content\/uploads\/2024\/09\/rodrigo-300x300.jpg 300w, https:\/\/renacereditorial.cl\/wp-content\/uploads\/2024\/09\/rodrigo-150x150.jpg 150w\" sizes=\"auto, (max-width: 640px) 100vw, 640px\" \/><\/figure>\n<\/div>\n\n\n\n<div class=\"wp-block-column is-layout-flow wp-block-column-is-layout-flow\" style=\"flex-basis:66.66%\"><style>.wp-block-kadence-advancedheading.kt-adv-heading785_4da4cb-4a, .wp-block-kadence-advancedheading.kt-adv-heading785_4da4cb-4a[data-kb-block=\"kb-adv-heading785_4da4cb-4a\"]{font-style:normal;}.wp-block-kadence-advancedheading.kt-adv-heading785_4da4cb-4a mark.kt-highlight, .wp-block-kadence-advancedheading.kt-adv-heading785_4da4cb-4a[data-kb-block=\"kb-adv-heading785_4da4cb-4a\"] mark.kt-highlight{font-style:normal;color:#f76a0c;-webkit-box-decoration-break:clone;box-decoration-break:clone;padding-top:0px;padding-right:0px;padding-bottom:0px;padding-left:0px;}<\/style>\n<p class=\"kt-adv-heading785_4da4cb-4a wp-block-kadence-advancedheading\" data-kb-block=\"kb-adv-heading785_4da4cb-4a\">Creativo, dise\u00f1ador gr\u00e1fico, m\u00fasico, artista pl\u00e1stico,&nbsp;&nbsp;pintor, escritor, se ha desarrollado profesionalmente en Chile y en M\u00e9xico. Autor de la novela ficci\u00f3n \u201cEl Clon\u201d y \u201cAnecdotario Paranormal de mis Amigos\u201d.<\/p>\n<\/div>\n<\/div>\n\n\n<style>.wp-block-kadence-spacer.kt-block-spacer-785_103082-2a .kt-block-spacer{height:60px;}.wp-block-kadence-spacer.kt-block-spacer-785_103082-2a .kt-divider{border-top-width:1px;height:1px;border-top-color:#eee;width:80%;border-top-style:solid;}<\/style>\n<div class=\"wp-block-kadence-spacer aligncenter kt-block-spacer-785_103082-2a\"><div class=\"kt-block-spacer kt-block-spacer-halign-center\"><hr class=\"kt-divider\"\/><\/div><\/div>\n\n\n<style>.wp-block-kadence-advancedbtn.kb-btns785_900177-db{gap:var(--global-kb-gap-xs, 0.5rem );justify-content:flex-start;align-items:center;}.kt-btns785_900177-db .kt-button{font-weight:normal;font-style:normal;}.kt-btns785_900177-db .kt-btn-wrap-0{margin-right:5px;}.wp-block-kadence-advancedbtn.kt-btns785_900177-db .kt-btn-wrap-0 .kt-button{color:#555555;border-color:#555555;}.wp-block-kadence-advancedbtn.kt-btns785_900177-db .kt-btn-wrap-0 .kt-button:hover, .wp-block-kadence-advancedbtn.kt-btns785_900177-db .kt-btn-wrap-0 .kt-button:focus{color:#ffffff;border-color:#444444;}.wp-block-kadence-advancedbtn.kt-btns785_900177-db .kt-btn-wrap-0 .kt-button::before{display:none;}.wp-block-kadence-advancedbtn.kt-btns785_900177-db .kt-btn-wrap-0 .kt-button:hover, .wp-block-kadence-advancedbtn.kt-btns785_900177-db .kt-btn-wrap-0 .kt-button:focus{background:#444444;}<\/style>\n<div class=\"wp-block-kadence-advancedbtn kb-buttons-wrap kb-btns785_900177-db\"><style>ul.menu .wp-block-kadence-advancedbtn .kb-btn785_05c5c3-40.kb-button{width:initial;}<\/style><a class=\"kb-button kt-button button kb-btn785_05c5c3-40 kt-btn-size-standard kt-btn-width-type-auto kb-btn-global-fill kt-btn-has-text-true kt-btn-has-svg-false wp-block-kadence-singlebtn\" href=\"https:\/\/renacereditorial.cl\/index.php\/titulos\/\"><span class=\"kt-btn-inner-text\">volver<\/span><\/a><\/div>\n\n\n\n<p><\/p>\n","protected":false},"excerpt":{"rendered":"<p>El Clon EL CLONRodrigo Mel\u00e9ndez Miranda El robo sistem\u00e1tico de reliquias a trav\u00e9s de todo el mundo era la pantalla perfecta para apoderarse de uno de los objetivos sagrados m\u00e1s importantes de todos los tiempos. No solo quieren robar la m\u00e1s importante de la cristiandad, si no que devolver a la vida a su maestro&#8230;.<\/p>\n","protected":false},"author":1,"featured_media":0,"parent":0,"menu_order":0,"comment_status":"closed","ping_status":"closed","template":"","meta":{"_kadence_starter_templates_imported_post":false,"_kad_post_transparent":"","_kad_post_title":"hide","_kad_post_layout":"fullwidth","_kad_post_sidebar_id":"","_kad_post_content_style":"","_kad_post_vertical_padding":"hide","_kad_post_feature":"hide","_kad_post_feature_position":"","_kad_post_header":false,"_kad_post_footer":false,"footnotes":""},"class_list":["post-785","page","type-page","status-publish","hentry"],"_links":{"self":[{"href":"https:\/\/renacereditorial.cl\/index.php\/wp-json\/wp\/v2\/pages\/785","targetHints":{"allow":["GET"]}}],"collection":[{"href":"https:\/\/renacereditorial.cl\/index.php\/wp-json\/wp\/v2\/pages"}],"about":[{"href":"https:\/\/renacereditorial.cl\/index.php\/wp-json\/wp\/v2\/types\/page"}],"author":[{"embeddable":true,"href":"https:\/\/renacereditorial.cl\/index.php\/wp-json\/wp\/v2\/users\/1"}],"replies":[{"embeddable":true,"href":"https:\/\/renacereditorial.cl\/index.php\/wp-json\/wp\/v2\/comments?post=785"}],"version-history":[{"count":3,"href":"https:\/\/renacereditorial.cl\/index.php\/wp-json\/wp\/v2\/pages\/785\/revisions"}],"predecessor-version":[{"id":855,"href":"https:\/\/renacereditorial.cl\/index.php\/wp-json\/wp\/v2\/pages\/785\/revisions\/855"}],"wp:attachment":[{"href":"https:\/\/renacereditorial.cl\/index.php\/wp-json\/wp\/v2\/media?parent=785"}],"curies":[{"name":"wp","href":"https:\/\/api.w.org\/{rel}","templated":true}]}}