{"id":779,"date":"2024-10-14T19:38:35","date_gmt":"2024-10-14T19:38:35","guid":{"rendered":"https:\/\/renacereditorial.cl\/?page_id=779"},"modified":"2024-10-23T19:29:57","modified_gmt":"2024-10-23T19:29:57","slug":"la-importancia-de-tener-un-animal-negro","status":"publish","type":"page","link":"https:\/\/renacereditorial.cl\/index.php\/la-importancia-de-tener-un-animal-negro\/","title":{"rendered":"LA IMPORTANCIA DE TENER UN ANIMAL NEGRO"},"content":{"rendered":"<style>.kb-row-layout-id779_6d92b1-95 > .kt-row-column-wrap{align-content:start;}:where(.kb-row-layout-id779_6d92b1-95 > .kt-row-column-wrap) > .wp-block-kadence-column{justify-content:start;}.kb-row-layout-id779_6d92b1-95 > .kt-row-column-wrap{column-gap:var(--global-kb-gap-md, 2rem);row-gap:var(--global-kb-gap-md, 2rem);max-width:var( --global-content-width, 1290px );padding-left:var(--global-content-edge-padding);padding-right:var(--global-content-edge-padding);padding-top:116px;padding-bottom:60px;grid-template-columns:minmax(0, 1fr);}.kb-row-layout-id779_6d92b1-95 > .kt-row-layout-overlay{opacity:0.30;}@media all and (max-width: 1024px){.kb-row-layout-id779_6d92b1-95 > .kt-row-column-wrap{padding-top:60px;grid-template-columns:minmax(0, 1fr);}}@media all and (max-width: 767px){.kb-row-layout-id779_6d92b1-95 > .kt-row-column-wrap{padding-top:140px;grid-template-columns:minmax(0, 1fr);}}<\/style><div class=\"kb-row-layout-wrap kb-row-layout-id779_6d92b1-95 alignnone has-theme-palette8-background-color kt-row-has-bg wp-block-kadence-rowlayout\"><div class=\"kt-row-column-wrap kt-has-1-columns kt-row-layout-equal kt-tab-layout-inherit kt-mobile-layout-row kt-row-valign-top kb-theme-content-width\">\n<style>.kadence-column779_187720-73 > .kt-inside-inner-col,.kadence-column779_187720-73 > .kt-inside-inner-col:before{border-top-left-radius:0px;border-top-right-radius:0px;border-bottom-right-radius:0px;border-bottom-left-radius:0px;}.kadence-column779_187720-73 > .kt-inside-inner-col{column-gap:var(--global-kb-gap-sm, 1rem);}.kadence-column779_187720-73 > .kt-inside-inner-col{flex-direction:column;}.kadence-column779_187720-73 > .kt-inside-inner-col > .aligncenter{width:100%;}.kadence-column779_187720-73 > .kt-inside-inner-col:before{opacity:0.3;}.kadence-column779_187720-73{position:relative;}@media all and (max-width: 1024px){.kadence-column779_187720-73 > .kt-inside-inner-col{flex-direction:column;}}@media all and (max-width: 767px){.kadence-column779_187720-73 > .kt-inside-inner-col{flex-direction:column;}}<\/style>\n<div class=\"wp-block-kadence-column kadence-column779_187720-73 inner-column-1\"><div class=\"kt-inside-inner-col\"><style>.kb-row-layout-id779_09c2ef-68 > .kt-row-column-wrap{align-content:start;}:where(.kb-row-layout-id779_09c2ef-68 > .kt-row-column-wrap) > .wp-block-kadence-column{justify-content:start;}.kb-row-layout-id779_09c2ef-68 > .kt-row-column-wrap{column-gap:var(--global-kb-gap-md, 2rem);row-gap:var(--global-kb-gap-md, 2rem);max-width:600px;margin-left:auto;margin-right:auto;padding-top:0px;padding-bottom:0px;grid-template-columns:minmax(0, 1fr);}.kb-row-layout-id779_09c2ef-68 > .kt-row-layout-overlay{opacity:0.30;}@media all and (max-width: 1024px){.kb-row-layout-id779_09c2ef-68 > .kt-row-column-wrap{max-width:600px;margin-left:auto;margin-right:auto;grid-template-columns:minmax(0, 1fr);}}@media all and (max-width: 767px){.kb-row-layout-id779_09c2ef-68 > .kt-row-column-wrap{grid-template-columns:minmax(0, 1fr);}}<\/style><div class=\"kb-row-layout-wrap kb-row-layout-id779_09c2ef-68 alignnone wp-block-kadence-rowlayout\"><div class=\"kt-row-column-wrap kt-has-1-columns kt-row-layout-equal kt-tab-layout-inherit kt-mobile-layout-row kt-row-valign-top\">\n<style>.kadence-column779_ee9fe9-26 > .kt-inside-inner-col,.kadence-column779_ee9fe9-26 > .kt-inside-inner-col:before{border-top-left-radius:0px;border-top-right-radius:0px;border-bottom-right-radius:0px;border-bottom-left-radius:0px;}.kadence-column779_ee9fe9-26 > .kt-inside-inner-col{column-gap:var(--global-kb-gap-sm, 1rem);}.kadence-column779_ee9fe9-26 > .kt-inside-inner-col{flex-direction:column;}.kadence-column779_ee9fe9-26 > .kt-inside-inner-col > .aligncenter{width:100%;}.kadence-column779_ee9fe9-26 > .kt-inside-inner-col:before{opacity:0.3;}.kadence-column779_ee9fe9-26{position:relative;}@media all and (max-width: 1024px){.kadence-column779_ee9fe9-26 > .kt-inside-inner-col{flex-direction:column;}}@media all and (max-width: 767px){.kadence-column779_ee9fe9-26 > .kt-inside-inner-col{flex-direction:column;}}<\/style>\n<div class=\"wp-block-kadence-column kadence-column779_ee9fe9-26 inner-column-1\"><div class=\"kt-inside-inner-col\"><style>.wp-block-kadence-advancedheading.kt-adv-heading779_a63346-6c, .wp-block-kadence-advancedheading.kt-adv-heading779_a63346-6c[data-kb-block=\"kb-adv-heading779_a63346-6c\"]{margin-bottom:20px;text-align:center;font-size:70px;line-height:70px;font-style:normal;}.wp-block-kadence-advancedheading.kt-adv-heading779_a63346-6c mark.kt-highlight, .wp-block-kadence-advancedheading.kt-adv-heading779_a63346-6c[data-kb-block=\"kb-adv-heading779_a63346-6c\"] mark.kt-highlight{font-style:normal;color:#f76a0c;-webkit-box-decoration-break:clone;box-decoration-break:clone;padding-top:0px;padding-right:0px;padding-bottom:0px;padding-left:0px;}@media all and (max-width: 1024px){.wp-block-kadence-advancedheading.kt-adv-heading779_a63346-6c, .wp-block-kadence-advancedheading.kt-adv-heading779_a63346-6c[data-kb-block=\"kb-adv-heading779_a63346-6c\"]{font-size:55px;}}@media all and (max-width: 767px){.wp-block-kadence-advancedheading.kt-adv-heading779_a63346-6c, .wp-block-kadence-advancedheading.kt-adv-heading779_a63346-6c[data-kb-block=\"kb-adv-heading779_a63346-6c\"]{font-size:45px;}}<\/style>\n<h1 class=\"kt-adv-heading779_a63346-6c wp-block-kadence-advancedheading\" data-kb-block=\"kb-adv-heading779_a63346-6c\">La Importancia de tener un animal negro<\/h1>\n<\/div><\/div>\n\n<\/div><\/div><\/div><\/div>\n\n<\/div><\/div>\n\n<style>.wp-block-kadence-spacer.kt-block-spacer-779_ffcf71-f4 .kt-block-spacer{height:75px;}.wp-block-kadence-spacer.kt-block-spacer-779_ffcf71-f4 .kt-divider{border-top-width:1px;height:1px;border-top-color:#eee;width:80%;border-top-style:solid;}<\/style>\n<div class=\"wp-block-kadence-spacer aligncenter kt-block-spacer-779_ffcf71-f4\"><div class=\"kt-block-spacer kt-block-spacer-halign-center\"><hr class=\"kt-divider\"\/><\/div><\/div>\n\n\n\n<div class=\"wp-block-columns is-layout-flex wp-container-core-columns-is-layout-9d6595d7 wp-block-columns-is-layout-flex\">\n<div class=\"wp-block-column is-layout-flow wp-block-column-is-layout-flow\" style=\"flex-basis:33.33%\"><style>.kb-image779_e8cdc9-7f.kb-image-is-ratio-size, .kb-image779_e8cdc9-7f .kb-image-is-ratio-size{max-width:288px;width:100%;}.wp-block-kadence-column > .kt-inside-inner-col > .kb-image779_e8cdc9-7f.kb-image-is-ratio-size, .wp-block-kadence-column > .kt-inside-inner-col > .kb-image779_e8cdc9-7f .kb-image-is-ratio-size{align-self:unset;}.kb-image779_e8cdc9-7f{max-width:288px;}.image-is-svg.kb-image779_e8cdc9-7f{-webkit-flex:0 1 100%;flex:0 1 100%;}.image-is-svg.kb-image779_e8cdc9-7f img{width:100%;}.kb-image779_e8cdc9-7f .kb-image-has-overlay:after{opacity:0.3;}<\/style>\n<figure class=\"wp-block-kadence-image kb-image779_e8cdc9-7f size-full\"><img loading=\"lazy\" decoding=\"async\" width=\"524\" height=\"800\" src=\"https:\/\/renacereditorial.cl\/wp-content\/uploads\/2024\/09\/animal.jpg\" alt=\"\" class=\"kb-img wp-image-623\" srcset=\"https:\/\/renacereditorial.cl\/wp-content\/uploads\/2024\/09\/animal.jpg 524w, https:\/\/renacereditorial.cl\/wp-content\/uploads\/2024\/09\/animal-197x300.jpg 197w\" sizes=\"auto, (max-width: 524px) 100vw, 524px\" \/><\/figure>\n<\/div>\n\n\n\n<div class=\"wp-block-column is-layout-flow wp-block-column-is-layout-flow\" style=\"flex-basis:66.66%\"><style>.wp-block-kadence-advancedheading.kt-adv-heading779_449deb-c0, .wp-block-kadence-advancedheading.kt-adv-heading779_449deb-c0[data-kb-block=\"kb-adv-heading779_449deb-c0\"]{font-style:normal;}.wp-block-kadence-advancedheading.kt-adv-heading779_449deb-c0 mark.kt-highlight, .wp-block-kadence-advancedheading.kt-adv-heading779_449deb-c0[data-kb-block=\"kb-adv-heading779_449deb-c0\"] mark.kt-highlight{font-style:normal;color:#f76a0c;-webkit-box-decoration-break:clone;box-decoration-break:clone;padding-top:0px;padding-right:0px;padding-bottom:0px;padding-left:0px;}<\/style>\n<p class=\"kt-adv-heading779_449deb-c0 wp-block-kadence-advancedheading\" data-kb-block=\"kb-adv-heading779_449deb-c0\"><strong>LA IMPORTANCIA DE TENER UN ANIMAL NEGRO<\/strong><span style=\"caret-color: rgb(0, 0, 0); color: rgb(0, 0, 0); font-family: -webkit-standard; font-size: medium; white-space: normal;\"><\/span><br>Patricio Barrios Alday<br><br>\u201cUna de las gallinas de la abuela Jacinta amaneci\u00f3 muerta. Una negra. Durante las \u00faltimas tres semanas, desde que me celebraran el cumplea\u00f1os n\u00famero doce y la profesora de ciencias naturales explicara, entre risas nerviosas y mejillas sonrojadas de toda la clase, las formas de reproducci\u00f3n de los seres vivos, me he pasado horas y horas frente al gallinero, construido por mi padre en el fondo del patio, para descubrir si el engre\u00eddo y pol\u00edgamo gallo de la abuela tiene estambres o tiene pene\u201d.<br><br>As\u00ed, l\u00fadicamente, Patricio Barrios Alday comienza este \u201csecreto de familia\u201d, multiplicado por miles en este continente, mariano por excelencia, que sigue viviendo \u201clo real maravilloso\u201d, con una \u201cinesperada alteraci\u00f3n de la realidad, una revelaci\u00f3n privilegiada, una iluminaci\u00f3n inhabitual, una fe creadora de cuanto necesitamos para vivir en libertad; una b\u00fasqueda, una tarea de otras dimensiones de la realidad\u201d, como tan bien lo definiera Alejo Carpentier.<br><br>En esta novela, Barrios Alday, desaf\u00eda nuestra credulidad y creencias, nuestro escepticismo y nuestra racionalidad, negadora de supersticiones, apariciones, mandas, animitas\u2026 y leyendas.<br><br>No ser\u00eda malo \u2013finalmente, por la raz\u00f3n de la sinraz\u00f3n\u2013, tener en cuenta el consejo de do\u00f1a Jacinta:<br><br>\u2013No te olvid\u00edh, Nico, siempre tiene que haber un animal negro en la casa\u2026 pa\u2019que el mal caiga en \u00e9l y no en la gente de la familia\u2026\u201d<\/p>\n\n\n<style>.wp-block-kadence-advancedbtn.kb-btns779_bf166d-3e{gap:var(--global-kb-gap-xs, 0.5rem );justify-content:flex-start;align-items:center;}.kt-btns779_bf166d-3e .kt-button{font-weight:normal;font-style:normal;}.kt-btns779_bf166d-3e .kt-btn-wrap-0{margin-right:5px;}.wp-block-kadence-advancedbtn.kt-btns779_bf166d-3e .kt-btn-wrap-0 .kt-button{color:#555555;border-color:#555555;}.wp-block-kadence-advancedbtn.kt-btns779_bf166d-3e .kt-btn-wrap-0 .kt-button:hover, .wp-block-kadence-advancedbtn.kt-btns779_bf166d-3e .kt-btn-wrap-0 .kt-button:focus{color:#ffffff;border-color:#444444;}.wp-block-kadence-advancedbtn.kt-btns779_bf166d-3e .kt-btn-wrap-0 .kt-button::before{display:none;}.wp-block-kadence-advancedbtn.kt-btns779_bf166d-3e .kt-btn-wrap-0 .kt-button:hover, .wp-block-kadence-advancedbtn.kt-btns779_bf166d-3e .kt-btn-wrap-0 .kt-button:focus{background:#444444;}<\/style>\n<div class=\"wp-block-kadence-advancedbtn kb-buttons-wrap kb-btns779_bf166d-3e\"><style>ul.menu .wp-block-kadence-advancedbtn .kb-btn779_da174d-81.kb-button{width:initial;}<\/style><a class=\"kb-button kt-button button kb-btn779_da174d-81 kt-btn-size-standard kt-btn-width-type-auto kb-btn-global-fill kt-btn-has-text-true kt-btn-has-svg-false wp-block-kadence-singlebtn\" href=\"https:\/\/www.amazon.com\/-\/es\/Patricio-barrios-Alday\/dp\/B0BN55VZ6C\/ref=tmm_pap_swatch_0?_encoding=UTF8&#038;qid=&#038;sr=\" target=\"_blank\" rel=\"noreferrer noopener\"><span class=\"kt-btn-inner-text\">Comprar<\/span><\/a><\/div>\n<\/div>\n<\/div>\n\n\n<style>.wp-block-kadence-spacer.kt-block-spacer-779_8b60e2-25 .kt-block-spacer{height:60px;}.wp-block-kadence-spacer.kt-block-spacer-779_8b60e2-25 .kt-divider{border-top-width:1px;height:1px;border-top-color:#eee;width:80%;border-top-style:solid;}<\/style>\n<div class=\"wp-block-kadence-spacer aligncenter kt-block-spacer-779_8b60e2-25\"><div class=\"kt-block-spacer kt-block-spacer-halign-center\"><hr class=\"kt-divider\"\/><\/div><\/div>\n\n\n<style>.wp-block-kadence-advancedbtn.kb-btns779_586e63-c5{gap:var(--global-kb-gap-xs, 0.5rem );justify-content:flex-start;align-items:center;}.kt-btns779_586e63-c5 .kt-button{font-weight:normal;font-style:normal;}.kt-btns779_586e63-c5 .kt-btn-wrap-0{margin-right:5px;}.wp-block-kadence-advancedbtn.kt-btns779_586e63-c5 .kt-btn-wrap-0 .kt-button{color:#555555;border-color:#555555;}.wp-block-kadence-advancedbtn.kt-btns779_586e63-c5 .kt-btn-wrap-0 .kt-button:hover, .wp-block-kadence-advancedbtn.kt-btns779_586e63-c5 .kt-btn-wrap-0 .kt-button:focus{color:#ffffff;border-color:#444444;}.wp-block-kadence-advancedbtn.kt-btns779_586e63-c5 .kt-btn-wrap-0 .kt-button::before{display:none;}.wp-block-kadence-advancedbtn.kt-btns779_586e63-c5 .kt-btn-wrap-0 .kt-button:hover, .wp-block-kadence-advancedbtn.kt-btns779_586e63-c5 .kt-btn-wrap-0 .kt-button:focus{background:#444444;}<\/style>\n<div class=\"wp-block-kadence-advancedbtn kb-buttons-wrap kb-btns779_586e63-c5\"><style>ul.menu .wp-block-kadence-advancedbtn .kb-btn779_140cb1-20.kb-button{width:initial;}<\/style><a class=\"kb-button kt-button button kb-btn779_140cb1-20 kt-btn-size-standard kt-btn-width-type-auto kb-btn-global-fill kt-btn-has-text-true kt-btn-has-svg-false wp-block-kadence-singlebtn\" href=\"https:\/\/renacereditorial.cl\/index.php\/titulos\/\"><span class=\"kt-btn-inner-text\">volver<\/span><\/a><\/div>\n\n\n\n<p><\/p>\n","protected":false},"excerpt":{"rendered":"<p>La Importancia de tener un animal negro LA IMPORTANCIA DE TENER UN ANIMAL NEGROPatricio Barrios Alday \u201cUna de las gallinas de la abuela Jacinta amaneci\u00f3 muerta. Una negra. Durante las \u00faltimas tres semanas, desde que me celebraran el cumplea\u00f1os n\u00famero doce y la profesora de ciencias naturales explicara, entre risas nerviosas y mejillas sonrojadas de&#8230;<\/p>\n","protected":false},"author":1,"featured_media":0,"parent":0,"menu_order":0,"comment_status":"closed","ping_status":"closed","template":"","meta":{"_kadence_starter_templates_imported_post":false,"_kad_post_transparent":"","_kad_post_title":"hide","_kad_post_layout":"fullwidth","_kad_post_sidebar_id":"","_kad_post_content_style":"","_kad_post_vertical_padding":"hide","_kad_post_feature":"hide","_kad_post_feature_position":"","_kad_post_header":false,"_kad_post_footer":false,"footnotes":""},"class_list":["post-779","page","type-page","status-publish","hentry"],"_links":{"self":[{"href":"https:\/\/renacereditorial.cl\/index.php\/wp-json\/wp\/v2\/pages\/779","targetHints":{"allow":["GET"]}}],"collection":[{"href":"https:\/\/renacereditorial.cl\/index.php\/wp-json\/wp\/v2\/pages"}],"about":[{"href":"https:\/\/renacereditorial.cl\/index.php\/wp-json\/wp\/v2\/types\/page"}],"author":[{"embeddable":true,"href":"https:\/\/renacereditorial.cl\/index.php\/wp-json\/wp\/v2\/users\/1"}],"replies":[{"embeddable":true,"href":"https:\/\/renacereditorial.cl\/index.php\/wp-json\/wp\/v2\/comments?post=779"}],"version-history":[{"count":2,"href":"https:\/\/renacereditorial.cl\/index.php\/wp-json\/wp\/v2\/pages\/779\/revisions"}],"predecessor-version":[{"id":858,"href":"https:\/\/renacereditorial.cl\/index.php\/wp-json\/wp\/v2\/pages\/779\/revisions\/858"}],"wp:attachment":[{"href":"https:\/\/renacereditorial.cl\/index.php\/wp-json\/wp\/v2\/media?parent=779"}],"curies":[{"name":"wp","href":"https:\/\/api.w.org\/{rel}","templated":true}]}}