{"id":772,"date":"2024-10-14T15:44:51","date_gmt":"2024-10-14T15:44:51","guid":{"rendered":"https:\/\/renacereditorial.cl\/?page_id=772"},"modified":"2024-10-23T19:29:24","modified_gmt":"2024-10-23T19:29:24","slug":"chinchorro","status":"publish","type":"page","link":"https:\/\/renacereditorial.cl\/index.php\/chinchorro\/","title":{"rendered":"Chinchorro"},"content":{"rendered":"<style>.kb-row-layout-id772_0afeda-94 > .kt-row-column-wrap{align-content:start;}:where(.kb-row-layout-id772_0afeda-94 > .kt-row-column-wrap) > .wp-block-kadence-column{justify-content:start;}.kb-row-layout-id772_0afeda-94 > .kt-row-column-wrap{column-gap:var(--global-kb-gap-md, 2rem);row-gap:var(--global-kb-gap-md, 2rem);max-width:var( --global-content-width, 1290px );padding-left:var(--global-content-edge-padding);padding-right:var(--global-content-edge-padding);padding-top:116px;padding-bottom:60px;grid-template-columns:minmax(0, 1fr);}.kb-row-layout-id772_0afeda-94 > .kt-row-layout-overlay{opacity:0.30;}@media all and (max-width: 1024px){.kb-row-layout-id772_0afeda-94 > .kt-row-column-wrap{padding-top:60px;grid-template-columns:minmax(0, 1fr);}}@media all and (max-width: 767px){.kb-row-layout-id772_0afeda-94 > .kt-row-column-wrap{padding-top:140px;grid-template-columns:minmax(0, 1fr);}}<\/style><div class=\"kb-row-layout-wrap kb-row-layout-id772_0afeda-94 alignnone has-theme-palette8-background-color kt-row-has-bg wp-block-kadence-rowlayout\"><div class=\"kt-row-column-wrap kt-has-1-columns kt-row-layout-equal kt-tab-layout-inherit kt-mobile-layout-row kt-row-valign-top kb-theme-content-width\">\n<style>.kadence-column772_0fac8d-41 > .kt-inside-inner-col,.kadence-column772_0fac8d-41 > .kt-inside-inner-col:before{border-top-left-radius:0px;border-top-right-radius:0px;border-bottom-right-radius:0px;border-bottom-left-radius:0px;}.kadence-column772_0fac8d-41 > .kt-inside-inner-col{column-gap:var(--global-kb-gap-sm, 1rem);}.kadence-column772_0fac8d-41 > .kt-inside-inner-col{flex-direction:column;}.kadence-column772_0fac8d-41 > .kt-inside-inner-col > .aligncenter{width:100%;}.kadence-column772_0fac8d-41 > .kt-inside-inner-col:before{opacity:0.3;}.kadence-column772_0fac8d-41{position:relative;}@media all and (max-width: 1024px){.kadence-column772_0fac8d-41 > .kt-inside-inner-col{flex-direction:column;}}@media all and (max-width: 767px){.kadence-column772_0fac8d-41 > .kt-inside-inner-col{flex-direction:column;}}<\/style>\n<div class=\"wp-block-kadence-column kadence-column772_0fac8d-41 inner-column-1\"><div class=\"kt-inside-inner-col\"><style>.kb-row-layout-id772_376758-e6 > .kt-row-column-wrap{align-content:start;}:where(.kb-row-layout-id772_376758-e6 > .kt-row-column-wrap) > .wp-block-kadence-column{justify-content:start;}.kb-row-layout-id772_376758-e6 > .kt-row-column-wrap{column-gap:var(--global-kb-gap-md, 2rem);row-gap:var(--global-kb-gap-md, 2rem);max-width:600px;margin-left:auto;margin-right:auto;padding-top:0px;padding-bottom:0px;grid-template-columns:minmax(0, 1fr);}.kb-row-layout-id772_376758-e6 > .kt-row-layout-overlay{opacity:0.30;}@media all and (max-width: 1024px){.kb-row-layout-id772_376758-e6 > .kt-row-column-wrap{max-width:600px;margin-left:auto;margin-right:auto;grid-template-columns:minmax(0, 1fr);}}@media all and (max-width: 767px){.kb-row-layout-id772_376758-e6 > .kt-row-column-wrap{grid-template-columns:minmax(0, 1fr);}}<\/style><div class=\"kb-row-layout-wrap kb-row-layout-id772_376758-e6 alignnone wp-block-kadence-rowlayout\"><div class=\"kt-row-column-wrap kt-has-1-columns kt-row-layout-equal kt-tab-layout-inherit kt-mobile-layout-row kt-row-valign-top\">\n<style>.kadence-column772_6593a2-82 > .kt-inside-inner-col,.kadence-column772_6593a2-82 > .kt-inside-inner-col:before{border-top-left-radius:0px;border-top-right-radius:0px;border-bottom-right-radius:0px;border-bottom-left-radius:0px;}.kadence-column772_6593a2-82 > .kt-inside-inner-col{column-gap:var(--global-kb-gap-sm, 1rem);}.kadence-column772_6593a2-82 > .kt-inside-inner-col{flex-direction:column;}.kadence-column772_6593a2-82 > .kt-inside-inner-col > .aligncenter{width:100%;}.kadence-column772_6593a2-82 > .kt-inside-inner-col:before{opacity:0.3;}.kadence-column772_6593a2-82{position:relative;}@media all and (max-width: 1024px){.kadence-column772_6593a2-82 > .kt-inside-inner-col{flex-direction:column;}}@media all and (max-width: 767px){.kadence-column772_6593a2-82 > .kt-inside-inner-col{flex-direction:column;}}<\/style>\n<div class=\"wp-block-kadence-column kadence-column772_6593a2-82 inner-column-1\"><div class=\"kt-inside-inner-col\"><style>.wp-block-kadence-advancedheading.kt-adv-heading772_b8446a-6a, .wp-block-kadence-advancedheading.kt-adv-heading772_b8446a-6a[data-kb-block=\"kb-adv-heading772_b8446a-6a\"]{margin-bottom:20px;text-align:center;font-size:70px;line-height:70px;font-style:normal;}.wp-block-kadence-advancedheading.kt-adv-heading772_b8446a-6a mark.kt-highlight, .wp-block-kadence-advancedheading.kt-adv-heading772_b8446a-6a[data-kb-block=\"kb-adv-heading772_b8446a-6a\"] mark.kt-highlight{font-style:normal;color:#f76a0c;-webkit-box-decoration-break:clone;box-decoration-break:clone;padding-top:0px;padding-right:0px;padding-bottom:0px;padding-left:0px;}@media all and (max-width: 1024px){.wp-block-kadence-advancedheading.kt-adv-heading772_b8446a-6a, .wp-block-kadence-advancedheading.kt-adv-heading772_b8446a-6a[data-kb-block=\"kb-adv-heading772_b8446a-6a\"]{font-size:55px;}}@media all and (max-width: 767px){.wp-block-kadence-advancedheading.kt-adv-heading772_b8446a-6a, .wp-block-kadence-advancedheading.kt-adv-heading772_b8446a-6a[data-kb-block=\"kb-adv-heading772_b8446a-6a\"]{font-size:45px;}}<\/style>\n<h1 class=\"kt-adv-heading772_b8446a-6a wp-block-kadence-advancedheading\" data-kb-block=\"kb-adv-heading772_b8446a-6a\">Chinchorro<\/h1>\n<\/div><\/div>\n\n<\/div><\/div><\/div><\/div>\n\n<\/div><\/div>\n\n<style>.wp-block-kadence-spacer.kt-block-spacer-772_35b1fe-b1 .kt-block-spacer{height:75px;}.wp-block-kadence-spacer.kt-block-spacer-772_35b1fe-b1 .kt-divider{border-top-width:1px;height:1px;border-top-color:#eee;width:80%;border-top-style:solid;}<\/style>\n<div class=\"wp-block-kadence-spacer aligncenter kt-block-spacer-772_35b1fe-b1\"><div class=\"kt-block-spacer kt-block-spacer-halign-center\"><hr class=\"kt-divider\"\/><\/div><\/div>\n\n\n\n<div class=\"wp-block-columns is-layout-flex wp-container-core-columns-is-layout-9d6595d7 wp-block-columns-is-layout-flex\">\n<div class=\"wp-block-column is-layout-flow wp-block-column-is-layout-flow\" style=\"flex-basis:33.33%\"><style>.kb-image772_355962-7a.kb-image-is-ratio-size, .kb-image772_355962-7a .kb-image-is-ratio-size{max-width:288px;width:100%;}.wp-block-kadence-column > .kt-inside-inner-col > .kb-image772_355962-7a.kb-image-is-ratio-size, .wp-block-kadence-column > .kt-inside-inner-col > .kb-image772_355962-7a .kb-image-is-ratio-size{align-self:unset;}.kb-image772_355962-7a{max-width:288px;}.image-is-svg.kb-image772_355962-7a{-webkit-flex:0 1 100%;flex:0 1 100%;}.image-is-svg.kb-image772_355962-7a img{width:100%;}.kb-image772_355962-7a .kb-image-has-overlay:after{opacity:0.3;}<\/style>\n<figure class=\"wp-block-kadence-image kb-image772_355962-7a size-full\"><img loading=\"lazy\" decoding=\"async\" width=\"524\" height=\"800\" src=\"https:\/\/renacereditorial.cl\/wp-content\/uploads\/2024\/09\/chinchorro.jpg\" alt=\"\" class=\"kb-img wp-image-621\" srcset=\"https:\/\/renacereditorial.cl\/wp-content\/uploads\/2024\/09\/chinchorro.jpg 524w, https:\/\/renacereditorial.cl\/wp-content\/uploads\/2024\/09\/chinchorro-197x300.jpg 197w\" sizes=\"auto, (max-width: 524px) 100vw, 524px\" \/><\/figure>\n<\/div>\n\n\n\n<div class=\"wp-block-column is-layout-flow wp-block-column-is-layout-flow\" style=\"flex-basis:66.66%\"><style>.wp-block-kadence-advancedheading.kt-adv-heading772_12d063-01, .wp-block-kadence-advancedheading.kt-adv-heading772_12d063-01[data-kb-block=\"kb-adv-heading772_12d063-01\"]{font-style:normal;}.wp-block-kadence-advancedheading.kt-adv-heading772_12d063-01 mark.kt-highlight, .wp-block-kadence-advancedheading.kt-adv-heading772_12d063-01[data-kb-block=\"kb-adv-heading772_12d063-01\"] mark.kt-highlight{font-style:normal;color:#f76a0c;-webkit-box-decoration-break:clone;box-decoration-break:clone;padding-top:0px;padding-right:0px;padding-bottom:0px;padding-left:0px;}<\/style>\n<p class=\"kt-adv-heading772_12d063-01 wp-block-kadence-advancedheading\" data-kb-block=\"kb-adv-heading772_12d063-01\"><strong>CHINCHORRO<\/strong><br>Patricio Barrios Alday<br><br><strong>\u201cChinchorro, los que llegaron para no morir\u201d<\/strong>&nbsp;relata, con la mezcla necesaria de ficci\u00f3n y realidad, la \u00e9pica aventura de los primeros asentamientos poblacionales que dieron vida a la llamada Cultura Chinchorro, en el norte de Chile y sur del Per\u00fa.<br><br><em>K\u2019enkhe<\/em>&nbsp;y&nbsp;<em>Ak\u2019utti<\/em>, dos j\u00f3venes reci\u00e9n iniciados en la vida adulta de un grupo costero de hace diez mil a\u00f1os, huyen de una gran ola que arrasa sus viviendas, su pueblo y termina con la vida de su gente.<br><br>Ser\u00e1n su continuaci\u00f3n, pero para ello deber\u00e1n sortear muchos obst\u00e1culos y aprender a ser, otra vez, pueblo. Sus experiencias y la profundizaci\u00f3n de su cosmovisi\u00f3n les permitir\u00e1n adquirir los conocimientos para trascender m\u00e1s all\u00e1 de la muerte.<br><br>El 27 de julio de 2021, los&nbsp;<strong><em>Asentamientos y la momificaci\u00f3n artificial de la Cultura Chinchorro, en la regi\u00f3n de Arica y Parinacota, Chile<\/em><\/strong>, fueron declarados Patrimonio de la Humanidad por la&nbsp;<strong>Unesco<\/strong>.<\/p>\n\n\n<style>.wp-block-kadence-advancedbtn.kb-btns772_351b83-00{gap:var(--global-kb-gap-xs, 0.5rem );justify-content:flex-start;align-items:center;}.kt-btns772_351b83-00 .kt-button{font-weight:normal;font-style:normal;}.kt-btns772_351b83-00 .kt-btn-wrap-0{margin-right:5px;}.wp-block-kadence-advancedbtn.kt-btns772_351b83-00 .kt-btn-wrap-0 .kt-button{color:#555555;border-color:#555555;}.wp-block-kadence-advancedbtn.kt-btns772_351b83-00 .kt-btn-wrap-0 .kt-button:hover, .wp-block-kadence-advancedbtn.kt-btns772_351b83-00 .kt-btn-wrap-0 .kt-button:focus{color:#ffffff;border-color:#444444;}.wp-block-kadence-advancedbtn.kt-btns772_351b83-00 .kt-btn-wrap-0 .kt-button::before{display:none;}.wp-block-kadence-advancedbtn.kt-btns772_351b83-00 .kt-btn-wrap-0 .kt-button:hover, .wp-block-kadence-advancedbtn.kt-btns772_351b83-00 .kt-btn-wrap-0 .kt-button:focus{background:#444444;}<\/style>\n<div class=\"wp-block-kadence-advancedbtn kb-buttons-wrap kb-btns772_351b83-00\"><style>ul.menu .wp-block-kadence-advancedbtn .kb-btn772_a581bb-47.kb-button{width:initial;}<\/style><a class=\"kb-button kt-button button kb-btn772_a581bb-47 kt-btn-size-standard kt-btn-width-type-auto kb-btn-global-fill kt-btn-has-text-true kt-btn-has-svg-false wp-block-kadence-singlebtn\" href=\"https:\/\/www.amazon.com\/-\/es\/Patricio-Barrios-Alday\/dp\/B0BKMPMCLJ\/ref=tmm_pap_swatch_0?_encoding=UTF8&#038;qid=&#038;sr=\" target=\"_blank\" rel=\"noreferrer noopener\"><span class=\"kt-btn-inner-text\">Comprar<\/span><\/a><\/div>\n<\/div>\n<\/div>\n\n\n<style>.wp-block-kadence-spacer.kt-block-spacer-772_1853dc-fc .kt-block-spacer{height:60px;}.wp-block-kadence-spacer.kt-block-spacer-772_1853dc-fc .kt-divider{border-top-width:1px;height:1px;border-top-color:#eee;width:80%;border-top-style:solid;}<\/style>\n<div class=\"wp-block-kadence-spacer aligncenter kt-block-spacer-772_1853dc-fc\"><div class=\"kt-block-spacer kt-block-spacer-halign-center\"><hr class=\"kt-divider\"\/><\/div><\/div>\n\n\n<style>.wp-block-kadence-advancedbtn.kb-btns772_7bd834-14{gap:var(--global-kb-gap-xs, 0.5rem );justify-content:flex-start;align-items:center;}.kt-btns772_7bd834-14 .kt-button{font-weight:normal;font-style:normal;}.kt-btns772_7bd834-14 .kt-btn-wrap-0{margin-right:5px;}.wp-block-kadence-advancedbtn.kt-btns772_7bd834-14 .kt-btn-wrap-0 .kt-button{color:#555555;border-color:#555555;}.wp-block-kadence-advancedbtn.kt-btns772_7bd834-14 .kt-btn-wrap-0 .kt-button:hover, .wp-block-kadence-advancedbtn.kt-btns772_7bd834-14 .kt-btn-wrap-0 .kt-button:focus{color:#ffffff;border-color:#444444;}.wp-block-kadence-advancedbtn.kt-btns772_7bd834-14 .kt-btn-wrap-0 .kt-button::before{display:none;}.wp-block-kadence-advancedbtn.kt-btns772_7bd834-14 .kt-btn-wrap-0 .kt-button:hover, .wp-block-kadence-advancedbtn.kt-btns772_7bd834-14 .kt-btn-wrap-0 .kt-button:focus{background:#444444;}<\/style>\n<div class=\"wp-block-kadence-advancedbtn kb-buttons-wrap kb-btns772_7bd834-14\"><style>ul.menu .wp-block-kadence-advancedbtn .kb-btn772_8f3f95-de.kb-button{width:initial;}<\/style><a class=\"kb-button kt-button button kb-btn772_8f3f95-de kt-btn-size-standard kt-btn-width-type-auto kb-btn-global-fill kt-btn-has-text-true kt-btn-has-svg-false wp-block-kadence-singlebtn\" href=\"https:\/\/renacereditorial.cl\/index.php\/titulos\/\"><span class=\"kt-btn-inner-text\">volver<\/span><\/a><\/div>\n\n\n\n<p><\/p>\n","protected":false},"excerpt":{"rendered":"<p>Chinchorro CHINCHORROPatricio Barrios Alday \u201cChinchorro, los que llegaron para no morir\u201d&nbsp;relata, con la mezcla necesaria de ficci\u00f3n y realidad, la \u00e9pica aventura de los primeros asentamientos poblacionales que dieron vida a la llamada Cultura Chinchorro, en el norte de Chile y sur del Per\u00fa. K\u2019enkhe&nbsp;y&nbsp;Ak\u2019utti, dos j\u00f3venes reci\u00e9n iniciados en la vida adulta de un&#8230;<\/p>\n","protected":false},"author":1,"featured_media":0,"parent":0,"menu_order":0,"comment_status":"closed","ping_status":"closed","template":"","meta":{"_kadence_starter_templates_imported_post":false,"_kad_post_transparent":"","_kad_post_title":"hide","_kad_post_layout":"fullwidth","_kad_post_sidebar_id":"","_kad_post_content_style":"","_kad_post_vertical_padding":"hide","_kad_post_feature":"hide","_kad_post_feature_position":"","_kad_post_header":false,"_kad_post_footer":false,"footnotes":""},"class_list":["post-772","page","type-page","status-publish","hentry"],"_links":{"self":[{"href":"https:\/\/renacereditorial.cl\/index.php\/wp-json\/wp\/v2\/pages\/772","targetHints":{"allow":["GET"]}}],"collection":[{"href":"https:\/\/renacereditorial.cl\/index.php\/wp-json\/wp\/v2\/pages"}],"about":[{"href":"https:\/\/renacereditorial.cl\/index.php\/wp-json\/wp\/v2\/types\/page"}],"author":[{"embeddable":true,"href":"https:\/\/renacereditorial.cl\/index.php\/wp-json\/wp\/v2\/users\/1"}],"replies":[{"embeddable":true,"href":"https:\/\/renacereditorial.cl\/index.php\/wp-json\/wp\/v2\/comments?post=772"}],"version-history":[{"count":3,"href":"https:\/\/renacereditorial.cl\/index.php\/wp-json\/wp\/v2\/pages\/772\/revisions"}],"predecessor-version":[{"id":854,"href":"https:\/\/renacereditorial.cl\/index.php\/wp-json\/wp\/v2\/pages\/772\/revisions\/854"}],"wp:attachment":[{"href":"https:\/\/renacereditorial.cl\/index.php\/wp-json\/wp\/v2\/media?parent=772"}],"curies":[{"name":"wp","href":"https:\/\/api.w.org\/{rel}","templated":true}]}}