{"id":766,"date":"2024-10-14T15:37:49","date_gmt":"2024-10-14T15:37:49","guid":{"rendered":"https:\/\/renacereditorial.cl\/?page_id=766"},"modified":"2024-10-23T19:29:45","modified_gmt":"2024-10-23T19:29:45","slug":"juramento","status":"publish","type":"page","link":"https:\/\/renacereditorial.cl\/index.php\/juramento\/","title":{"rendered":"Juramento"},"content":{"rendered":"<style>.kb-row-layout-id766_cca47f-35 > .kt-row-column-wrap{align-content:start;}:where(.kb-row-layout-id766_cca47f-35 > .kt-row-column-wrap) > .wp-block-kadence-column{justify-content:start;}.kb-row-layout-id766_cca47f-35 > .kt-row-column-wrap{column-gap:var(--global-kb-gap-md, 2rem);row-gap:var(--global-kb-gap-md, 2rem);max-width:var( --global-content-width, 1290px );padding-left:var(--global-content-edge-padding);padding-right:var(--global-content-edge-padding);padding-top:116px;padding-bottom:60px;grid-template-columns:minmax(0, 1fr);}.kb-row-layout-id766_cca47f-35 > .kt-row-layout-overlay{opacity:0.30;}@media all and (max-width: 1024px){.kb-row-layout-id766_cca47f-35 > .kt-row-column-wrap{padding-top:60px;grid-template-columns:minmax(0, 1fr);}}@media all and (max-width: 767px){.kb-row-layout-id766_cca47f-35 > .kt-row-column-wrap{padding-top:140px;grid-template-columns:minmax(0, 1fr);}}<\/style><div class=\"kb-row-layout-wrap kb-row-layout-id766_cca47f-35 alignnone has-theme-palette8-background-color kt-row-has-bg wp-block-kadence-rowlayout\"><div class=\"kt-row-column-wrap kt-has-1-columns kt-row-layout-equal kt-tab-layout-inherit kt-mobile-layout-row kt-row-valign-top kb-theme-content-width\">\n<style>.kadence-column766_083f4d-a4 > .kt-inside-inner-col,.kadence-column766_083f4d-a4 > .kt-inside-inner-col:before{border-top-left-radius:0px;border-top-right-radius:0px;border-bottom-right-radius:0px;border-bottom-left-radius:0px;}.kadence-column766_083f4d-a4 > .kt-inside-inner-col{column-gap:var(--global-kb-gap-sm, 1rem);}.kadence-column766_083f4d-a4 > .kt-inside-inner-col{flex-direction:column;}.kadence-column766_083f4d-a4 > .kt-inside-inner-col > .aligncenter{width:100%;}.kadence-column766_083f4d-a4 > .kt-inside-inner-col:before{opacity:0.3;}.kadence-column766_083f4d-a4{position:relative;}@media all and (max-width: 1024px){.kadence-column766_083f4d-a4 > .kt-inside-inner-col{flex-direction:column;}}@media all and (max-width: 767px){.kadence-column766_083f4d-a4 > .kt-inside-inner-col{flex-direction:column;}}<\/style>\n<div class=\"wp-block-kadence-column kadence-column766_083f4d-a4 inner-column-1\"><div class=\"kt-inside-inner-col\"><style>.kb-row-layout-id766_7e7dd6-33 > .kt-row-column-wrap{align-content:start;}:where(.kb-row-layout-id766_7e7dd6-33 > .kt-row-column-wrap) > .wp-block-kadence-column{justify-content:start;}.kb-row-layout-id766_7e7dd6-33 > .kt-row-column-wrap{column-gap:var(--global-kb-gap-md, 2rem);row-gap:var(--global-kb-gap-md, 2rem);max-width:600px;margin-left:auto;margin-right:auto;padding-top:0px;padding-bottom:0px;grid-template-columns:minmax(0, 1fr);}.kb-row-layout-id766_7e7dd6-33 > .kt-row-layout-overlay{opacity:0.30;}@media all and (max-width: 1024px){.kb-row-layout-id766_7e7dd6-33 > .kt-row-column-wrap{max-width:600px;margin-left:auto;margin-right:auto;grid-template-columns:minmax(0, 1fr);}}@media all and (max-width: 767px){.kb-row-layout-id766_7e7dd6-33 > .kt-row-column-wrap{grid-template-columns:minmax(0, 1fr);}}<\/style><div class=\"kb-row-layout-wrap kb-row-layout-id766_7e7dd6-33 alignnone wp-block-kadence-rowlayout\"><div class=\"kt-row-column-wrap kt-has-1-columns kt-row-layout-equal kt-tab-layout-inherit kt-mobile-layout-row kt-row-valign-top\">\n<style>.kadence-column766_ed4102-5a > .kt-inside-inner-col,.kadence-column766_ed4102-5a > .kt-inside-inner-col:before{border-top-left-radius:0px;border-top-right-radius:0px;border-bottom-right-radius:0px;border-bottom-left-radius:0px;}.kadence-column766_ed4102-5a > .kt-inside-inner-col{column-gap:var(--global-kb-gap-sm, 1rem);}.kadence-column766_ed4102-5a > .kt-inside-inner-col{flex-direction:column;}.kadence-column766_ed4102-5a > .kt-inside-inner-col > .aligncenter{width:100%;}.kadence-column766_ed4102-5a > .kt-inside-inner-col:before{opacity:0.3;}.kadence-column766_ed4102-5a{position:relative;}@media all and (max-width: 1024px){.kadence-column766_ed4102-5a > .kt-inside-inner-col{flex-direction:column;}}@media all and (max-width: 767px){.kadence-column766_ed4102-5a > .kt-inside-inner-col{flex-direction:column;}}<\/style>\n<div class=\"wp-block-kadence-column kadence-column766_ed4102-5a inner-column-1\"><div class=\"kt-inside-inner-col\"><style>.wp-block-kadence-advancedheading.kt-adv-heading766_e47a91-2a, .wp-block-kadence-advancedheading.kt-adv-heading766_e47a91-2a[data-kb-block=\"kb-adv-heading766_e47a91-2a\"]{margin-bottom:20px;text-align:center;font-size:70px;line-height:70px;font-style:normal;}.wp-block-kadence-advancedheading.kt-adv-heading766_e47a91-2a mark.kt-highlight, .wp-block-kadence-advancedheading.kt-adv-heading766_e47a91-2a[data-kb-block=\"kb-adv-heading766_e47a91-2a\"] mark.kt-highlight{font-style:normal;color:#f76a0c;-webkit-box-decoration-break:clone;box-decoration-break:clone;padding-top:0px;padding-right:0px;padding-bottom:0px;padding-left:0px;}@media all and (max-width: 1024px){.wp-block-kadence-advancedheading.kt-adv-heading766_e47a91-2a, .wp-block-kadence-advancedheading.kt-adv-heading766_e47a91-2a[data-kb-block=\"kb-adv-heading766_e47a91-2a\"]{font-size:55px;}}@media all and (max-width: 767px){.wp-block-kadence-advancedheading.kt-adv-heading766_e47a91-2a, .wp-block-kadence-advancedheading.kt-adv-heading766_e47a91-2a[data-kb-block=\"kb-adv-heading766_e47a91-2a\"]{font-size:45px;}}<\/style>\n<h1 class=\"kt-adv-heading766_e47a91-2a wp-block-kadence-advancedheading\" data-kb-block=\"kb-adv-heading766_e47a91-2a\">Juramento<\/h1>\n<\/div><\/div>\n\n<\/div><\/div><\/div><\/div>\n\n<\/div><\/div>\n\n<style>.wp-block-kadence-spacer.kt-block-spacer-766_540e8a-c7 .kt-block-spacer{height:75px;}.wp-block-kadence-spacer.kt-block-spacer-766_540e8a-c7 .kt-divider{border-top-width:1px;height:1px;border-top-color:#eee;width:80%;border-top-style:solid;}<\/style>\n<div class=\"wp-block-kadence-spacer aligncenter kt-block-spacer-766_540e8a-c7\"><div class=\"kt-block-spacer kt-block-spacer-halign-center\"><hr class=\"kt-divider\"\/><\/div><\/div>\n\n\n\n<div class=\"wp-block-columns is-layout-flex wp-container-core-columns-is-layout-9d6595d7 wp-block-columns-is-layout-flex\">\n<div class=\"wp-block-column is-layout-flow wp-block-column-is-layout-flow\" style=\"flex-basis:33.33%\"><style>.kb-image766_542eec-02.kb-image-is-ratio-size, .kb-image766_542eec-02 .kb-image-is-ratio-size{max-width:288px;width:100%;}.wp-block-kadence-column > .kt-inside-inner-col > .kb-image766_542eec-02.kb-image-is-ratio-size, .wp-block-kadence-column > .kt-inside-inner-col > .kb-image766_542eec-02 .kb-image-is-ratio-size{align-self:unset;}.kb-image766_542eec-02{max-width:288px;}.image-is-svg.kb-image766_542eec-02{-webkit-flex:0 1 100%;flex:0 1 100%;}.image-is-svg.kb-image766_542eec-02 img{width:100%;}.kb-image766_542eec-02 .kb-image-has-overlay:after{opacity:0.3;}<\/style>\n<figure class=\"wp-block-kadence-image kb-image766_542eec-02 size-full\"><img loading=\"lazy\" decoding=\"async\" width=\"524\" height=\"800\" src=\"https:\/\/renacereditorial.cl\/wp-content\/uploads\/2024\/09\/juramento.jpg\" alt=\"\" class=\"kb-img wp-image-604\" srcset=\"https:\/\/renacereditorial.cl\/wp-content\/uploads\/2024\/09\/juramento.jpg 524w, https:\/\/renacereditorial.cl\/wp-content\/uploads\/2024\/09\/juramento-197x300.jpg 197w\" sizes=\"auto, (max-width: 524px) 100vw, 524px\" \/><\/figure>\n<\/div>\n\n\n\n<div class=\"wp-block-column is-layout-flow wp-block-column-is-layout-flow\" style=\"flex-basis:66.66%\"><style>.wp-block-kadence-advancedheading.kt-adv-heading766_9c2bb0-67, .wp-block-kadence-advancedheading.kt-adv-heading766_9c2bb0-67[data-kb-block=\"kb-adv-heading766_9c2bb0-67\"]{font-style:normal;}.wp-block-kadence-advancedheading.kt-adv-heading766_9c2bb0-67 mark.kt-highlight, .wp-block-kadence-advancedheading.kt-adv-heading766_9c2bb0-67[data-kb-block=\"kb-adv-heading766_9c2bb0-67\"] mark.kt-highlight{font-style:normal;color:#f76a0c;-webkit-box-decoration-break:clone;box-decoration-break:clone;padding-top:0px;padding-right:0px;padding-bottom:0px;padding-left:0px;}<\/style>\n<p class=\"kt-adv-heading766_9c2bb0-67 wp-block-kadence-advancedheading\" data-kb-block=\"kb-adv-heading766_9c2bb0-67\"><strong>JURAMENTO<\/strong><br>Patricio Barrios Alday<br><br>Muy lejos de lugares comunes e historias contadas, y poniendo por testigo a Dios, con toda rectitud y fidelidad, se jura que ser\u00e1 verdad aquella promesa de dos. Es dif\u00edcil definir o describir este \u201cJuramento\u201d, o encasillarle dentro de un g\u00e9nero. Le cruzan paisajes, tradiciones y personas reales que han pertenecido desde siempre a nuestra identidad colectiva, as\u00ed como tambi\u00e9n a nuestra intimidad m\u00e1s profunda. \u201cJuramento\u201d es un relato familiar e \u00edntimo, pero al mismo tiempo parte de una leyenda que le pertenecer\u00e1 por siempre a nuestro territorio. Sin mayores artificios, \u201cJuramento\u201d es la historia m\u00e1s cercana y certera de la tantas veces contada leyenda de \u201cLa Novia de Azapa\u201d. Un relato biogr\u00e1fico cruzado por la tradici\u00f3n y la devoci\u00f3n, por el amor, por la familia y la lealtad, por lo doloroso y maravilloso, por la esperanza y juramentos, que muchas veces, son de muchos m\u00e1s que dos.<br><\/p>\n\n\n<style>.wp-block-kadence-advancedbtn.kb-btns766_9ac71a-58{gap:var(--global-kb-gap-xs, 0.5rem );justify-content:flex-start;align-items:center;}.kt-btns766_9ac71a-58 .kt-button{font-weight:normal;font-style:normal;}.kt-btns766_9ac71a-58 .kt-btn-wrap-0{margin-right:5px;}.wp-block-kadence-advancedbtn.kt-btns766_9ac71a-58 .kt-btn-wrap-0 .kt-button{color:#555555;border-color:#555555;}.wp-block-kadence-advancedbtn.kt-btns766_9ac71a-58 .kt-btn-wrap-0 .kt-button:hover, .wp-block-kadence-advancedbtn.kt-btns766_9ac71a-58 .kt-btn-wrap-0 .kt-button:focus{color:#ffffff;border-color:#444444;}.wp-block-kadence-advancedbtn.kt-btns766_9ac71a-58 .kt-btn-wrap-0 .kt-button::before{display:none;}.wp-block-kadence-advancedbtn.kt-btns766_9ac71a-58 .kt-btn-wrap-0 .kt-button:hover, .wp-block-kadence-advancedbtn.kt-btns766_9ac71a-58 .kt-btn-wrap-0 .kt-button:focus{background:#444444;}<\/style>\n<div class=\"wp-block-kadence-advancedbtn kb-buttons-wrap kb-btns766_9ac71a-58\"><style>ul.menu .wp-block-kadence-advancedbtn .kb-btn766_f00ba3-68.kb-button{width:initial;}<\/style><a class=\"kb-button kt-button button kb-btn766_f00ba3-68 kt-btn-size-standard kt-btn-width-type-auto kb-btn-global-fill kt-btn-has-text-true kt-btn-has-svg-false wp-block-kadence-singlebtn\" href=\"https:\/\/www.amazon.com\/-\/es\/Patricio-Barrios-Alday\/dp\/956410887X\/ref=tmm_pap_swatch_0?_encoding=UTF8&#038;qid=&#038;sr=\" target=\"_blank\" rel=\"noreferrer noopener\"><span class=\"kt-btn-inner-text\">Comprar<\/span><\/a><\/div>\n<\/div>\n<\/div>\n\n\n<style>.wp-block-kadence-spacer.kt-block-spacer-766_ef82fb-36 .kt-block-spacer{height:60px;}.wp-block-kadence-spacer.kt-block-spacer-766_ef82fb-36 .kt-divider{border-top-width:1px;height:1px;border-top-color:#eee;width:80%;border-top-style:solid;}<\/style>\n<div class=\"wp-block-kadence-spacer aligncenter kt-block-spacer-766_ef82fb-36\"><div class=\"kt-block-spacer kt-block-spacer-halign-center\"><hr class=\"kt-divider\"\/><\/div><\/div>\n\n\n<style>.wp-block-kadence-advancedbtn.kb-btns766_c471ab-bb{gap:var(--global-kb-gap-xs, 0.5rem );justify-content:flex-start;align-items:center;}.kt-btns766_c471ab-bb .kt-button{font-weight:normal;font-style:normal;}.kt-btns766_c471ab-bb .kt-btn-wrap-0{margin-right:5px;}.wp-block-kadence-advancedbtn.kt-btns766_c471ab-bb .kt-btn-wrap-0 .kt-button{color:#555555;border-color:#555555;}.wp-block-kadence-advancedbtn.kt-btns766_c471ab-bb .kt-btn-wrap-0 .kt-button:hover, .wp-block-kadence-advancedbtn.kt-btns766_c471ab-bb .kt-btn-wrap-0 .kt-button:focus{color:#ffffff;border-color:#444444;}.wp-block-kadence-advancedbtn.kt-btns766_c471ab-bb .kt-btn-wrap-0 .kt-button::before{display:none;}.wp-block-kadence-advancedbtn.kt-btns766_c471ab-bb .kt-btn-wrap-0 .kt-button:hover, .wp-block-kadence-advancedbtn.kt-btns766_c471ab-bb .kt-btn-wrap-0 .kt-button:focus{background:#444444;}<\/style>\n<div class=\"wp-block-kadence-advancedbtn kb-buttons-wrap kb-btns766_c471ab-bb\"><style>ul.menu .wp-block-kadence-advancedbtn .kb-btn766_ef9c14-22.kb-button{width:initial;}<\/style><a class=\"kb-button kt-button button kb-btn766_ef9c14-22 kt-btn-size-standard kt-btn-width-type-auto kb-btn-global-fill kt-btn-has-text-true kt-btn-has-svg-false wp-block-kadence-singlebtn\" href=\"https:\/\/renacereditorial.cl\/index.php\/titulos\/\"><span class=\"kt-btn-inner-text\">volver<\/span><\/a><\/div>\n\n\n\n<p><\/p>\n","protected":false},"excerpt":{"rendered":"<p>Juramento JURAMENTOPatricio Barrios Alday Muy lejos de lugares comunes e historias contadas, y poniendo por testigo a Dios, con toda rectitud y fidelidad, se jura que ser\u00e1 verdad aquella promesa de dos. Es dif\u00edcil definir o describir este \u201cJuramento\u201d, o encasillarle dentro de un g\u00e9nero. Le cruzan paisajes, tradiciones y personas reales que han pertenecido&#8230;<\/p>\n","protected":false},"author":1,"featured_media":0,"parent":0,"menu_order":0,"comment_status":"closed","ping_status":"closed","template":"","meta":{"_kadence_starter_templates_imported_post":false,"_kad_post_transparent":"","_kad_post_title":"hide","_kad_post_layout":"fullwidth","_kad_post_sidebar_id":"","_kad_post_content_style":"","_kad_post_vertical_padding":"hide","_kad_post_feature":"hide","_kad_post_feature_position":"","_kad_post_header":false,"_kad_post_footer":false,"footnotes":""},"class_list":["post-766","page","type-page","status-publish","hentry"],"_links":{"self":[{"href":"https:\/\/renacereditorial.cl\/index.php\/wp-json\/wp\/v2\/pages\/766","targetHints":{"allow":["GET"]}}],"collection":[{"href":"https:\/\/renacereditorial.cl\/index.php\/wp-json\/wp\/v2\/pages"}],"about":[{"href":"https:\/\/renacereditorial.cl\/index.php\/wp-json\/wp\/v2\/types\/page"}],"author":[{"embeddable":true,"href":"https:\/\/renacereditorial.cl\/index.php\/wp-json\/wp\/v2\/users\/1"}],"replies":[{"embeddable":true,"href":"https:\/\/renacereditorial.cl\/index.php\/wp-json\/wp\/v2\/comments?post=766"}],"version-history":[{"count":4,"href":"https:\/\/renacereditorial.cl\/index.php\/wp-json\/wp\/v2\/pages\/766\/revisions"}],"predecessor-version":[{"id":857,"href":"https:\/\/renacereditorial.cl\/index.php\/wp-json\/wp\/v2\/pages\/766\/revisions\/857"}],"wp:attachment":[{"href":"https:\/\/renacereditorial.cl\/index.php\/wp-json\/wp\/v2\/media?parent=766"}],"curies":[{"name":"wp","href":"https:\/\/api.w.org\/{rel}","templated":true}]}}