{"id":16,"date":"2022-11-07T14:54:04","date_gmt":"2022-11-07T14:54:04","guid":{"rendered":"https:\/\/kadence.pixel-show.com\/influencer\/?page_id=16"},"modified":"2024-10-23T15:12:54","modified_gmt":"2024-10-23T15:12:54","slug":"contacto","status":"publish","type":"page","link":"https:\/\/renacereditorial.cl\/index.php\/contacto\/","title":{"rendered":"Contacto"},"content":{"rendered":"<style>.kb-row-layout-id16_1dcd82-ce > .kt-row-column-wrap{align-content:start;}:where(.kb-row-layout-id16_1dcd82-ce > .kt-row-column-wrap) > .wp-block-kadence-column{justify-content:start;}.kb-row-layout-id16_1dcd82-ce > .kt-row-column-wrap{column-gap:var(--global-kb-gap-md, 2rem);row-gap:var(--global-kb-gap-md, 2rem);max-width:var( --global-content-width, 1290px );padding-left:var(--global-content-edge-padding);padding-right:var(--global-content-edge-padding);padding-top:116px;padding-bottom:21px;grid-template-columns:minmax(0, 1fr);}.kb-row-layout-id16_1dcd82-ce > .kt-row-layout-overlay{opacity:0.30;}@media all and (max-width: 1024px){.kb-row-layout-id16_1dcd82-ce > .kt-row-column-wrap{padding-top:60px;grid-template-columns:minmax(0, 1fr);}}@media all and (max-width: 767px){.kb-row-layout-id16_1dcd82-ce > .kt-row-column-wrap{padding-top:140px;grid-template-columns:minmax(0, 1fr);}}<\/style><div class=\"kb-row-layout-wrap kb-row-layout-id16_1dcd82-ce alignnone has-theme-palette8-background-color kt-row-has-bg wp-block-kadence-rowlayout\"><div class=\"kt-row-column-wrap kt-has-1-columns kt-row-layout-equal kt-tab-layout-inherit kt-mobile-layout-row kt-row-valign-top kb-theme-content-width\">\n<style>.kadence-column16_47e838-40 > .kt-inside-inner-col,.kadence-column16_47e838-40 > .kt-inside-inner-col:before{border-top-left-radius:0px;border-top-right-radius:0px;border-bottom-right-radius:0px;border-bottom-left-radius:0px;}.kadence-column16_47e838-40 > .kt-inside-inner-col{column-gap:var(--global-kb-gap-sm, 1rem);}.kadence-column16_47e838-40 > .kt-inside-inner-col{flex-direction:column;}.kadence-column16_47e838-40 > .kt-inside-inner-col > .aligncenter{width:100%;}.kadence-column16_47e838-40 > .kt-inside-inner-col:before{opacity:0.3;}.kadence-column16_47e838-40{position:relative;}@media all and (max-width: 1024px){.kadence-column16_47e838-40 > .kt-inside-inner-col{flex-direction:column;}}@media all and (max-width: 767px){.kadence-column16_47e838-40 > .kt-inside-inner-col{flex-direction:column;}}<\/style>\n<div class=\"wp-block-kadence-column kadence-column16_47e838-40 inner-column-1\"><div class=\"kt-inside-inner-col\"><style>.kb-row-layout-id16_89650b-6f > .kt-row-column-wrap{align-content:start;}:where(.kb-row-layout-id16_89650b-6f > .kt-row-column-wrap) > .wp-block-kadence-column{justify-content:start;}.kb-row-layout-id16_89650b-6f > .kt-row-column-wrap{column-gap:var(--global-kb-gap-md, 2rem);row-gap:var(--global-kb-gap-md, 2rem);max-width:600px;margin-left:auto;margin-right:auto;padding-top:0px;padding-bottom:0px;grid-template-columns:minmax(0, 1fr);}.kb-row-layout-id16_89650b-6f > .kt-row-layout-overlay{opacity:0.30;}@media all and (max-width: 1024px){.kb-row-layout-id16_89650b-6f > .kt-row-column-wrap{max-width:600px;margin-left:auto;margin-right:auto;grid-template-columns:minmax(0, 1fr);}}@media all and (max-width: 767px){.kb-row-layout-id16_89650b-6f > .kt-row-column-wrap{grid-template-columns:minmax(0, 1fr);}}<\/style><div class=\"kb-row-layout-wrap kb-row-layout-id16_89650b-6f alignnone wp-block-kadence-rowlayout\"><div class=\"kt-row-column-wrap kt-has-1-columns kt-row-layout-equal kt-tab-layout-inherit kt-mobile-layout-row kt-row-valign-top\">\n<style>.kadence-column16_73035e-b6 > .kt-inside-inner-col,.kadence-column16_73035e-b6 > .kt-inside-inner-col:before{border-top-left-radius:0px;border-top-right-radius:0px;border-bottom-right-radius:0px;border-bottom-left-radius:0px;}.kadence-column16_73035e-b6 > .kt-inside-inner-col{column-gap:var(--global-kb-gap-sm, 1rem);}.kadence-column16_73035e-b6 > .kt-inside-inner-col{flex-direction:column;}.kadence-column16_73035e-b6 > .kt-inside-inner-col > .aligncenter{width:100%;}.kadence-column16_73035e-b6 > .kt-inside-inner-col:before{opacity:0.3;}.kadence-column16_73035e-b6{position:relative;}@media all and (max-width: 1024px){.kadence-column16_73035e-b6 > .kt-inside-inner-col{flex-direction:column;}}@media all and (max-width: 767px){.kadence-column16_73035e-b6 > .kt-inside-inner-col{flex-direction:column;}}<\/style>\n<div class=\"wp-block-kadence-column kadence-column16_73035e-b6 inner-column-1\"><div class=\"kt-inside-inner-col\"><style>.wp-block-kadence-advancedheading.kt-adv-heading16_2750d9-ba, .wp-block-kadence-advancedheading.kt-adv-heading16_2750d9-ba[data-kb-block=\"kb-adv-heading16_2750d9-ba\"]{margin-bottom:20px;text-align:center;font-size:70px;line-height:70px;font-style:normal;}.wp-block-kadence-advancedheading.kt-adv-heading16_2750d9-ba mark.kt-highlight, .wp-block-kadence-advancedheading.kt-adv-heading16_2750d9-ba[data-kb-block=\"kb-adv-heading16_2750d9-ba\"] mark.kt-highlight{font-style:normal;color:#f76a0c;-webkit-box-decoration-break:clone;box-decoration-break:clone;padding-top:0px;padding-right:0px;padding-bottom:0px;padding-left:0px;}@media all and (max-width: 1024px){.wp-block-kadence-advancedheading.kt-adv-heading16_2750d9-ba, .wp-block-kadence-advancedheading.kt-adv-heading16_2750d9-ba[data-kb-block=\"kb-adv-heading16_2750d9-ba\"]{font-size:55px;}}@media all and (max-width: 767px){.wp-block-kadence-advancedheading.kt-adv-heading16_2750d9-ba, .wp-block-kadence-advancedheading.kt-adv-heading16_2750d9-ba[data-kb-block=\"kb-adv-heading16_2750d9-ba\"]{font-size:45px;}}<\/style>\n<h1 class=\"kt-adv-heading16_2750d9-ba wp-block-kadence-advancedheading\" data-kb-block=\"kb-adv-heading16_2750d9-ba\">Contacto<\/h1>\n<\/div><\/div>\n\n<\/div><\/div><\/div><\/div>\n\n<\/div><\/div>\n\n<style>.kb-row-layout-id16_8f3dbb-33 > .kt-row-column-wrap{align-content:start;}:where(.kb-row-layout-id16_8f3dbb-33 > .kt-row-column-wrap) > .wp-block-kadence-column{justify-content:start;}.kb-row-layout-id16_8f3dbb-33 > .kt-row-column-wrap{column-gap:var(--global-kb-gap-md, 2rem);row-gap:var(--global-kb-gap-md, 2rem);max-width:var( --global-content-width, 1290px );padding-left:var(--global-content-edge-padding);padding-right:var(--global-content-edge-padding);padding-top:80px;padding-right:20px;padding-bottom:80px;padding-left:20px;grid-template-columns:minmax(0, calc(45% - ((var(--global-kb-gap-md, 2rem) * 1 )\/2)))minmax(0, calc(55% - ((var(--global-kb-gap-md, 2rem) * 1 )\/2)));}.kb-row-layout-id16_8f3dbb-33 > .kt-row-layout-overlay{opacity:0.30;}@media all and (max-width: 1024px){.kb-row-layout-id16_8f3dbb-33 > .kt-row-column-wrap{padding-top:60px;padding-right:150px;padding-bottom:60px;padding-left:150px;grid-template-columns:minmax(0, 1fr);}}@media all and (max-width: 767px){.kb-row-layout-id16_8f3dbb-33 > .kt-row-column-wrap{padding-top:60px;padding-right:30px;padding-bottom:60px;padding-left:30px;grid-template-columns:minmax(0, 1fr);}}<\/style><div class=\"kb-row-layout-wrap kb-row-layout-id16_8f3dbb-33 alignnone has-theme-palette8-background-color kt-row-has-bg wp-block-kadence-rowlayout\"><div class=\"kt-row-column-wrap kt-has-2-columns kt-row-layout-equal kt-tab-layout-row kt-mobile-layout-row kt-row-valign-top kb-theme-content-width\">\n<style>.kadence-column16_27c73f-3e > .kt-inside-inner-col,.kadence-column16_27c73f-3e > .kt-inside-inner-col:before{border-top-left-radius:0px;border-top-right-radius:0px;border-bottom-right-radius:0px;border-bottom-left-radius:0px;}.kadence-column16_27c73f-3e > .kt-inside-inner-col{column-gap:var(--global-kb-gap-sm, 1rem);}.kadence-column16_27c73f-3e > .kt-inside-inner-col{flex-direction:column;}.kadence-column16_27c73f-3e > .kt-inside-inner-col > .aligncenter{width:100%;}.kadence-column16_27c73f-3e > .kt-inside-inner-col:before{opacity:0.3;}.kadence-column16_27c73f-3e{position:relative;}.kadence-column16_27c73f-3e, .kt-inside-inner-col > .kadence-column16_27c73f-3e:not(.specificity){margin-right:80px;}@media all and (max-width: 1024px){.kadence-column16_27c73f-3e > .kt-inside-inner-col{flex-direction:column;}}@media all and (max-width: 1024px){.kadence-column16_27c73f-3e, .kt-inside-inner-col > .kadence-column16_27c73f-3e:not(.specificity){margin-top:0px;margin-right:0px;margin-bottom:0px;margin-left:0px;}}@media all and (max-width: 767px){.kadence-column16_27c73f-3e > .kt-inside-inner-col{flex-direction:column;}.kadence-column16_27c73f-3e, .kt-inside-inner-col > .kadence-column16_27c73f-3e:not(.specificity){margin-top:0px;margin-right:0px;margin-bottom:0px;margin-left:0px;}}<\/style>\n<div class=\"wp-block-kadence-column kadence-column16_27c73f-3e inner-column-1\"><div class=\"kt-inside-inner-col\"><style>.wp-block-kadence-advancedheading.kt-adv-heading16_8c8ee9-4d, .wp-block-kadence-advancedheading.kt-adv-heading16_8c8ee9-4d[data-kb-block=\"kb-adv-heading16_8c8ee9-4d\"]{font-style:normal;}.wp-block-kadence-advancedheading.kt-adv-heading16_8c8ee9-4d mark.kt-highlight, .wp-block-kadence-advancedheading.kt-adv-heading16_8c8ee9-4d[data-kb-block=\"kb-adv-heading16_8c8ee9-4d\"] mark.kt-highlight{font-style:normal;color:#f76a0c;-webkit-box-decoration-break:clone;box-decoration-break:clone;padding-top:0px;padding-right:0px;padding-bottom:0px;padding-left:0px;}@media all and (max-width: 1024px){.wp-block-kadence-advancedheading.kt-adv-heading16_8c8ee9-4d, .wp-block-kadence-advancedheading.kt-adv-heading16_8c8ee9-4d[data-kb-block=\"kb-adv-heading16_8c8ee9-4d\"]{text-align:center!important;}}@media all and (max-width: 767px){.wp-block-kadence-advancedheading.kt-adv-heading16_8c8ee9-4d, .wp-block-kadence-advancedheading.kt-adv-heading16_8c8ee9-4d[data-kb-block=\"kb-adv-heading16_8c8ee9-4d\"]{text-align:center!important;}}<\/style>\n<h6 class=\"kt-adv-heading16_8c8ee9-4d wp-block-kadence-advancedheading\" data-kb-block=\"kb-adv-heading16_8c8ee9-4d\">\u00a1<em>Cont\u00e1ctanos!<\/em><\/h6>\n\n\n<style>.wp-block-kadence-advancedheading.kt-adv-heading16_a11f02-3e, .wp-block-kadence-advancedheading.kt-adv-heading16_a11f02-3e[data-kb-block=\"kb-adv-heading16_a11f02-3e\"]{margin-top:40px;margin-bottom:40px;font-size:70px;line-height:78px;font-style:normal;}.wp-block-kadence-advancedheading.kt-adv-heading16_a11f02-3e mark.kt-highlight, .wp-block-kadence-advancedheading.kt-adv-heading16_a11f02-3e[data-kb-block=\"kb-adv-heading16_a11f02-3e\"] mark.kt-highlight{font-style:normal;color:#f76a0c;-webkit-box-decoration-break:clone;box-decoration-break:clone;padding-top:0px;padding-right:0px;padding-bottom:0px;padding-left:0px;}@media all and (max-width: 1024px){.wp-block-kadence-advancedheading.kt-adv-heading16_a11f02-3e, .wp-block-kadence-advancedheading.kt-adv-heading16_a11f02-3e[data-kb-block=\"kb-adv-heading16_a11f02-3e\"]{font-size:60px;text-align:center!important;}}@media all and (max-width: 767px){.wp-block-kadence-advancedheading.kt-adv-heading16_a11f02-3e, .wp-block-kadence-advancedheading.kt-adv-heading16_a11f02-3e[data-kb-block=\"kb-adv-heading16_a11f02-3e\"]{font-size:50px;line-height:58px;text-align:center!important;}}<\/style>\n<h2 class=\"kt-adv-heading16_a11f02-3e wp-block-kadence-advancedheading\" data-kb-block=\"kb-adv-heading16_a11f02-3e\">\u00bfTienes una duda, escr\u00edbenos?<\/h2>\n\n\n<style>.wp-block-kadence-advancedheading.kt-adv-heading16_34bdc8-37, .wp-block-kadence-advancedheading.kt-adv-heading16_34bdc8-37[data-kb-block=\"kb-adv-heading16_34bdc8-37\"]{font-size:var(--global-kb-font-size-md, 1.25rem);font-style:normal;}.wp-block-kadence-advancedheading.kt-adv-heading16_34bdc8-37 mark.kt-highlight, .wp-block-kadence-advancedheading.kt-adv-heading16_34bdc8-37[data-kb-block=\"kb-adv-heading16_34bdc8-37\"] mark.kt-highlight{font-style:normal;color:#f76a0c;-webkit-box-decoration-break:clone;box-decoration-break:clone;padding-top:0px;padding-right:0px;padding-bottom:0px;padding-left:0px;}<\/style>\n<h3 class=\"kt-adv-heading16_34bdc8-37 wp-block-kadence-advancedheading\" data-kb-block=\"kb-adv-heading16_34bdc8-37\">Si tienes una consulta nos puedes dejar un mensaje desde nuestro formulario de contacto.<br><br>Tambi\u00e9n puedes escribirnos de forma directa al correo: <a href=\"mailto:contacto@renacereditorial.cl\">contacto@renacereditorial.cl <\/a><br><br>Tambi\u00e9n nos puedes escribir a nuestros Whatsapp: +569 5813 9006<\/h3>\n<\/div><\/div>\n\n\n<style>.kadence-column16_a96788-8e > .kt-inside-inner-col{padding-top:30px;padding-right:50px;padding-bottom:50px;padding-left:50px;}.kadence-column16_a96788-8e > .kt-inside-inner-col,.kadence-column16_a96788-8e > .kt-inside-inner-col:before{border-top-left-radius:0px;border-top-right-radius:0px;border-bottom-right-radius:80px;border-bottom-left-radius:0px;}.kadence-column16_a96788-8e > .kt-inside-inner-col{column-gap:var(--global-kb-gap-sm, 1rem);}.kadence-column16_a96788-8e > .kt-inside-inner-col{flex-direction:column;}.kadence-column16_a96788-8e > .kt-inside-inner-col > .aligncenter{width:100%;}.kadence-column16_a96788-8e > .kt-inside-inner-col{background-color:var(--global-palette9, #ffffff);}.kadence-column16_a96788-8e > .kt-inside-inner-col:before{opacity:0.3;}.kadence-column16_a96788-8e{position:relative;}@media all and (max-width: 1024px){.kadence-column16_a96788-8e > .kt-inside-inner-col{flex-direction:column;}}@media all and (max-width: 767px){.kadence-column16_a96788-8e > .kt-inside-inner-col{padding-top:var(--global-kb-spacing-xs, 1rem);padding-right:var(--global-kb-spacing-xs, 1rem);padding-bottom:var(--global-kb-spacing-xs, 1rem);padding-left:var(--global-kb-spacing-xs, 1rem);flex-direction:column;}}<\/style>\n<div class=\"wp-block-kadence-column kadence-column16_a96788-8e inner-column-2\"><div class=\"kt-inside-inner-col\"><style>.kadence-form-16_ac06ee-a8 .kb-form .kadence-blocks-form-field .kb-text-style-field, .kadence-form-16_ac06ee-a8 .kb-form .kadence-blocks-form-field .kb-select-style-field{border-radius:50px;border-color:var(--global-palette6, #718096);}.kadence-form-16_ac06ee-a8 .kb-form .kadence-blocks-form-field > label{font-size:20px;font-family:Sorts Mill Goudy;font-style:italic;font-weight:400;padding-top:0px;padding-right:0px;padding-bottom:0px;padding-left:10px;}.kadence-form-16_ac06ee-a8 .kb-form .kadence-blocks-form-field .kb-forms-submit{border-radius:50px;}.kadence-form-16_ac06ee-a8 .kb-form .kadence-blocks-form-field .kb-forms-submit{margin-top:10px;}.kadence-form-16_ac06ee-a8 .kb-form .kadence-blocks-form-field .kb-forms-submit{text-transform:capitalize;}.kb-form input.kadence-blocks-field.verify{opacity:0.0;position:absolute;top:0.0;left:0.0;width:0.0;height:0.0;z-index:-1;}<\/style>\n<div class=\"wp-block-kadence-form kadence-form-16_ac06ee-a8 kb-form-wrap\"><form class=\"kb-form\" action=\"\" method=\"post\"><div class=\"kadence-blocks-form-field kb-field-desk-width-100 kb-input-size-standard\"><label for=\"kb_field_16_ac06ee-a8_0\">Nombre<\/label><input name=\"kb_field_0\" id=\"kb_field_16_ac06ee-a8_0\" data-label=\"Nombre\" type=\"text\" placeholder=\"\" value=\"\" data-type=\"text\" class=\"kb-field kb-text-style-field kb-text-field kb-field-0\"\/><\/div><div class=\"kadence-blocks-form-field kb-form-field-1 kb-field-desk-width-100 kb-input-size-standard\"><label for=\"kb_field_16_ac06ee-a8_1\">Email<\/label><input name=\"kb_field_1\" id=\"kb_field_16_ac06ee-a8_1\" data-label=\"Email\" type=\"email\" placeholder=\"\" value=\"\" data-type=\"email\" class=\"kb-field kb-text-style-field kb-email-field kb-field-1\"\/><\/div><div class=\"kadence-blocks-form-field kb-form-field-2 kb-field-desk-width-50 kb-field-mobile-width-100 kb-input-size-standard\"><label for=\"kb_field_16_ac06ee-a8_2\">Fono<\/label><input name=\"kb_field_2\" id=\"kb_field_16_ac06ee-a8_2\" data-label=\"Fono\" type=\"tel\" placeholder=\"\" value=\"\" data-type=\"tel\" class=\"kb-field kb-text-style-field kb-tel-field kb-field-2\"\/><\/div><div class=\"kadence-blocks-form-field kb-form-field-3 kb-field-desk-width-50 kb-field-mobile-width-100 kb-input-size-standard\"><label for=\"kb_field_16_ac06ee-a8_3\">Asunto<\/label><input name=\"kb_field_3\" id=\"kb_field_16_ac06ee-a8_3\" data-label=\"Asunto\" type=\"text\" placeholder=\"\" value=\"\" data-type=\"text\" class=\"kb-field kb-text-style-field kb-text-field kb-field-3\"\/><\/div><div class=\"kadence-blocks-form-field kb-form-field-4 kb-field-desk-width-100 kb-field-mobile-width-100 kb-input-size-standard\"><label for=\"kb_field_16_ac06ee-a8_4\">Mensaje<\/label><textarea name=\"kb_field_4\" id=\"kb_field_16_ac06ee-a8_4\" data-label=\"Mensaje\" type=\"textarea\" placeholder=\"\" data-type=\"textarea\" class=\"kb-field kb-text-style-field kb-textarea-field kb-field-4\" rows=\"2\"><\/textarea><\/div><input type=\"hidden\" name=\"_kb_form_id\" value=\"16_ac06ee-a8\"\/><input type=\"hidden\" name=\"_kb_form_post_id\" value=\"16\"\/><input type=\"hidden\" name=\"action\" value=\"kb_process_ajax_submit\"\/><input class=\"kadence-blocks-field verify\" type=\"text\" name=\"_kb_verify_email\" autocomplete=\"new-password\" aria-hidden=\"true\" placeholder=\"Email\" tabindex=\"-1\" data-1p-ignore=\"true\" data-lpignore=\"true\" \/><div class=\"kadence-blocks-form-field kb-submit-field kb-field-desk-width-100\"><button class=\"kb-forms-submit button kb-button-size-standard kb-button-width-full\">Enviar Mensaje<\/button><\/div><\/form><\/div>\n<noscript><div class=\"kadence-blocks-form-message kadence-blocks-form-warning\">Activar JavaScript en tu navegador para enviar el formulario<\/div><style>.kadence-form-16_ac06ee-a8 .kadence-blocks-form-field.kb-submit-field { display: none; }<\/style><\/noscript><\/div><\/div>\n\n<\/div><\/div>","protected":false},"excerpt":{"rendered":"<p>Contacto \u00a1Cont\u00e1ctanos! \u00bfTienes una duda, escr\u00edbenos? Si tienes una consulta nos puedes dejar un mensaje desde nuestro formulario de contacto. Tambi\u00e9n puedes escribirnos de forma directa al correo: contacto@renacereditorial.cl Tambi\u00e9n nos puedes escribir a nuestros Whatsapp: +569 5813 9006<\/p>\n","protected":false},"author":1,"featured_media":0,"parent":0,"menu_order":0,"comment_status":"closed","ping_status":"closed","template":"","meta":{"_kadence_starter_templates_imported_post":true,"_kad_post_transparent":"","_kad_post_title":"hide","_kad_post_layout":"fullwidth","_kad_post_sidebar_id":"","_kad_post_content_style":"unboxed","_kad_post_vertical_padding":"hide","_kad_post_feature":"hide","_kad_post_feature_position":"","_kad_post_header":false,"_kad_post_footer":false,"footnotes":""},"class_list":["post-16","page","type-page","status-publish","hentry"],"_links":{"self":[{"href":"https:\/\/renacereditorial.cl\/index.php\/wp-json\/wp\/v2\/pages\/16","targetHints":{"allow":["GET"]}}],"collection":[{"href":"https:\/\/renacereditorial.cl\/index.php\/wp-json\/wp\/v2\/pages"}],"about":[{"href":"https:\/\/renacereditorial.cl\/index.php\/wp-json\/wp\/v2\/types\/page"}],"author":[{"embeddable":true,"href":"https:\/\/renacereditorial.cl\/index.php\/wp-json\/wp\/v2\/users\/1"}],"replies":[{"embeddable":true,"href":"https:\/\/renacereditorial.cl\/index.php\/wp-json\/wp\/v2\/comments?post=16"}],"version-history":[{"count":4,"href":"https:\/\/renacereditorial.cl\/index.php\/wp-json\/wp\/v2\/pages\/16\/revisions"}],"predecessor-version":[{"id":848,"href":"https:\/\/renacereditorial.cl\/index.php\/wp-json\/wp\/v2\/pages\/16\/revisions\/848"}],"wp:attachment":[{"href":"https:\/\/renacereditorial.cl\/index.php\/wp-json\/wp\/v2\/media?parent=16"}],"curies":[{"name":"wp","href":"https:\/\/api.w.org\/{rel}","templated":true}]}}