{"id":15,"date":"2022-11-07T14:53:54","date_gmt":"2022-11-07T14:53:54","guid":{"rendered":"https:\/\/kadence.pixel-show.com\/influencer\/?page_id=15"},"modified":"2024-12-02T21:26:41","modified_gmt":"2024-12-02T21:26:41","slug":"equipo","status":"publish","type":"page","link":"https:\/\/renacereditorial.cl\/index.php\/equipo\/","title":{"rendered":"Equipo"},"content":{"rendered":"<style>.kb-row-layout-wrap.wp-block-kadence-rowlayout.kb-row-layout-id15_90b4c5-71{margin-top:0px;}.kb-row-layout-id15_90b4c5-71 > .kt-row-column-wrap{align-content:start;}:where(.kb-row-layout-id15_90b4c5-71 > .kt-row-column-wrap) > .wp-block-kadence-column{justify-content:start;}.kb-row-layout-id15_90b4c5-71 > .kt-row-column-wrap{column-gap:var(--global-kb-gap-md, 2rem);row-gap:var(--global-kb-gap-md, 2rem);max-width:var( --global-content-width, 1290px );padding-left:var(--global-content-edge-padding);padding-right:var(--global-content-edge-padding);padding-top:116px;padding-bottom:60px;grid-template-columns:minmax(0, 1fr);}.kb-row-layout-id15_90b4c5-71 > .kt-row-layout-overlay{opacity:0.30;}@media all and (max-width: 1024px){.kb-row-layout-id15_90b4c5-71 > .kt-row-column-wrap{padding-top:60px;grid-template-columns:minmax(0, 1fr);}}@media all and (max-width: 767px){.kb-row-layout-wrap.wp-block-kadence-rowlayout.kb-row-layout-id15_90b4c5-71{margin-top:0px;}.kb-row-layout-id15_90b4c5-71 > .kt-row-column-wrap{padding-top:140px;grid-template-columns:minmax(0, 1fr);}}<\/style><div class=\"kb-row-layout-wrap kb-row-layout-id15_90b4c5-71 alignnone has-theme-palette8-background-color kt-row-has-bg wp-block-kadence-rowlayout\"><div class=\"kt-row-column-wrap kt-has-1-columns kt-row-layout-equal kt-tab-layout-inherit kt-mobile-layout-row kt-row-valign-top kb-theme-content-width\">\n<style>.kadence-column15_38c558-7a > .kt-inside-inner-col,.kadence-column15_38c558-7a > .kt-inside-inner-col:before{border-top-left-radius:0px;border-top-right-radius:0px;border-bottom-right-radius:0px;border-bottom-left-radius:0px;}.kadence-column15_38c558-7a > .kt-inside-inner-col{column-gap:var(--global-kb-gap-sm, 1rem);}.kadence-column15_38c558-7a > .kt-inside-inner-col{flex-direction:column;}.kadence-column15_38c558-7a > .kt-inside-inner-col > .aligncenter{width:100%;}.kadence-column15_38c558-7a > .kt-inside-inner-col:before{opacity:0.3;}.kadence-column15_38c558-7a{position:relative;}@media all and (max-width: 1024px){.kadence-column15_38c558-7a > .kt-inside-inner-col{flex-direction:column;}}@media all and (max-width: 767px){.kadence-column15_38c558-7a > .kt-inside-inner-col{flex-direction:column;}}<\/style>\n<div class=\"wp-block-kadence-column kadence-column15_38c558-7a inner-column-1\"><div class=\"kt-inside-inner-col\"><style>.kb-row-layout-id15_9d8879-d4 > .kt-row-column-wrap{align-content:start;}:where(.kb-row-layout-id15_9d8879-d4 > .kt-row-column-wrap) > .wp-block-kadence-column{justify-content:start;}.kb-row-layout-id15_9d8879-d4 > .kt-row-column-wrap{column-gap:var(--global-kb-gap-md, 2rem);row-gap:var(--global-kb-gap-md, 2rem);max-width:600px;margin-left:auto;margin-right:auto;padding-top:0px;padding-bottom:0px;grid-template-columns:minmax(0, 1fr);}.kb-row-layout-id15_9d8879-d4 > .kt-row-layout-overlay{opacity:0.30;}@media all and (max-width: 1024px){.kb-row-layout-id15_9d8879-d4 > .kt-row-column-wrap{max-width:600px;margin-left:auto;margin-right:auto;grid-template-columns:minmax(0, 1fr);}}@media all and (max-width: 767px){.kb-row-layout-id15_9d8879-d4 > .kt-row-column-wrap{grid-template-columns:minmax(0, 1fr);}}<\/style><div class=\"kb-row-layout-wrap kb-row-layout-id15_9d8879-d4 alignnone wp-block-kadence-rowlayout\"><div class=\"kt-row-column-wrap kt-has-1-columns kt-row-layout-equal kt-tab-layout-inherit kt-mobile-layout-row kt-row-valign-top\">\n<style>.kadence-column15_2e9b60-31 > .kt-inside-inner-col,.kadence-column15_2e9b60-31 > .kt-inside-inner-col:before{border-top-left-radius:0px;border-top-right-radius:0px;border-bottom-right-radius:0px;border-bottom-left-radius:0px;}.kadence-column15_2e9b60-31 > .kt-inside-inner-col{column-gap:var(--global-kb-gap-sm, 1rem);}.kadence-column15_2e9b60-31 > .kt-inside-inner-col{flex-direction:column;}.kadence-column15_2e9b60-31 > .kt-inside-inner-col > .aligncenter{width:100%;}.kadence-column15_2e9b60-31 > .kt-inside-inner-col:before{opacity:0.3;}.kadence-column15_2e9b60-31{position:relative;}@media all and (max-width: 1024px){.kadence-column15_2e9b60-31 > .kt-inside-inner-col{flex-direction:column;}}@media all and (max-width: 767px){.kadence-column15_2e9b60-31 > .kt-inside-inner-col{flex-direction:column;}}<\/style>\n<div class=\"wp-block-kadence-column kadence-column15_2e9b60-31 inner-column-1\"><div class=\"kt-inside-inner-col\"><style>.wp-block-kadence-advancedheading.kt-adv-heading15_309814-84, .wp-block-kadence-advancedheading.kt-adv-heading15_309814-84[data-kb-block=\"kb-adv-heading15_309814-84\"]{margin-bottom:20px;text-align:center;font-size:70px;line-height:70px;font-style:normal;}.wp-block-kadence-advancedheading.kt-adv-heading15_309814-84 mark.kt-highlight, .wp-block-kadence-advancedheading.kt-adv-heading15_309814-84[data-kb-block=\"kb-adv-heading15_309814-84\"] mark.kt-highlight{font-style:normal;color:#f76a0c;-webkit-box-decoration-break:clone;box-decoration-break:clone;padding-top:0px;padding-right:0px;padding-bottom:0px;padding-left:0px;}@media all and (max-width: 1024px){.wp-block-kadence-advancedheading.kt-adv-heading15_309814-84, .wp-block-kadence-advancedheading.kt-adv-heading15_309814-84[data-kb-block=\"kb-adv-heading15_309814-84\"]{font-size:55px;}}@media all and (max-width: 767px){.wp-block-kadence-advancedheading.kt-adv-heading15_309814-84, .wp-block-kadence-advancedheading.kt-adv-heading15_309814-84[data-kb-block=\"kb-adv-heading15_309814-84\"]{font-size:45px;}}<\/style>\n<h1 class=\"kt-adv-heading15_309814-84 wp-block-kadence-advancedheading\" data-kb-block=\"kb-adv-heading15_309814-84\">Nuestro Equipo<\/h1>\n<\/div><\/div>\n\n<\/div><\/div><\/div><\/div>\n\n<\/div><\/div>\n\n<style>.wp-block-kadence-spacer.kt-block-spacer-15_f397ac-32 .kt-block-spacer{height:60px;}.wp-block-kadence-spacer.kt-block-spacer-15_f397ac-32 .kt-divider{border-top-width:1px;height:1px;border-top-color:#eee;width:80%;border-top-style:solid;}<\/style>\n<div class=\"wp-block-kadence-spacer aligncenter kt-block-spacer-15_f397ac-32\"><div class=\"kt-block-spacer kt-block-spacer-halign-center\"><hr class=\"kt-divider\"\/><\/div><\/div>\n\n\n\n<div class=\"wp-block-columns is-layout-flex wp-container-core-columns-is-layout-30ac8118 wp-block-columns-is-layout-flex\" style=\"padding-right:var(--wp--preset--spacing--50);padding-left:var(--wp--preset--spacing--50)\">\n<div class=\"wp-block-column is-layout-flow wp-block-column-is-layout-flow\" style=\"flex-basis:50%\"><style>.kadence-column15_06e0ed-5f > .kt-inside-inner-col,.kadence-column15_06e0ed-5f > .kt-inside-inner-col:before{border-top-left-radius:0px;border-top-right-radius:0px;border-bottom-right-radius:0px;border-bottom-left-radius:0px;}.kadence-column15_06e0ed-5f > .kt-inside-inner-col{column-gap:var(--global-kb-gap-sm, 1rem);}.kadence-column15_06e0ed-5f > .kt-inside-inner-col{flex-direction:column;}.kadence-column15_06e0ed-5f > .kt-inside-inner-col > .aligncenter{width:100%;}.kadence-column15_06e0ed-5f > .kt-inside-inner-col:before{opacity:0.3;}.kadence-column15_06e0ed-5f{position:relative;}@media all and (max-width: 1024px){.kadence-column15_06e0ed-5f > .kt-inside-inner-col{flex-direction:column;}}@media all and (max-width: 767px){.kadence-column15_06e0ed-5f > .kt-inside-inner-col{flex-direction:column;}}<\/style>\n<div class=\"wp-block-kadence-column kadence-column15_06e0ed-5f\"><div class=\"kt-inside-inner-col\"><style>.kadence-column15_1f5705-e7 > .kt-inside-inner-col{padding-top:60px;padding-right:60px;padding-bottom:60px;padding-left:60px;}.kadence-column15_1f5705-e7 > .kt-inside-inner-col,.kadence-column15_1f5705-e7 > .kt-inside-inner-col:before{border-top-left-radius:0px;border-top-right-radius:0px;border-bottom-right-radius:80px;border-bottom-left-radius:0px;}.kadence-column15_1f5705-e7 > .kt-inside-inner-col{column-gap:var(--global-kb-gap-sm, 1rem);}.kadence-column15_1f5705-e7 > .kt-inside-inner-col{flex-direction:column;}.kadence-column15_1f5705-e7 > .kt-inside-inner-col > .aligncenter{width:100%;}.kadence-column15_1f5705-e7 > .kt-inside-inner-col{background-color:var(--global-palette8, #F7FAFC);}.kadence-column15_1f5705-e7 > .kt-inside-inner-col:before{opacity:0.3;}.kadence-column15_1f5705-e7{position:relative;}@media all and (max-width: 1024px){.kadence-column15_1f5705-e7 > .kt-inside-inner-col{flex-direction:column;}}@media all and (max-width: 767px){.kadence-column15_1f5705-e7 > .kt-inside-inner-col{padding-top:30px;padding-right:20px;padding-bottom:20px;padding-left:20px;flex-direction:column;}.kadence-column15_1f5705-e7, .kt-inside-inner-col > .kadence-column15_1f5705-e7:not(.specificity){margin-top:0px;margin-right:0px;margin-bottom:0px;margin-left:0px;}}<\/style>\n<div class=\"wp-block-kadence-column kadence-column15_1f5705-e7 inner-column-1\"><div class=\"kt-inside-inner-col\"><style>.kb-image15_a6ac95-da.kb-image-is-ratio-size, .kb-image15_a6ac95-da .kb-image-is-ratio-size{max-width:160px;width:100%;}.wp-block-kadence-column > .kt-inside-inner-col > .kb-image15_a6ac95-da.kb-image-is-ratio-size, .wp-block-kadence-column > .kt-inside-inner-col > .kb-image15_a6ac95-da .kb-image-is-ratio-size{align-self:unset;}.kb-image15_a6ac95-da figure{max-width:160px;}.kb-image15_a6ac95-da .image-is-svg, .kb-image15_a6ac95-da .image-is-svg img{width:100%;}.kb-image15_a6ac95-da .kb-image-has-overlay:after{opacity:0.3;border-top-left-radius:200px;border-top-right-radius:200px;border-bottom-right-radius:200px;border-bottom-left-radius:200px;}.kb-image15_a6ac95-da img.kb-img, .kb-image15_a6ac95-da .kb-img img{border-top-left-radius:200px;border-top-right-radius:200px;border-bottom-right-radius:200px;border-bottom-left-radius:200px;}<\/style>\n<div class=\"wp-block-kadence-image kb-image15_a6ac95-da\"><figure class=\"aligncenter\"><img loading=\"lazy\" decoding=\"async\" width=\"640\" height=\"640\" src=\"https:\/\/renacereditorial.cl\/wp-content\/uploads\/2024\/09\/mina.jpg\" alt=\"\" class=\"kb-img wp-image-616\" srcset=\"https:\/\/renacereditorial.cl\/wp-content\/uploads\/2024\/09\/mina.jpg 640w, https:\/\/renacereditorial.cl\/wp-content\/uploads\/2024\/09\/mina-300x300.jpg 300w, https:\/\/renacereditorial.cl\/wp-content\/uploads\/2024\/09\/mina-150x150.jpg 150w\" sizes=\"auto, (max-width: 640px) 100vw, 640px\" \/><\/figure><\/div>\n\n\n<style>.wp-block-kadence-advancedheading.kt-adv-heading15_924267-d7, .wp-block-kadence-advancedheading.kt-adv-heading15_924267-d7[data-kb-block=\"kb-adv-heading15_924267-d7\"]{text-align:center;font-style:normal;}.wp-block-kadence-advancedheading.kt-adv-heading15_924267-d7 mark.kt-highlight, .wp-block-kadence-advancedheading.kt-adv-heading15_924267-d7[data-kb-block=\"kb-adv-heading15_924267-d7\"] mark.kt-highlight{font-style:normal;color:#f76a0c;-webkit-box-decoration-break:clone;box-decoration-break:clone;padding-top:0px;padding-right:0px;padding-bottom:0px;padding-left:0px;}<\/style>\n<h6 class=\"kt-adv-heading15_924267-d7 wp-block-kadence-advancedheading\" data-kb-block=\"kb-adv-heading15_924267-d7\">Paulina Gonz\u00e1lez<span style=\"caret-color: rgb(0, 0, 0); color: rgb(0, 0, 0); font-family: -webkit-standard; font-size: medium; text-align: start; text-transform: none; white-space: normal;\"><\/span><\/h6>\n<\/div><\/div>\n<\/div><\/div>\n<\/div>\n\n\n\n<div class=\"wp-block-column is-layout-flow wp-block-column-is-layout-flow\" style=\"flex-basis:50%\">\n<p><\/p>\n\n\n<style>.wp-block-kadence-advancedheading.kt-adv-heading15_43b6db-0e, .wp-block-kadence-advancedheading.kt-adv-heading15_43b6db-0e[data-kb-block=\"kb-adv-heading15_43b6db-0e\"]{max-width:510px;padding-top:var(--global-kb-spacing-sm, 1.5rem);text-align:left;font-style:normal;}.wp-block-kadence-advancedheading.kt-adv-heading15_43b6db-0e mark.kt-highlight, .wp-block-kadence-advancedheading.kt-adv-heading15_43b6db-0e[data-kb-block=\"kb-adv-heading15_43b6db-0e\"] mark.kt-highlight{font-style:normal;color:#f76a0c;-webkit-box-decoration-break:clone;box-decoration-break:clone;padding-top:0px;padding-right:0px;padding-bottom:0px;padding-left:0px;}<\/style>\n<p class=\"kt-adv-heading15_43b6db-0e wp-block-kadence-advancedheading\" data-kb-block=\"kb-adv-heading15_43b6db-0e\">Creadora y directora de Editorial Renacer, lidera este equipo con una visi\u00f3n clara y un compromiso inquebrantable hacia los autores. Se encarga de la publicaci\u00f3n de las obras y mantiene un contacto directo con los escritores, gui\u00e1ndolos en cada paso del proceso y asegurando que su experiencia sea tan satisfactoria como el resultado final.<\/p>\n<\/div>\n<\/div>\n\n\n\n<p><\/p>\n","protected":false},"excerpt":{"rendered":"<p>Nuestro Equipo Paulina Gonz\u00e1lez Creadora y directora de Editorial Renacer, lidera este equipo con una visi\u00f3n clara y un compromiso inquebrantable hacia los autores. Se encarga de la publicaci\u00f3n de las obras y mantiene un contacto directo con los escritores, gui\u00e1ndolos en cada paso del proceso y asegurando que su experiencia sea tan satisfactoria como&#8230;<\/p>\n","protected":false},"author":1,"featured_media":0,"parent":0,"menu_order":0,"comment_status":"closed","ping_status":"closed","template":"","meta":{"_kadence_starter_templates_imported_post":true,"_kad_post_transparent":"","_kad_post_title":"hide","_kad_post_layout":"fullwidth","_kad_post_sidebar_id":"","_kad_post_content_style":"unboxed","_kad_post_vertical_padding":"hide","_kad_post_feature":"hide","_kad_post_feature_position":"","_kad_post_header":false,"_kad_post_footer":false,"footnotes":""},"class_list":["post-15","page","type-page","status-publish","hentry"],"_links":{"self":[{"href":"https:\/\/renacereditorial.cl\/index.php\/wp-json\/wp\/v2\/pages\/15","targetHints":{"allow":["GET"]}}],"collection":[{"href":"https:\/\/renacereditorial.cl\/index.php\/wp-json\/wp\/v2\/pages"}],"about":[{"href":"https:\/\/renacereditorial.cl\/index.php\/wp-json\/wp\/v2\/types\/page"}],"author":[{"embeddable":true,"href":"https:\/\/renacereditorial.cl\/index.php\/wp-json\/wp\/v2\/users\/1"}],"replies":[{"embeddable":true,"href":"https:\/\/renacereditorial.cl\/index.php\/wp-json\/wp\/v2\/comments?post=15"}],"version-history":[{"count":20,"href":"https:\/\/renacereditorial.cl\/index.php\/wp-json\/wp\/v2\/pages\/15\/revisions"}],"predecessor-version":[{"id":885,"href":"https:\/\/renacereditorial.cl\/index.php\/wp-json\/wp\/v2\/pages\/15\/revisions\/885"}],"wp:attachment":[{"href":"https:\/\/renacereditorial.cl\/index.php\/wp-json\/wp\/v2\/media?parent=15"}],"curies":[{"name":"wp","href":"https:\/\/api.w.org\/{rel}","templated":true}]}}